{"id":22835,"date":"2025-04-14T10:07:56","date_gmt":"2025-04-14T02:07:56","guid":{"rendered":"https:\/\/sellersunionagent.com\/?post_type=product&#038;p=22835"},"modified":"2025-11-27T18:29:55","modified_gmt":"2025-11-27T10:29:55","slug":"nowe-dekoracje-swiateczne-mikolaj-balwan-lalka-jelen-wyswietlacz-okno-zywica-rzemioslo","status":"publish","type":"product","link":"https:\/\/www.sellersunionagent.com\/pl\/new-christmas-decorations-santa-claus-snowman-doll-deer-window-display-resin-crafts\/","title":{"rendered":"Nowe dekoracje \u015bwi\u0105teczne \u015awi\u0119ty Miko\u0142aj Ba\u0142wan Lalka Jele\u0144 Wy\u015bwietlacz Okno \u017bywica Rzemios\u0142o"},"content":{"rendered":"<h1>Nowe dekoracje \u015bwi\u0105teczne \u015awi\u0119ty Miko\u0142aj Ba\u0142wan Lalka Jele\u0144 Wy\u015bwietlacz Okno \u017bywica Rzemios\u0142o<\/h1>\n<h3>Typ: Dekoracja<br \/>\nNumer artyku\u0142u: YF075-6<br \/>\nRozmiar elementu: 3,2 * 3,2 * 5,2 CM<br \/>\nOpakowanie: pude\u0142ko papierowe<br \/>\nMateria\u0142: \u017bywica<\/h3>\n<ul>\n<li>\n<h3>Wysokiej jako\u015bci wykonanie z \u017cywicy<\/h3>\n<\/li>\n<li>\n<h3>Niedrogie i przyjazne dla bud\u017cetu<\/h3>\n<\/li>\n<li>\n<h3>\u015awi\u0105teczne i stylowe wzory<\/h3>\n<\/li>\n<li>\n<h3>Niezawodna obs\u0142uga klienta<\/h3>\n<\/li>\n<\/ul>\n<p>&nbsp;<\/p>\n<p><img fetchpriority=\"high\" decoding=\"async\" class=\"size-full wp-image-22840 aligncenter\" title=\"Nowe dekoracje \u015bwi\u0105teczne \u015awi\u0119ty Miko\u0142aj Ba\u0142wan Lalka Jele\u0144 Wy\u015bwietlacz Okno \u017bywica Rzemios\u0142o\" src=\"https:\/\/www.sellersunionagent.com\/wp-content\/uploads\/2025\/04\/234-2025041402053076.webp\" alt=\"Nowe dekoracje \u015bwi\u0105teczne \u015awi\u0119ty Miko\u0142aj Ba\u0142wan Lalka Jele\u0144 Wy\u015bwietlacz Okno \u017bywica Rzemios\u0142o\" width=\"800\" height=\"800\" \/><\/p>","protected":false},"excerpt":{"rendered":"<p><strong>MOQ<\/strong>:  1000 szt.<br \/>\n<strong>Bezp\u0142atna pr\u00f3bka<\/strong>:  Obs\u0142ugiwane<br \/>\n<strong>Personalizacja<\/strong>logo \/ kolor \/ materia\u0142y \/ opakowanie itp.<br \/>\n<strong>Zni\u017cka<\/strong>:  Pierwsze zam\u00f3wienia ju\u017c od 10% taniej.<br \/>\n<strong>Wska\u017anik terminowo\u015bci dostaw<\/strong>:\u00a0 100%<br \/>\n<strong>Przesy\u0142ki og\u00f3\u0142em<\/strong>:  10000 szt.<br \/>\n<strong>Wysy\u0142ka<\/strong>: Fracht morski Fracht l\u0105dowy<\/p>","protected":false},"featured_media":22836,"comment_status":"open","ping_status":"closed","template":"","meta":{"_acf_changed":false},"product_brand":[],"product_cat":[235,321],"product_tag":[312],"class_list":{"0":"post-22835","1":"product","2":"type-product","3":"status-publish","4":"has-post-thumbnail","6":"product_cat-christmas-decoration","7":"product_cat-christmas-figurines","8":"product_tag-new-christmas-decorations-santa-claus-snowman-doll-deer-window-display-resin-crafts","10":"first","11":"instock","12":"shipping-taxable","13":"product-type-simple","14":"swiper-slide"},"acf":[],"_links":{"self":[{"href":"https:\/\/www.sellersunionagent.com\/pl\/wp-json\/wp\/v2\/product\/22835","targetHints":{"allow":["GET"]}}],"collection":[{"href":"https:\/\/www.sellersunionagent.com\/pl\/wp-json\/wp\/v2\/product"}],"about":[{"href":"https:\/\/www.sellersunionagent.com\/pl\/wp-json\/wp\/v2\/types\/product"}],"replies":[{"embeddable":true,"href":"https:\/\/www.sellersunionagent.com\/pl\/wp-json\/wp\/v2\/comments?post=22835"}],"wp:featuredmedia":[{"embeddable":true,"href":"https:\/\/www.sellersunionagent.com\/pl\/wp-json\/wp\/v2\/media\/22836"}],"wp:attachment":[{"href":"https:\/\/www.sellersunionagent.com\/pl\/wp-json\/wp\/v2\/media?parent=22835"}],"wp:term":[{"taxonomy":"product_brand","embeddable":true,"href":"https:\/\/www.sellersunionagent.com\/pl\/wp-json\/wp\/v2\/product_brand?post=22835"},{"taxonomy":"product_cat","embeddable":true,"href":"https:\/\/www.sellersunionagent.com\/pl\/wp-json\/wp\/v2\/product_cat?post=22835"},{"taxonomy":"product_tag","embeddable":true,"href":"https:\/\/www.sellersunionagent.com\/pl\/wp-json\/wp\/v2\/product_tag?post=22835"}],"curies":[{"name":"wp","href":"https:\/\/api.w.org\/{rel}","templated":true}]}}