{"id":22812,"date":"2025-11-18T15:37:59","date_gmt":"2025-11-18T07:37:59","guid":{"rendered":"https:\/\/sellersunionagent.com\/?post_type=product&#038;p=22812"},"modified":"2025-11-27T18:29:54","modified_gmt":"2025-11-27T10:29:54","slug":"christmas-decorations-santa-claus-ornaments","status":"publish","type":"product","link":"https:\/\/www.sellersunionagent.com\/pl\/christmas-decorations-santa-claus-ornaments\/","title":{"rendered":"Christmas Decorations Santa Claus Ornaments"},"content":{"rendered":"<h1>Christmas Decorations Santa Claus Ornaments<\/h1>\n<h3>Typ: Ozdoby<br \/>\nItem Number: FY1812T-2<br \/>\nRozmiar elementu: 30 cm<br \/>\nStyle: \u015awi\u0119ty Miko\u0142aj<br \/>\nMateria\u0142: tworzywo sztuczne + tkanina<\/h3>\n<ul>\n<li>\n<h4>Magia \u015awi\u0119tego Miko\u0142aja<\/h4>\n<\/li>\n<li>\n<h4>Wakacyjna rado\u015b\u0107<\/h4>\n<\/li>\n<li>\n<h4>Merry &amp; Bright<\/h4>\n<\/li>\n<li>\n<h4>Christmas Decoratiuon<\/h4>\n<p><img fetchpriority=\"high\" decoding=\"async\" class=\"aligncenter wp-image-22813\" title=\"\u4f01\u4e1a\u5fae\u4fe1\u622a\u56fe 20250408100337 2025040802234493\" src=\"https:\/\/www.sellersunionagent.com\/wp-content\/uploads\/2025\/04\/\u4f01\u4e1a\u5fae\u4fe1\u622a\u56fe_20250408100337-2025040802234493.webp\" alt=\"Christmas Decorations Santa Claus Ornaments\" width=\"600\" height=\"544\" \/><\/p>\n<p><img decoding=\"async\" class=\"aligncenter wp-image-22814\" title=\"\u4f01\u4e1a\u5fae\u4fe1\u622a\u56fe 20250408102025 2025040802234777\" src=\"https:\/\/www.sellersunionagent.com\/wp-content\/uploads\/2025\/04\/\u4f01\u4e1a\u5fae\u4fe1\u622a\u56fe_20250408102025-2025040802234777.webp\" alt=\"Christmas Decorations Santa Claus Ornaments\" width=\"600\" height=\"598\" \/><\/p>\n<p><img decoding=\"async\" class=\"aligncenter wp-image-22815\" title=\"\u4f01\u4e1a\u5fae\u4fe1\u622a\u56fe 20250408102031 2025040802235198\" src=\"https:\/\/www.sellersunionagent.com\/wp-content\/uploads\/2025\/04\/\u4f01\u4e1a\u5fae\u4fe1\u622a\u56fe_20250408102031-2025040802235198.webp\" alt=\"Christmas Decorations Santa Claus Ornaments\" width=\"600\" height=\"592\" \/><\/p>\n<p>&nbsp;<\/li>\n<\/ul>","protected":false},"excerpt":{"rendered":"<p><strong>MOQ<\/strong>:  1000 szt.<br \/>\n<strong>Bezp\u0142atna pr\u00f3bka<\/strong>:  Obs\u0142ugiwane<br \/>\n<strong>Personalizacja<\/strong>logo \/ kolor \/ materia\u0142y \/ opakowanie itp.<br \/>\n<strong>Zni\u017cka<\/strong>:  Pierwsze zam\u00f3wienia ju\u017c od 10% taniej.<br \/>\n<strong>Wska\u017anik terminowo\u015bci dostaw<\/strong>:\u00a0 100%<br \/>\n<strong>Przesy\u0142ki og\u00f3\u0142em<\/strong>:  10000 szt.<br \/>\n<strong>Wysy\u0142ka<\/strong>: Fracht morski Fracht l\u0105dowy<\/p>","protected":false},"featured_media":22817,"comment_status":"open","ping_status":"closed","template":"","meta":{"_acf_changed":false},"product_brand":[],"product_cat":[235,321],"product_tag":[71,43,49,50],"class_list":{"0":"post-22812","1":"product","2":"type-product","3":"status-publish","4":"has-post-thumbnail","6":"product_cat-christmas-decoration","7":"product_cat-christmas-figurines","8":"product_tag-durable","9":"product_tag-fashion","10":"product_tag-good-quality","11":"product_tag-wholesale","13":"first","14":"instock","15":"shipping-taxable","16":"product-type-simple","17":"swiper-slide"},"acf":[],"_links":{"self":[{"href":"https:\/\/www.sellersunionagent.com\/pl\/wp-json\/wp\/v2\/product\/22812","targetHints":{"allow":["GET"]}}],"collection":[{"href":"https:\/\/www.sellersunionagent.com\/pl\/wp-json\/wp\/v2\/product"}],"about":[{"href":"https:\/\/www.sellersunionagent.com\/pl\/wp-json\/wp\/v2\/types\/product"}],"replies":[{"embeddable":true,"href":"https:\/\/www.sellersunionagent.com\/pl\/wp-json\/wp\/v2\/comments?post=22812"}],"wp:featuredmedia":[{"embeddable":true,"href":"https:\/\/www.sellersunionagent.com\/pl\/wp-json\/wp\/v2\/media\/22817"}],"wp:attachment":[{"href":"https:\/\/www.sellersunionagent.com\/pl\/wp-json\/wp\/v2\/media?parent=22812"}],"wp:term":[{"taxonomy":"product_brand","embeddable":true,"href":"https:\/\/www.sellersunionagent.com\/pl\/wp-json\/wp\/v2\/product_brand?post=22812"},{"taxonomy":"product_cat","embeddable":true,"href":"https:\/\/www.sellersunionagent.com\/pl\/wp-json\/wp\/v2\/product_cat?post=22812"},{"taxonomy":"product_tag","embeddable":true,"href":"https:\/\/www.sellersunionagent.com\/pl\/wp-json\/wp\/v2\/product_tag?post=22812"}],"curies":[{"name":"wp","href":"https:\/\/api.w.org\/{rel}","templated":true}]}}