{"id":22805,"date":"2025-11-18T15:37:57","date_gmt":"2025-11-18T07:37:57","guid":{"rendered":"https:\/\/sellersunionagent.com\/?post_type=product&#038;p=22805"},"modified":"2025-11-27T18:29:54","modified_gmt":"2025-11-27T10:29:54","slug":"zabawki-bozonarodzeniowe-ozdoby-mikolaja","status":"publish","type":"product","link":"https:\/\/www.sellersunionagent.com\/pl\/christmas-toy-santa-claus-ornaments\/","title":{"rendered":"Ozdoby \u015bwi\u0105teczne Zabawkowy \u015awi\u0119ty Miko\u0142aj"},"content":{"rendered":"<h1>Ozdoby \u015bwi\u0105teczne Zabawkowy \u015awi\u0119ty Miko\u0142aj<\/h1>\n<h3>Typ: Ozdoby<br \/>\nNumer pozycji: FY1812T-1<br \/>\nRozmiar elementu: 30 cm<br \/>\nStyle: \u015awi\u0119ty Miko\u0142aj<br \/>\nMateria\u0142: tworzywo sztuczne + tkanina<\/h3>\n<ul>\n<li>\n<h4>Magia \u015awi\u0119tego Miko\u0142aja<\/h4>\n<\/li>\n<li>\n<h4>Wakacyjna rado\u015b\u0107<\/h4>\n<\/li>\n<li>\n<h4>Merry &amp; Bright<\/h4>\n<\/li>\n<li>\n<h4>Dekoracje \u015bwi\u0105teczne<\/h4>\n<p><img fetchpriority=\"high\" decoding=\"async\" class=\"aligncenter wp-image-22807\" title=\"\u4f01\u4e1a\u5fae\u4fe1\u622a\u56fe 20250408095016 2025040801574495\" src=\"https:\/\/www.sellersunionagent.com\/wp-content\/uploads\/2025\/04\/\u4f01\u4e1a\u5fae\u4fe1\u622a\u56fe_20250408095016-2025040801574495.webp\" alt=\"Ozdoby \u015bwi\u0105teczne Zabawkowy \u015awi\u0119ty Miko\u0142aj\" width=\"600\" height=\"596\" \/><\/p>\n<p><img decoding=\"async\" class=\"aligncenter wp-image-22808\" title=\"\u4f01\u4e1a\u5fae\u4fe1\u622a\u56fe 20250408095028 2025040801574855\" src=\"https:\/\/www.sellersunionagent.com\/wp-content\/uploads\/2025\/04\/\u4f01\u4e1a\u5fae\u4fe1\u622a\u56fe_20250408095028-2025040801574855.webp\" alt=\"Ozdoby \u015bwi\u0105teczne Zabawkowy \u015awi\u0119ty Miko\u0142aj\" width=\"600\" height=\"628\" \/><\/p>\n<p><img decoding=\"async\" class=\"aligncenter wp-image-22809\" title=\"\u4f01\u4e1a\u5fae\u4fe1\u622a\u56fe 20250408095037 2025040801575153\" src=\"https:\/\/www.sellersunionagent.com\/wp-content\/uploads\/2025\/04\/\u4f01\u4e1a\u5fae\u4fe1\u622a\u56fe_20250408095037-2025040801575153.webp\" alt=\"Ozdoby \u015bwi\u0105teczne Zabawkowy \u015awi\u0119ty Miko\u0142aj\" width=\"600\" height=\"612\" \/><\/li>\n<\/ul>","protected":false},"excerpt":{"rendered":"<p><strong>MOQ<\/strong>:  1000 szt.<br \/><strong>Bezp\u0142atna pr\u00f3bka<\/strong>:  Obs\u0142ugiwane<br \/><strong>Personalizacja<\/strong>logo \/ kolor \/ materia\u0142y \/ opakowanie itp.<br \/><strong>Zni\u017cka<\/strong>:  Pierwsze zam\u00f3wienia ju\u017c od 10% taniej.<br \/><strong>Wska\u017anik terminowo\u015bci dostaw<\/strong>:  100%<br \/><strong>Przesy\u0142ki og\u00f3\u0142em<\/strong>:  10000 szt.<br \/><strong>Wysy\u0142ka<\/strong>: Fracht morski Fracht l\u0105dowy<\/p>","protected":false},"featured_media":22807,"comment_status":"open","ping_status":"closed","template":"","meta":{"_acf_changed":false},"product_brand":[],"product_cat":[235,321],"product_tag":[87,43,49,50],"class_list":{"0":"post-22805","1":"product","2":"type-product","3":"status-publish","4":"has-post-thumbnail","6":"product_cat-christmas-decoration","7":"product_cat-christmas-figurines","8":"product_tag-bulk-wholesale","9":"product_tag-fashion","10":"product_tag-good-quality","11":"product_tag-wholesale","13":"first","14":"instock","15":"shipping-taxable","16":"product-type-simple","17":"swiper-slide"},"acf":[],"_links":{"self":[{"href":"https:\/\/www.sellersunionagent.com\/pl\/wp-json\/wp\/v2\/product\/22805","targetHints":{"allow":["GET"]}}],"collection":[{"href":"https:\/\/www.sellersunionagent.com\/pl\/wp-json\/wp\/v2\/product"}],"about":[{"href":"https:\/\/www.sellersunionagent.com\/pl\/wp-json\/wp\/v2\/types\/product"}],"replies":[{"embeddable":true,"href":"https:\/\/www.sellersunionagent.com\/pl\/wp-json\/wp\/v2\/comments?post=22805"}],"wp:featuredmedia":[{"embeddable":true,"href":"https:\/\/www.sellersunionagent.com\/pl\/wp-json\/wp\/v2\/media\/22807"}],"wp:attachment":[{"href":"https:\/\/www.sellersunionagent.com\/pl\/wp-json\/wp\/v2\/media?parent=22805"}],"wp:term":[{"taxonomy":"product_brand","embeddable":true,"href":"https:\/\/www.sellersunionagent.com\/pl\/wp-json\/wp\/v2\/product_brand?post=22805"},{"taxonomy":"product_cat","embeddable":true,"href":"https:\/\/www.sellersunionagent.com\/pl\/wp-json\/wp\/v2\/product_cat?post=22805"},{"taxonomy":"product_tag","embeddable":true,"href":"https:\/\/www.sellersunionagent.com\/pl\/wp-json\/wp\/v2\/product_tag?post=22805"}],"curies":[{"name":"wp","href":"https:\/\/api.w.org\/{rel}","templated":true}]}}