{"id":22788,"date":"2025-03-31T17:03:58","date_gmt":"2025-03-31T09:03:58","guid":{"rendered":"https:\/\/sellersunionagent.com\/?post_type=product&#038;p=22788"},"modified":"2025-11-28T10:38:21","modified_gmt":"2025-11-28T02:38:21","slug":"dekoracje-swiateczne-mikolaj-balwan-jelen-torba-prezentowa","status":"publish","type":"product","link":"https:\/\/www.sellersunionagent.com\/pl\/christmas-decorations-santa-claus-snowman-deer-gift-bag\/","title":{"rendered":"Ozdoby \u015bwi\u0105teczne Miko\u0142aj Ba\u0142wan Jele\u0144 Torba na prezenty"},"content":{"rendered":"<h1>Ozdoby \u015bwi\u0105teczne Miko\u0142aj Ba\u0142wan Jele\u0144 Torba na prezenty<\/h1>\n<h3>Typ: Torba<br \/>\nNumer artyku\u0142u: 60055-1<br \/>\nRozmiar elementu: 20*20 cm<br \/>\nStyle: starzec\/snowman\/jele\u0144\/nied\u017awied\u017a<br \/>\nMateria\u0142: len<\/h3>\n<ul>\n<li>\n<h3>Charm 3 w 1: Prezent, dekoracja i przechowywanie<\/h3>\n<\/li>\n<li>\n<h3>Tkanina premium, magiczny prezent<\/h3>\n<\/li>\n<li>\n<h3>Weso\u0142e i wytrzyma\u0142e noside\u0142ka wakacyjne<\/h3>\n<\/li>\n<li>\n<h3>Czaruj\u0105ce wzory, rado\u015b\u0107 przyjazna dla portfela<\/h3>\n<\/li>\n<\/ul>\n<p>&nbsp;<\/p>\n<p>&nbsp;<\/p>\n<p><img fetchpriority=\"high\" decoding=\"async\" class=\"wp-image-22794 aligncenter\" title=\"Ozdoby \u015bwi\u0105teczne Miko\u0142aj Ba\u0142wan Jele\u0144 Torba na prezenty\" src=\"https:\/\/www.sellersunionagent.com\/wp-content\/uploads\/2025\/03\/O1CN01iz3OLd1tAqd9KaAoW_2216813615862-0-cib-2025033109022256.webp\" alt=\"Ozdoby \u015bwi\u0105teczne Miko\u0142aj Ba\u0142wan Jele\u0144 Torba na prezenty\" width=\"721\" height=\"800\" \/><\/p>","protected":false},"excerpt":{"rendered":"<p><strong>MOQ<\/strong>:  1000 szt.<br \/>\n<strong>Bezp\u0142atna pr\u00f3bka<\/strong>:  Obs\u0142ugiwane<br \/>\n<strong>Personalizacja<\/strong>logo \/ kolor \/ materia\u0142y \/ opakowanie itp.<br \/>\n<strong>Zni\u017cka<\/strong>:  Pierwsze zam\u00f3wienia ju\u017c od 10% taniej.<br \/>\n<strong>Wska\u017anik terminowo\u015bci dostaw<\/strong>:\u00a0 100%<br \/>\n<strong>Przesy\u0142ki og\u00f3\u0142em<\/strong>:  10000 szt.<br \/>\n<strong>Wysy\u0142ka<\/strong>: Fracht morski Fracht l\u0105dowy<\/p>","protected":false},"featured_media":22789,"comment_status":"open","ping_status":"closed","template":"","meta":{"_acf_changed":false},"product_brand":[],"product_cat":[235,323],"product_tag":[311],"class_list":{"0":"post-22788","1":"product","2":"type-product","3":"status-publish","4":"has-post-thumbnail","6":"product_cat-christmas-decoration","7":"product_cat-christmas-textiles","8":"product_tag-christmas-decorations-santa-claus-snowman-deer-gift-bag","10":"first","11":"instock","12":"shipping-taxable","13":"product-type-simple","14":"swiper-slide"},"acf":[],"_links":{"self":[{"href":"https:\/\/www.sellersunionagent.com\/pl\/wp-json\/wp\/v2\/product\/22788","targetHints":{"allow":["GET"]}}],"collection":[{"href":"https:\/\/www.sellersunionagent.com\/pl\/wp-json\/wp\/v2\/product"}],"about":[{"href":"https:\/\/www.sellersunionagent.com\/pl\/wp-json\/wp\/v2\/types\/product"}],"replies":[{"embeddable":true,"href":"https:\/\/www.sellersunionagent.com\/pl\/wp-json\/wp\/v2\/comments?post=22788"}],"wp:featuredmedia":[{"embeddable":true,"href":"https:\/\/www.sellersunionagent.com\/pl\/wp-json\/wp\/v2\/media\/22789"}],"wp:attachment":[{"href":"https:\/\/www.sellersunionagent.com\/pl\/wp-json\/wp\/v2\/media?parent=22788"}],"wp:term":[{"taxonomy":"product_brand","embeddable":true,"href":"https:\/\/www.sellersunionagent.com\/pl\/wp-json\/wp\/v2\/product_brand?post=22788"},{"taxonomy":"product_cat","embeddable":true,"href":"https:\/\/www.sellersunionagent.com\/pl\/wp-json\/wp\/v2\/product_cat?post=22788"},{"taxonomy":"product_tag","embeddable":true,"href":"https:\/\/www.sellersunionagent.com\/pl\/wp-json\/wp\/v2\/product_tag?post=22788"}],"curies":[{"name":"wp","href":"https:\/\/api.w.org\/{rel}","templated":true}]}}