{"id":22768,"date":"2025-11-18T15:38:00","date_gmt":"2025-11-18T07:38:00","guid":{"rendered":"https:\/\/sellersunionagent.com\/?post_type=product&#038;p=22768"},"modified":"2025-11-27T18:24:45","modified_gmt":"2025-11-27T10:24:45","slug":"christmas-wreath-welcome-sign-door-decoration-pendant","status":"publish","type":"product","link":"https:\/\/www.sellersunionagent.com\/pl\/christmas-wreath-welcome-sign-door-decoration-pendant\/","title":{"rendered":"Christmas Wreath Welcome Sign Door Decoration Pendant"},"content":{"rendered":"<h1>Christmas Wreath Welcome Sign Door Decoration Pendant<\/h1>\n<h3>Typ: dekoracja<\/h3>\n<h3>Numer artyku\u0142u: srjt-3<\/h3>\n<h3>Item Size: 46*46cm<\/h3>\n<h3>Colors: green<\/h3>\n<h3>Materia\u0142: tworzywo sztuczne<\/h3>\n<p>&nbsp;<\/p>\n<ul>\n<li>\n<h4>\u015awi\u0105teczny wystr\u00f3j<\/h4>\n<\/li>\n<li>\n<h4>\u015awi\u0105teczny nastr\u00f3j<\/h4>\n<\/li>\n<li>\n<h4>Ozdoby do okien i drzwi<\/h4>\n<h4><\/h4>\n<h4><img fetchpriority=\"high\" decoding=\"async\" class=\"aligncenter wp-image-22772\" title=\"\u4f01\u4e1a\u5fae\u4fe1\u622a\u56fe 20250325182355 2025032510263284\" src=\"https:\/\/www.sellersunionagent.com\/wp-content\/uploads\/2025\/03\/\u4f01\u4e1a\u5fae\u4fe1\u622a\u56fe_20250325182355-2025032510263284.webp\" alt=\"Christmas Wreath Welcome Sign Door Decoration Pendant\" width=\"600\" height=\"591\" \/><\/h4>\n<p><img decoding=\"async\" class=\"aligncenter wp-image-22773\" title=\"\u4f01\u4e1a\u5fae\u4fe1\u622a\u56fe 20250325182404 2025032510263645\" src=\"https:\/\/www.sellersunionagent.com\/wp-content\/uploads\/2025\/03\/\u4f01\u4e1a\u5fae\u4fe1\u622a\u56fe_20250325182404-2025032510263645.webp\" alt=\"Christmas Wreath Welcome Sign Door Decoration Pendant\" width=\"600\" height=\"564\" \/><\/p>\n<p><img decoding=\"async\" class=\"aligncenter wp-image-22774\" title=\"\u4f01\u4e1a\u5fae\u4fe1\u622a\u56fe 20250325182418 2025032510263953\" src=\"https:\/\/www.sellersunionagent.com\/wp-content\/uploads\/2025\/03\/\u4f01\u4e1a\u5fae\u4fe1\u622a\u56fe_20250325182418-2025032510263953.webp\" alt=\"Christmas Wreath Welcome Sign Door Decoration Pendant\" width=\"600\" height=\"605\" \/><\/li>\n<\/ul>","protected":false},"excerpt":{"rendered":"<p><strong>MOQ<\/strong>:  1000 szt.<br \/>\n<strong>Bezp\u0142atna pr\u00f3bka<\/strong>:  Obs\u0142ugiwane<br \/>\n<strong>Personalizacja<\/strong>logo \/ kolor \/ materia\u0142y \/ opakowanie itp.<br \/>\n<strong>Zni\u017cka<\/strong>:  Pierwsze zam\u00f3wienia ju\u017c od 10% taniej.<br \/>\n<strong>Wska\u017anik terminowo\u015bci dostaw<\/strong>:\u00a0 100%<br \/>\n<strong>Przesy\u0142ki og\u00f3\u0142em<\/strong>:  10000 szt.<br \/>\n<strong>Wysy\u0142ka<\/strong>: Fracht morski Fracht l\u0105dowy<\/p>","protected":false},"featured_media":22769,"comment_status":"open","ping_status":"closed","template":"","meta":{"_acf_changed":false},"product_brand":[],"product_cat":[235,320],"product_tag":[87,43,49,50],"class_list":{"0":"post-22768","1":"product","2":"type-product","3":"status-publish","4":"has-post-thumbnail","6":"product_cat-christmas-decoration","7":"product_cat-christmas-wreaths","8":"product_tag-bulk-wholesale","9":"product_tag-fashion","10":"product_tag-good-quality","11":"product_tag-wholesale","13":"first","14":"instock","15":"shipping-taxable","16":"product-type-simple","17":"swiper-slide"},"acf":[],"_links":{"self":[{"href":"https:\/\/www.sellersunionagent.com\/pl\/wp-json\/wp\/v2\/product\/22768","targetHints":{"allow":["GET"]}}],"collection":[{"href":"https:\/\/www.sellersunionagent.com\/pl\/wp-json\/wp\/v2\/product"}],"about":[{"href":"https:\/\/www.sellersunionagent.com\/pl\/wp-json\/wp\/v2\/types\/product"}],"replies":[{"embeddable":true,"href":"https:\/\/www.sellersunionagent.com\/pl\/wp-json\/wp\/v2\/comments?post=22768"}],"wp:featuredmedia":[{"embeddable":true,"href":"https:\/\/www.sellersunionagent.com\/pl\/wp-json\/wp\/v2\/media\/22769"}],"wp:attachment":[{"href":"https:\/\/www.sellersunionagent.com\/pl\/wp-json\/wp\/v2\/media?parent=22768"}],"wp:term":[{"taxonomy":"product_brand","embeddable":true,"href":"https:\/\/www.sellersunionagent.com\/pl\/wp-json\/wp\/v2\/product_brand?post=22768"},{"taxonomy":"product_cat","embeddable":true,"href":"https:\/\/www.sellersunionagent.com\/pl\/wp-json\/wp\/v2\/product_cat?post=22768"},{"taxonomy":"product_tag","embeddable":true,"href":"https:\/\/www.sellersunionagent.com\/pl\/wp-json\/wp\/v2\/product_tag?post=22768"}],"curies":[{"name":"wp","href":"https:\/\/api.w.org\/{rel}","templated":true}]}}