{"id":22718,"date":"2025-03-19T10:07:17","date_gmt":"2025-03-19T02:07:17","guid":{"rendered":"https:\/\/sellersunionagent.com\/?post_type=product&#038;p=22718"},"modified":"2025-11-28T10:29:12","modified_gmt":"2025-11-28T02:29:12","slug":"creative-christmas-ceramic-cup-with-lid-high-value-household-couple-water-cup-gift-box","status":"publish","type":"product","link":"https:\/\/www.sellersunionagent.com\/pl\/creative-christmas-ceramic-cup-with-lid-high-value-household-couple-water-cup-gift-box\/","title":{"rendered":"Creative Christmas Ceramic Cup with Lid, High-value Household Couple Water Cup Gift Box"},"content":{"rendered":"<h1>Creative Christmas Ceramic Cup with Lid, High-value Household Couple Water Cup Gift Box<\/h1>\n<h3>Typ: Puchar<br \/>\nItem Number: 2402<br \/>\nItem Size: 9.4*8.6cm\uff1b400ml<br \/>\nKolory: czerwony\/zielony<br \/>\nMateria\u0142: ceramika<\/h3>\n<p>&nbsp;<\/p>\n<ul>\n<li>\n<h3>Bezkonkurencyjna jako\u015b\u0107 na niezapomniane wakacje<\/h3>\n<\/li>\n<li>\n<h3>Luksus w przyst\u0119pnej cenie na \u015bwi\u0105teczny st\u00f3\u0142<\/h3>\n<\/li>\n<li>\n<h3>Stylowe \u015bwi\u0119towanie bez rozbijania banku<\/h3>\n<\/li>\n<li>\n<h3>Magia \u015bwi\u0105t w wyj\u0105tkowej cenie<\/h3>\n<\/li>\n<\/ul>\n<p>&nbsp;<\/p>\n<p>&nbsp;<\/p>\n<p><img fetchpriority=\"high\" decoding=\"async\" class=\"wp-image-22723 aligncenter\" title=\"Creative Christmas Ceramic Cup with Lid, High-value Household Couple Water Cup Gift Box\" src=\"https:\/\/www.sellersunionagent.com\/wp-content\/uploads\/2025\/03\/O1CN01ehLHLx1MW1itzdwuf_2207841601441-0-cib-2025031902012487.webp\" alt=\"Creative Christmas Ceramic Cup with Lid, High-value Household Couple Water Cup Gift Box\" width=\"600\" height=\"600\" \/><\/p>","protected":false},"excerpt":{"rendered":"<p><strong>MOQ<\/strong>:  1000 szt.<br \/>\n<strong>Bezp\u0142atna pr\u00f3bka<\/strong>:  Obs\u0142ugiwane<br \/>\n<strong>Personalizacja<\/strong>logo \/ kolor \/ materia\u0142y \/ opakowanie itp.<br \/>\n<strong>Zni\u017cka<\/strong>:  Pierwsze zam\u00f3wienia ju\u017c od 10% taniej.<br \/>\n<strong>Wska\u017anik terminowo\u015bci dostaw<\/strong>:\u00a0 100%<br \/>\n<strong>Przesy\u0142ki og\u00f3\u0142em<\/strong>:  10000 szt.<br \/>\n<strong>Wysy\u0142ka<\/strong>: Fracht morski Fracht l\u0105dowy<\/p>","protected":false},"featured_media":22719,"comment_status":"open","ping_status":"closed","template":"","meta":{"_acf_changed":false},"product_brand":[],"product_cat":[235,322],"product_tag":[306,307],"class_list":{"0":"post-22718","1":"product","2":"type-product","3":"status-publish","4":"has-post-thumbnail","6":"product_cat-christmas-decoration","7":"product_cat-christmas-gift","8":"product_tag-creative-christmas-ceramic-cup-with-lid","9":"product_tag-high-value-household-couple-water-cup-gift-box","11":"first","12":"instock","13":"shipping-taxable","14":"product-type-simple","15":"swiper-slide"},"acf":[],"_links":{"self":[{"href":"https:\/\/www.sellersunionagent.com\/pl\/wp-json\/wp\/v2\/product\/22718","targetHints":{"allow":["GET"]}}],"collection":[{"href":"https:\/\/www.sellersunionagent.com\/pl\/wp-json\/wp\/v2\/product"}],"about":[{"href":"https:\/\/www.sellersunionagent.com\/pl\/wp-json\/wp\/v2\/types\/product"}],"replies":[{"embeddable":true,"href":"https:\/\/www.sellersunionagent.com\/pl\/wp-json\/wp\/v2\/comments?post=22718"}],"wp:featuredmedia":[{"embeddable":true,"href":"https:\/\/www.sellersunionagent.com\/pl\/wp-json\/wp\/v2\/media\/22719"}],"wp:attachment":[{"href":"https:\/\/www.sellersunionagent.com\/pl\/wp-json\/wp\/v2\/media?parent=22718"}],"wp:term":[{"taxonomy":"product_brand","embeddable":true,"href":"https:\/\/www.sellersunionagent.com\/pl\/wp-json\/wp\/v2\/product_brand?post=22718"},{"taxonomy":"product_cat","embeddable":true,"href":"https:\/\/www.sellersunionagent.com\/pl\/wp-json\/wp\/v2\/product_cat?post=22718"},{"taxonomy":"product_tag","embeddable":true,"href":"https:\/\/www.sellersunionagent.com\/pl\/wp-json\/wp\/v2\/product_tag?post=22718"}],"curies":[{"name":"wp","href":"https:\/\/api.w.org\/{rel}","templated":true}]}}