{"id":22699,"date":"2025-03-19T09:37:44","date_gmt":"2025-03-19T01:37:44","guid":{"rendered":"https:\/\/sellersunionagent.com\/?post_type=product&#038;p=22699"},"modified":"2025-11-28T10:29:13","modified_gmt":"2025-11-28T02:29:13","slug":"ins-christmas-atmosphere-glass-cup-cute-snowman-cartoon-juice-cup-milk-cup-breakfast-cup","status":"publish","type":"product","link":"https:\/\/www.sellersunionagent.com\/pl\/ins-christmas-atmosphere-glass-cup-cute-snowman-cartoon-juice-cup-milk-cup-breakfast-cup\/","title":{"rendered":"Ins Christmas Atmosphere Glass Cup Cute Snowman Cartoon Juice Cup Milk Cup Breakfast Cup"},"content":{"rendered":"<h1>Ins Christmas Atmosphere Glass Cup Cute Snowman Cartoon Juice Cup Milk Cup Breakfast Cup<\/h1>\n<h3>Type: Glass cup<br \/>\nItem Number: qk-01<br \/>\nItem Size: 300ml\uff1b350g\uff1b8*10cm<br \/>\nColors: transparent<br \/>\nMaterial: glass<\/h3>\n<p>&nbsp;<\/p>\n<ul>\n<li>\n<h3>Exquisite Holiday Design<\/h3>\n<\/li>\n<li>\n<h3>Festive Elegance in Every Sip<\/h3>\n<\/li>\n<li>\n<h3>Premium Quality at an Affordable Price<\/h3>\n<\/li>\n<li>\n<h3>Durable Craftsmanship<\/h3>\n<\/li>\n<\/ul>\n<p>&nbsp;<\/p>\n<p><img fetchpriority=\"high\" decoding=\"async\" class=\"wp-image-22704 aligncenter\" title=\"Ins Christmas Atmosphere Glass Cup Cute Snowman Cartoon Juice Cup Milk Cup Breakfast Cup\" src=\"https:\/\/www.sellersunionagent.com\/wp-content\/uploads\/2025\/03\/O1CN01h76i4q2McRT6WGxMQ_2211255749848-0-cib-2025031901343322.webp\" alt=\"Ins Christmas Atmosphere Glass Cup Cute Snowman Cartoon Juice Cup Milk Cup Breakfast Cup\" width=\"600\" height=\"600\" \/><\/p>\n<p>&nbsp;<\/p>","protected":false},"excerpt":{"rendered":"<p><strong>MOQ<\/strong>:  1000 szt.<br \/>\n<strong>Bezp\u0142atna pr\u00f3bka<\/strong>:  Obs\u0142ugiwane<br \/>\n<strong>Personalizacja<\/strong>logo \/ kolor \/ materia\u0142y \/ opakowanie itp.<br \/>\n<strong>Zni\u017cka<\/strong>:  Pierwsze zam\u00f3wienia ju\u017c od 10% taniej.<br \/>\n<strong>Wska\u017anik terminowo\u015bci dostaw<\/strong>:\u00a0 100%<br \/>\n<strong>Przesy\u0142ki og\u00f3\u0142em<\/strong>:  10000 szt.<br \/>\n<strong>Wysy\u0142ka<\/strong>: Fracht morski Fracht l\u0105dowy<\/p>","protected":false},"featured_media":22700,"comment_status":"open","ping_status":"closed","template":"","meta":{"_acf_changed":false},"product_brand":[],"product_cat":[235,322],"product_tag":[304],"class_list":{"0":"post-22699","1":"product","2":"type-product","3":"status-publish","4":"has-post-thumbnail","6":"product_cat-christmas-decoration","7":"product_cat-christmas-gift","8":"product_tag-ins-christmas-atmosphere-glass-cup-cute-snowman-cartoon-juice-cup-milk-cup-breakfast-cup","10":"first","11":"instock","12":"shipping-taxable","13":"product-type-simple","14":"swiper-slide"},"acf":[],"_links":{"self":[{"href":"https:\/\/www.sellersunionagent.com\/pl\/wp-json\/wp\/v2\/product\/22699","targetHints":{"allow":["GET"]}}],"collection":[{"href":"https:\/\/www.sellersunionagent.com\/pl\/wp-json\/wp\/v2\/product"}],"about":[{"href":"https:\/\/www.sellersunionagent.com\/pl\/wp-json\/wp\/v2\/types\/product"}],"replies":[{"embeddable":true,"href":"https:\/\/www.sellersunionagent.com\/pl\/wp-json\/wp\/v2\/comments?post=22699"}],"wp:featuredmedia":[{"embeddable":true,"href":"https:\/\/www.sellersunionagent.com\/pl\/wp-json\/wp\/v2\/media\/22700"}],"wp:attachment":[{"href":"https:\/\/www.sellersunionagent.com\/pl\/wp-json\/wp\/v2\/media?parent=22699"}],"wp:term":[{"taxonomy":"product_brand","embeddable":true,"href":"https:\/\/www.sellersunionagent.com\/pl\/wp-json\/wp\/v2\/product_brand?post=22699"},{"taxonomy":"product_cat","embeddable":true,"href":"https:\/\/www.sellersunionagent.com\/pl\/wp-json\/wp\/v2\/product_cat?post=22699"},{"taxonomy":"product_tag","embeddable":true,"href":"https:\/\/www.sellersunionagent.com\/pl\/wp-json\/wp\/v2\/product_tag?post=22699"}],"curies":[{"name":"wp","href":"https:\/\/api.w.org\/{rel}","templated":true}]}}