{"id":22664,"date":"2025-03-11T17:31:42","date_gmt":"2025-03-11T09:31:42","guid":{"rendered":"https:\/\/sellersunionagent.com\/?post_type=product&#038;p=22664"},"modified":"2025-11-27T18:40:52","modified_gmt":"2025-11-27T10:40:52","slug":"macaron-christmas-colorful-holiday-decorations-christmas-tree-ornaments","status":"publish","type":"product","link":"https:\/\/www.sellersunionagent.com\/pl\/macaron-christmas-colorful-holiday-decorations-christmas-tree-ornaments\/","title":{"rendered":"Macaron Christmas Colorful Holiday Decorations Christmas Tree Ornaments"},"content":{"rendered":"<h1>Macaron Christmas Colorful Holiday Decorations Christmas Tree Ornaments<\/h1>\n<h3>Typ: dekoracja<\/h3>\n<h3>Numer artyku\u0142u: srjt-3<\/h3>\n<h3>Item Size: 37.7*32.5*8CM<\/h3>\n<h3>Materia\u0142: tworzywo sztuczne<\/h3>\n<p>&nbsp;<\/p>\n<ul>\n<li>\n<h4>\u015awi\u0105teczny blask<\/h4>\n<\/li>\n<li>\n<h4>Elegancki \u015bwi\u0105teczny urok<\/h4>\n<\/li>\n<li>\n<h4>Trwa\u0142e ozdoby choinkowe<\/h4>\n<p><img fetchpriority=\"high\" decoding=\"async\" class=\"aligncenter wp-image-22671\" title=\"\u4f01\u4e1a\u5fae\u4fe1\u622a\u56fe 20250311172355 2025031109291437\" src=\"https:\/\/www.sellersunionagent.com\/wp-content\/uploads\/2025\/03\/\u4f01\u4e1a\u5fae\u4fe1\u622a\u56fe_20250311172355-2025031109291437.webp\" alt=\"Macaron Christmas Colorful Holiday Decorations Christmas Tree Ornaments\" width=\"600\" height=\"585\" \/><\/p>\n<p><img decoding=\"async\" class=\"aligncenter wp-image-22672\" title=\"\u4f01\u4e1a\u5fae\u4fe1\u622a\u56fe 20250311172421 2025031109291993\" src=\"https:\/\/www.sellersunionagent.com\/wp-content\/uploads\/2025\/03\/\u4f01\u4e1a\u5fae\u4fe1\u622a\u56fe_20250311172421-2025031109291993.webp\" alt=\"Macaron Christmas Colorful Holiday Decorations Christmas Tree Ornaments\" width=\"600\" height=\"495\" \/><\/p>\n<p><img decoding=\"async\" class=\"aligncenter wp-image-22673\" title=\"\u4f01\u4e1a\u5fae\u4fe1\u622a\u56fe 20250311172442 2025031109293770\" src=\"https:\/\/www.sellersunionagent.com\/wp-content\/uploads\/2025\/03\/\u4f01\u4e1a\u5fae\u4fe1\u622a\u56fe_20250311172442-2025031109293770.webp\" alt=\"Macaron Christmas Colorful Holiday Decorations Christmas Tree Ornaments\" width=\"600\" height=\"555\" \/><\/li>\n<\/ul>","protected":false},"excerpt":{"rendered":"<p><strong>MOQ<\/strong>:  1000 szt.<br \/>\n<strong>Bezp\u0142atna pr\u00f3bka<\/strong>:  Obs\u0142ugiwane<br \/>\n<strong>Personalizacja<\/strong>logo \/ kolor \/ materia\u0142y \/ opakowanie itp.<br \/>\n<strong>Zni\u017cka<\/strong>:  Pierwsze zam\u00f3wienia ju\u017c od 10% taniej.<br \/>\n<strong>Wska\u017anik terminowo\u015bci dostaw<\/strong>:\u00a0 100%<br \/>\n<strong>Przesy\u0142ki og\u00f3\u0142em<\/strong>:  10000 szt.<br \/>\n<strong>Wysy\u0142ka<\/strong>: Fracht morski Fracht l\u0105dowy<\/p>","protected":false},"featured_media":22667,"comment_status":"open","ping_status":"closed","template":"","meta":{"_acf_changed":false},"product_brand":[],"product_cat":[235,318],"product_tag":[87,43,49,42],"class_list":{"0":"post-22664","1":"product","2":"type-product","3":"status-publish","4":"has-post-thumbnail","6":"product_cat-christmas-decoration","7":"product_cat-christmas-tree-ornaments","8":"product_tag-bulk-wholesale","9":"product_tag-fashion","10":"product_tag-good-quality","11":"product_tag-high-quality","13":"first","14":"instock","15":"shipping-taxable","16":"product-type-simple","17":"swiper-slide"},"acf":[],"_links":{"self":[{"href":"https:\/\/www.sellersunionagent.com\/pl\/wp-json\/wp\/v2\/product\/22664","targetHints":{"allow":["GET"]}}],"collection":[{"href":"https:\/\/www.sellersunionagent.com\/pl\/wp-json\/wp\/v2\/product"}],"about":[{"href":"https:\/\/www.sellersunionagent.com\/pl\/wp-json\/wp\/v2\/types\/product"}],"replies":[{"embeddable":true,"href":"https:\/\/www.sellersunionagent.com\/pl\/wp-json\/wp\/v2\/comments?post=22664"}],"wp:featuredmedia":[{"embeddable":true,"href":"https:\/\/www.sellersunionagent.com\/pl\/wp-json\/wp\/v2\/media\/22667"}],"wp:attachment":[{"href":"https:\/\/www.sellersunionagent.com\/pl\/wp-json\/wp\/v2\/media?parent=22664"}],"wp:term":[{"taxonomy":"product_brand","embeddable":true,"href":"https:\/\/www.sellersunionagent.com\/pl\/wp-json\/wp\/v2\/product_brand?post=22664"},{"taxonomy":"product_cat","embeddable":true,"href":"https:\/\/www.sellersunionagent.com\/pl\/wp-json\/wp\/v2\/product_cat?post=22664"},{"taxonomy":"product_tag","embeddable":true,"href":"https:\/\/www.sellersunionagent.com\/pl\/wp-json\/wp\/v2\/product_tag?post=22664"}],"curies":[{"name":"wp","href":"https:\/\/api.w.org\/{rel}","templated":true}]}}