{"id":22612,"date":"2025-03-04T17:52:26","date_gmt":"2025-03-04T09:52:26","guid":{"rendered":"https:\/\/sellersunionagent.com\/?post_type=product&#038;p=22612"},"modified":"2025-11-27T18:24:46","modified_gmt":"2025-11-27T10:24:46","slug":"christmas-decoration-rattan-artificial-rattan","status":"publish","type":"product","link":"https:\/\/www.sellersunionagent.com\/pl\/christmas-decoration-rattan-artificial-rattan\/","title":{"rendered":"Christmas Decoration Rattan Artificial Rattan"},"content":{"rendered":"<h1>Christmas Decoration Rattan Artificial Rattan<\/h1>\n<h3>Typ: dekoracja<\/h3>\n<h3>Numer artyku\u0142u: srjt-2<\/h3>\n<h3>Rozmiar elementu: 2,7 m<\/h3>\n<h3>Colors: (Red fruit, Red ball, pine cone) \/(Golden fruit, White ball, pine cone) \/(Golden fruit, golden ball, pine cone)<\/h3>\n<h3>Materia\u0142: PCV<\/h3>\n<p>&nbsp;<\/p>\n<ul>\n<li>\n<h4>Eco-Friendly Rattan<\/h4>\n<\/li>\n<li>\n<h4>Durable Design<\/h4>\n<\/li>\n<li>\n<h4>Weather-Resistant Material<\/h4>\n<\/li>\n<li>\n<h4>Timeless Elegance<\/h4>\n<p><img fetchpriority=\"high\" decoding=\"async\" class=\"aligncenter wp-image-22615\" title=\"\u4f01\u4e1a\u5fae\u4fe1\u622a\u56fe 20250304174453 2025030409493293\" src=\"https:\/\/www.sellersunionagent.com\/wp-content\/uploads\/2025\/03\/\u4f01\u4e1a\u5fae\u4fe1\u622a\u56fe_20250304174453-2025030409493293.webp\" alt=\"Christmas Decoration Rattan Artificial Rattan\" width=\"600\" height=\"586\" \/><\/p>\n<p><img decoding=\"async\" class=\"aligncenter wp-image-22614\" title=\"\u4f01\u4e1a\u5fae\u4fe1\u622a\u56fe 20250304174431 2025030409492972\" src=\"https:\/\/www.sellersunionagent.com\/wp-content\/uploads\/2025\/03\/\u4f01\u4e1a\u5fae\u4fe1\u622a\u56fe_20250304174431-2025030409492972.webp\" alt=\"Christmas Decoration Rattan Artificial Rattan\" width=\"600\" height=\"444\" \/><\/p>\n<p><img decoding=\"async\" class=\"aligncenter wp-image-22613\" title=\"\u4f01\u4e1a\u5fae\u4fe1\u622a\u56fe 20250304174404 2025030409491932\" src=\"https:\/\/www.sellersunionagent.com\/wp-content\/uploads\/2025\/03\/\u4f01\u4e1a\u5fae\u4fe1\u622a\u56fe_20250304174404-2025030409491932.webp\" alt=\"Christmas Decoration Rattan Artificial Rattan\" width=\"600\" height=\"590\" \/><\/li>\n<\/ul>","protected":false},"excerpt":{"rendered":"<p><strong>MOQ<\/strong>:  1000 szt.<br \/>\n<strong>Bezp\u0142atna pr\u00f3bka<\/strong>:  Obs\u0142ugiwane<br \/>\n<strong>Personalizacja<\/strong>logo \/ kolor \/ materia\u0142y \/ opakowanie itp.<br \/>\n<strong>Zni\u017cka<\/strong>:  Pierwsze zam\u00f3wienia ju\u017c od 10% taniej.<br \/>\n<strong>Wska\u017anik terminowo\u015bci dostaw<\/strong>:\u00a0 100%<br \/>\n<strong>Przesy\u0142ki og\u00f3\u0142em<\/strong>:  10000 szt.<br \/>\n<strong>Wysy\u0142ka<\/strong>: Fracht morski Fracht l\u0105dowy<\/p>","protected":false},"featured_media":22616,"comment_status":"open","ping_status":"closed","template":"","meta":{"_acf_changed":false},"product_brand":[],"product_cat":[235,320],"product_tag":[87,42,50,99],"class_list":{"0":"post-22612","1":"product","2":"type-product","3":"status-publish","4":"has-post-thumbnail","6":"product_cat-christmas-decoration","7":"product_cat-christmas-wreaths","8":"product_tag-bulk-wholesale","9":"product_tag-high-quality","10":"product_tag-wholesale","11":"product_tag-wholesale-maker-from-china","13":"first","14":"instock","15":"shipping-taxable","16":"product-type-simple","17":"swiper-slide"},"acf":[],"_links":{"self":[{"href":"https:\/\/www.sellersunionagent.com\/pl\/wp-json\/wp\/v2\/product\/22612","targetHints":{"allow":["GET"]}}],"collection":[{"href":"https:\/\/www.sellersunionagent.com\/pl\/wp-json\/wp\/v2\/product"}],"about":[{"href":"https:\/\/www.sellersunionagent.com\/pl\/wp-json\/wp\/v2\/types\/product"}],"replies":[{"embeddable":true,"href":"https:\/\/www.sellersunionagent.com\/pl\/wp-json\/wp\/v2\/comments?post=22612"}],"wp:featuredmedia":[{"embeddable":true,"href":"https:\/\/www.sellersunionagent.com\/pl\/wp-json\/wp\/v2\/media\/22616"}],"wp:attachment":[{"href":"https:\/\/www.sellersunionagent.com\/pl\/wp-json\/wp\/v2\/media?parent=22612"}],"wp:term":[{"taxonomy":"product_brand","embeddable":true,"href":"https:\/\/www.sellersunionagent.com\/pl\/wp-json\/wp\/v2\/product_brand?post=22612"},{"taxonomy":"product_cat","embeddable":true,"href":"https:\/\/www.sellersunionagent.com\/pl\/wp-json\/wp\/v2\/product_cat?post=22612"},{"taxonomy":"product_tag","embeddable":true,"href":"https:\/\/www.sellersunionagent.com\/pl\/wp-json\/wp\/v2\/product_tag?post=22612"}],"curies":[{"name":"wp","href":"https:\/\/api.w.org\/{rel}","templated":true}]}}