{"id":22593,"date":"2025-02-28T13:54:14","date_gmt":"2025-02-28T05:54:14","guid":{"rendered":"https:\/\/sellersunionagent.com\/?post_type=product&#038;p=22593"},"modified":"2025-11-28T10:29:14","modified_gmt":"2025-11-28T02:29:14","slug":"cross-border-christmas-wooden-round-piece-carving-pendant-creative-wooden-crafts","status":"publish","type":"product","link":"https:\/\/www.sellersunionagent.com\/pl\/cross-border-christmas-wooden-round-piece-carving-pendant-creative-wooden-crafts\/","title":{"rendered":"Transgraniczny \u015bwi\u0105teczny drewniany okr\u0105g\u0142y wisiorek rze\u017abiarski Kreatywne drewniane r\u0119kodzie\u0142o"},"content":{"rendered":"<h1>Transgraniczny \u015bwi\u0105teczny drewniany okr\u0105g\u0142y wisiorek rze\u017abiarski Kreatywne drewniane r\u0119kodzie\u0142o<\/h1>\n<h3>Type: Pendant<br \/>\nItem Number: HZ0425<br \/>\nItem Size: 9*9cm\uff1b16.5g<br \/>\nMaterial: wood<\/h3>\n<p>&nbsp;<\/p>\n<ul>\n<li>\n<h3>Full of holiday cheer<\/h3>\n<\/li>\n<li>\n<h3>Exquisite craftsmanship<\/h3>\n<\/li>\n<li>\n<h3>Top-notch quality<\/h3>\n<\/li>\n<\/ul>\n<p><img fetchpriority=\"high\" decoding=\"async\" class=\"wp-image-22598 aligncenter\" title=\"Transgraniczny \u015bwi\u0105teczny drewniany okr\u0105g\u0142y wisiorek rze\u017abiarski Kreatywne drewniane r\u0119kodzie\u0142o\" src=\"https:\/\/www.sellersunionagent.com\/wp-content\/uploads\/2025\/02\/O1CN01x5Pglo1uISt907rL8_2217686856014-0-cib-2025022805521142.webp\" alt=\"Transgraniczny \u015bwi\u0105teczny drewniany okr\u0105g\u0142y wisiorek rze\u017abiarski Kreatywne drewniane r\u0119kodzie\u0142o\" width=\"790\" height=\"723\" \/><\/p>\n<p>&nbsp;<\/p>","protected":false},"excerpt":{"rendered":"<p><strong>MOQ<\/strong>:  1000 szt.<br \/>\n<strong>Bezp\u0142atna pr\u00f3bka<\/strong>:  Obs\u0142ugiwane<br \/>\n<strong>Personalizacja<\/strong>logo \/ kolor \/ materia\u0142y \/ opakowanie itp.<br \/>\n<strong>Zni\u017cka<\/strong>:  Pierwsze zam\u00f3wienia ju\u017c od 10% taniej.<br \/>\n<strong>Wska\u017anik terminowo\u015bci dostaw<\/strong>:\u00a0 100%<br \/>\n<strong>Przesy\u0142ki og\u00f3\u0142em<\/strong>:  10000 szt.<br \/>\n<strong>Wysy\u0142ka<\/strong>: Fracht morski Fracht l\u0105dowy<\/p>","protected":false},"featured_media":22594,"comment_status":"open","ping_status":"closed","template":"","meta":{"_acf_changed":false},"product_brand":[],"product_cat":[235,322],"product_tag":[302],"class_list":{"0":"post-22593","1":"product","2":"type-product","3":"status-publish","4":"has-post-thumbnail","6":"product_cat-christmas-decoration","7":"product_cat-christmas-gift","8":"product_tag-cross-border-christmas-wooden-round-piece-carving-pendant-creative-wooden-crafts","10":"first","11":"instock","12":"shipping-taxable","13":"product-type-simple","14":"swiper-slide"},"acf":[],"_links":{"self":[{"href":"https:\/\/www.sellersunionagent.com\/pl\/wp-json\/wp\/v2\/product\/22593","targetHints":{"allow":["GET"]}}],"collection":[{"href":"https:\/\/www.sellersunionagent.com\/pl\/wp-json\/wp\/v2\/product"}],"about":[{"href":"https:\/\/www.sellersunionagent.com\/pl\/wp-json\/wp\/v2\/types\/product"}],"replies":[{"embeddable":true,"href":"https:\/\/www.sellersunionagent.com\/pl\/wp-json\/wp\/v2\/comments?post=22593"}],"wp:featuredmedia":[{"embeddable":true,"href":"https:\/\/www.sellersunionagent.com\/pl\/wp-json\/wp\/v2\/media\/22594"}],"wp:attachment":[{"href":"https:\/\/www.sellersunionagent.com\/pl\/wp-json\/wp\/v2\/media?parent=22593"}],"wp:term":[{"taxonomy":"product_brand","embeddable":true,"href":"https:\/\/www.sellersunionagent.com\/pl\/wp-json\/wp\/v2\/product_brand?post=22593"},{"taxonomy":"product_cat","embeddable":true,"href":"https:\/\/www.sellersunionagent.com\/pl\/wp-json\/wp\/v2\/product_cat?post=22593"},{"taxonomy":"product_tag","embeddable":true,"href":"https:\/\/www.sellersunionagent.com\/pl\/wp-json\/wp\/v2\/product_tag?post=22593"}],"curies":[{"name":"wp","href":"https:\/\/api.w.org\/{rel}","templated":true}]}}