{"id":22568,"date":"2025-02-27T18:20:20","date_gmt":"2025-02-27T10:20:20","guid":{"rendered":"https:\/\/sellersunionagent.com\/?post_type=product&#038;p=22568"},"modified":"2025-11-28T10:00:21","modified_gmt":"2025-11-28T02:00:21","slug":"christmas-tree-earrings-ambience-sense-of-colourful-earrings-bow-stars-925-silver-needle","status":"publish","type":"product","link":"https:\/\/www.sellersunionagent.com\/pl\/christmas-tree-earrings-ambience-sense-of-colourful-earrings-bow-stars-925-silver-needle\/","title":{"rendered":"Christmas Tree Earrings Ambience Sense of Colourful Earrings Bow Stars 925 Silver Needle"},"content":{"rendered":"<h1>Christmas Tree Earrings Ambience Sense of Colourful Earrings Bow Stars 925 Silver Needle<\/h1>\n<h3>Type: Earrings<br \/>\nItem Number: AA0279<br \/>\nItem Size: 8g<br \/>\nColors: red\u00a0 and green<br \/>\nMaterial: synthetic crystal<\/h3>\n<p>&nbsp;<\/p>\n<ul>\n<li>\n<h3>Great value for money<\/h3>\n<\/li>\n<li>\n<h3>Innovative design<\/h3>\n<\/li>\n<li>\n<h3>Exquisite craftsmanship<\/h3>\n<\/li>\n<li>\n<h3>Full of holiday cheer<\/h3>\n<\/li>\n<\/ul>\n<p>&nbsp;<\/p>\n<p>&nbsp;<\/p>\n<p><img fetchpriority=\"high\" decoding=\"async\" class=\"wp-image-22573 aligncenter\" title=\"Christmas Tree Earrings Ambience Sense of Colourful Earrings Bow Stars 925 Silver Needle\" src=\"https:\/\/www.sellersunionagent.com\/wp-content\/uploads\/2025\/02\/O1CN01A4uBgQ1JsykGtdxCQ_2216053451085-0-cib-1-2025022710180090.webp\" alt=\"Christmas Tree Earrings Ambience Sense of Colourful Earrings Bow Stars 925 Silver Needle \" width=\"800\" height=\"800\" \/><\/p>","protected":false},"excerpt":{"rendered":"<p><strong>MOQ<\/strong>:  1000 szt.<br \/>\n<strong>Bezp\u0142atna pr\u00f3bka<\/strong>:  Obs\u0142ugiwane<br \/>\n<strong>Personalizacja<\/strong>logo \/ kolor \/ materia\u0142y \/ opakowanie itp.<br \/>\n<strong>Zni\u017cka<\/strong>:  Pierwsze zam\u00f3wienia ju\u017c od 10% taniej.<br \/>\n<strong>Wska\u017anik terminowo\u015bci dostaw<\/strong>:\u00a0 100%<br \/>\n<strong>Przesy\u0142ki og\u00f3\u0142em<\/strong>:  10000 szt.<br \/>\n<strong>Wysy\u0142ka<\/strong>: Fracht morski Fracht l\u0105dowy<\/p>","protected":false},"featured_media":22569,"comment_status":"open","ping_status":"closed","template":"","meta":{"_acf_changed":false},"product_brand":[],"product_cat":[235,322],"product_tag":[300],"class_list":{"0":"post-22568","1":"product","2":"type-product","3":"status-publish","4":"has-post-thumbnail","6":"product_cat-christmas-decoration","7":"product_cat-christmas-gift","8":"product_tag-christmas-tree-earrings-ambience-sense-of-colourful-earrings-bow-stars-925-silver-needle","10":"first","11":"instock","12":"shipping-taxable","13":"product-type-simple","14":"swiper-slide"},"acf":[],"_links":{"self":[{"href":"https:\/\/www.sellersunionagent.com\/pl\/wp-json\/wp\/v2\/product\/22568","targetHints":{"allow":["GET"]}}],"collection":[{"href":"https:\/\/www.sellersunionagent.com\/pl\/wp-json\/wp\/v2\/product"}],"about":[{"href":"https:\/\/www.sellersunionagent.com\/pl\/wp-json\/wp\/v2\/types\/product"}],"replies":[{"embeddable":true,"href":"https:\/\/www.sellersunionagent.com\/pl\/wp-json\/wp\/v2\/comments?post=22568"}],"wp:featuredmedia":[{"embeddable":true,"href":"https:\/\/www.sellersunionagent.com\/pl\/wp-json\/wp\/v2\/media\/22569"}],"wp:attachment":[{"href":"https:\/\/www.sellersunionagent.com\/pl\/wp-json\/wp\/v2\/media?parent=22568"}],"wp:term":[{"taxonomy":"product_brand","embeddable":true,"href":"https:\/\/www.sellersunionagent.com\/pl\/wp-json\/wp\/v2\/product_brand?post=22568"},{"taxonomy":"product_cat","embeddable":true,"href":"https:\/\/www.sellersunionagent.com\/pl\/wp-json\/wp\/v2\/product_cat?post=22568"},{"taxonomy":"product_tag","embeddable":true,"href":"https:\/\/www.sellersunionagent.com\/pl\/wp-json\/wp\/v2\/product_tag?post=22568"}],"curies":[{"name":"wp","href":"https:\/\/api.w.org\/{rel}","templated":true}]}}