{"id":22538,"date":"2025-02-17T13:55:14","date_gmt":"2025-02-17T05:55:14","guid":{"rendered":"https:\/\/sellersunionagent.com\/?post_type=product&#038;p=22538"},"modified":"2025-11-28T10:15:08","modified_gmt":"2025-11-28T02:15:08","slug":"piernikowy-ludzik-swiateczna-swieca-zapachowa-prezent-zapach","status":"publish","type":"product","link":"https:\/\/www.sellersunionagent.com\/pl\/gingerbread-man-christmas-scented-candle-gift-fragrance\/","title":{"rendered":"\u015awi\u0105teczna \u015bwieca zapachowa Gingerbread Man Gift Fragrance"},"content":{"rendered":"<h1>\u015awi\u0105teczna \u015bwieca zapachowa Gingerbread Man Gift Fragrance<\/h1>\n<h3>Typ: \u015awieca zapachowa<br \/>\nNumer artyku\u0142u: XZ145<br \/>\nRozmiar przedmiotu: 6,2 * 2,1 * 7,3 CM<br \/>\nKolory: br\u0105zowy<br \/>\nMateria\u0142: 80% w pe\u0142ni rafinowany wosk parafinowy i 20% wosk sojowy<\/h3>\n<p>&nbsp;<\/p>\n<ul>\n<li>\n<h4>\u015awi\u0105teczna, r\u0119cznie malowana \u015bwieca sojowa<\/h4>\n<\/li>\n<li>\n<h4>Wysoka jako\u015b\u0107<\/h4>\n<\/li>\n<li>\n<h4>Uroczy ba\u0142wanek - zimowy wystr\u00f3j<\/h4>\n<\/li>\n<li>\n<h4>Delikatnie wykonane<\/h4>\n<\/li>\n<li>\n<h4>Zdrowe i nieszkodliwe<\/h4>\n<\/li>\n<\/ul>\n<p>&nbsp;<\/p>\n<p>&nbsp;<\/p>\n<p><img fetchpriority=\"high\" decoding=\"async\" class=\"wp-image-22544 aligncenter\" title=\"\u015awi\u0105teczna \u015bwieca zapachowa Gingerbread Man Gift Fragrance\" src=\"https:\/\/www.sellersunionagent.com\/wp-content\/uploads\/2025\/02\/e-2025021705540379.webp\" alt=\"\u015awi\u0105teczna \u015bwieca zapachowa Gingerbread Man Gift Fragrance\" width=\"600\" height=\"599\" \/><\/p>\n<p>&nbsp;<\/p>","protected":false},"excerpt":{"rendered":"<p><strong>MOQ<\/strong>:  1000 szt.<br \/>\n<strong>Bezp\u0142atna pr\u00f3bka<\/strong>:  Obs\u0142ugiwane<br \/>\n<strong>Personalizacja<\/strong>logo \/ kolor \/ materia\u0142y \/ opakowanie itp.<br \/>\n<strong>Zni\u017cka<\/strong>:  Pierwsze zam\u00f3wienia ju\u017c od 10% taniej.<br \/>\n<strong>Wska\u017anik terminowo\u015bci dostaw<\/strong>:\u00a0 100%<br \/>\n<strong>Przesy\u0142ki og\u00f3\u0142em<\/strong>:  10000 szt.<br \/>\n<strong>Wysy\u0142ka<\/strong>: Fracht morski Fracht l\u0105dowy<\/p>","protected":false},"featured_media":22540,"comment_status":"open","ping_status":"closed","template":"","meta":{"_acf_changed":false},"product_brand":[],"product_cat":[235,322],"product_tag":[298],"class_list":{"0":"post-22538","1":"product","2":"type-product","3":"status-publish","4":"has-post-thumbnail","6":"product_cat-christmas-decoration","7":"product_cat-christmas-gift","8":"product_tag-gingerbread-man-christmas-scented-candle-gift-fragrance","10":"first","11":"instock","12":"shipping-taxable","13":"product-type-simple","14":"swiper-slide"},"acf":[],"_links":{"self":[{"href":"https:\/\/www.sellersunionagent.com\/pl\/wp-json\/wp\/v2\/product\/22538","targetHints":{"allow":["GET"]}}],"collection":[{"href":"https:\/\/www.sellersunionagent.com\/pl\/wp-json\/wp\/v2\/product"}],"about":[{"href":"https:\/\/www.sellersunionagent.com\/pl\/wp-json\/wp\/v2\/types\/product"}],"replies":[{"embeddable":true,"href":"https:\/\/www.sellersunionagent.com\/pl\/wp-json\/wp\/v2\/comments?post=22538"}],"wp:featuredmedia":[{"embeddable":true,"href":"https:\/\/www.sellersunionagent.com\/pl\/wp-json\/wp\/v2\/media\/22540"}],"wp:attachment":[{"href":"https:\/\/www.sellersunionagent.com\/pl\/wp-json\/wp\/v2\/media?parent=22538"}],"wp:term":[{"taxonomy":"product_brand","embeddable":true,"href":"https:\/\/www.sellersunionagent.com\/pl\/wp-json\/wp\/v2\/product_brand?post=22538"},{"taxonomy":"product_cat","embeddable":true,"href":"https:\/\/www.sellersunionagent.com\/pl\/wp-json\/wp\/v2\/product_cat?post=22538"},{"taxonomy":"product_tag","embeddable":true,"href":"https:\/\/www.sellersunionagent.com\/pl\/wp-json\/wp\/v2\/product_tag?post=22538"}],"curies":[{"name":"wp","href":"https:\/\/api.w.org\/{rel}","templated":true}]}}