{"id":22529,"date":"2025-02-17T11:53:25","date_gmt":"2025-02-17T03:53:25","guid":{"rendered":"https:\/\/sellersunionagent.com\/?post_type=product&#038;p=22529"},"modified":"2025-11-28T10:15:15","modified_gmt":"2025-11-28T02:15:15","slug":"christmas-cute-hand-painted-aromatherapy-small-tea-wax-candle-snowman-ornaments-gifts","status":"publish","type":"product","link":"https:\/\/www.sellersunionagent.com\/pl\/christmas-cute-hand-painted-aromatherapy-small-tea-wax-candle-snowman-ornaments-gifts\/","title":{"rendered":"Christmas Cute Hand-painted Aromatherapy Small Tea Wax Candle Snowman Ornaments Gifts"},"content":{"rendered":"<h1>Christmas Cute Hand-painted Aromatherapy Small Tea Wax Candle Snowman Ornaments Gifts<\/h1>\n<h3>Type: Gift<br \/>\nNumer artyku\u0142u: srjt-1<br \/>\nItem Size: 3.9*3.9*4CM<br \/>\nColors: white<br \/>\nMaterial: Soy Blend Wax<\/h3>\n<ul>\n<li>\n<h4>Festive Hand-Painted<\/h4>\n<\/li>\n<li>\n<h4>Uroczy ba\u0142wanek - zimowy wystr\u00f3j<\/h4>\n<\/li>\n<li>\n<h4>Charming Christmas Photo Prop<\/h4>\n<\/li>\n<li>\n<h4>Wysoka jako\u015b\u0107<\/h4>\n<\/li>\n<\/ul>\n<p>&nbsp;<\/p>\n<p><img fetchpriority=\"high\" decoding=\"async\" class=\"wp-image-22530 aligncenter\" title=\"Christmas Cute Hand-painted Aromatherapy Small Tea Wax Candle Snowman Ornaments Gifts\" src=\"https:\/\/www.sellersunionagent.com\/wp-content\/uploads\/2025\/02\/44-2025021703495861.webp\" alt=\"Christmas Cute Hand-painted Aromatherapy Small Tea Wax Candle Snowman Ornaments Gifts\" width=\"600\" height=\"600\" \/><\/p>","protected":false},"excerpt":{"rendered":"<p><strong>MOQ<\/strong>:  1000 szt.<br \/>\n<strong>Bezp\u0142atna pr\u00f3bka<\/strong>:  Obs\u0142ugiwane<br \/>\n<strong>Personalizacja<\/strong>logo \/ kolor \/ materia\u0142y \/ opakowanie itp.<br \/>\n<strong>Zni\u017cka<\/strong>:  Pierwsze zam\u00f3wienia ju\u017c od 10% taniej.<br \/>\n<strong>Wska\u017anik terminowo\u015bci dostaw<\/strong>:\u00a0 100%<br \/>\n<strong>Przesy\u0142ki og\u00f3\u0142em<\/strong>:  10000 szt.<br \/>\n<strong>Wysy\u0142ka<\/strong>: Fracht morski Fracht l\u0105dowy<\/p>","protected":false},"featured_media":22531,"comment_status":"open","ping_status":"closed","template":"","meta":{"_acf_changed":false},"product_brand":[],"product_cat":[235,322],"product_tag":[297],"class_list":{"0":"post-22529","1":"product","2":"type-product","3":"status-publish","4":"has-post-thumbnail","6":"product_cat-christmas-decoration","7":"product_cat-christmas-gift","8":"product_tag-christmas-cute-hand-painted-aromatherapy-small-tea-wax-candle-snowman-ornaments-gifts","10":"first","11":"instock","12":"shipping-taxable","13":"product-type-simple","14":"swiper-slide"},"acf":[],"_links":{"self":[{"href":"https:\/\/www.sellersunionagent.com\/pl\/wp-json\/wp\/v2\/product\/22529","targetHints":{"allow":["GET"]}}],"collection":[{"href":"https:\/\/www.sellersunionagent.com\/pl\/wp-json\/wp\/v2\/product"}],"about":[{"href":"https:\/\/www.sellersunionagent.com\/pl\/wp-json\/wp\/v2\/types\/product"}],"replies":[{"embeddable":true,"href":"https:\/\/www.sellersunionagent.com\/pl\/wp-json\/wp\/v2\/comments?post=22529"}],"wp:featuredmedia":[{"embeddable":true,"href":"https:\/\/www.sellersunionagent.com\/pl\/wp-json\/wp\/v2\/media\/22531"}],"wp:attachment":[{"href":"https:\/\/www.sellersunionagent.com\/pl\/wp-json\/wp\/v2\/media?parent=22529"}],"wp:term":[{"taxonomy":"product_brand","embeddable":true,"href":"https:\/\/www.sellersunionagent.com\/pl\/wp-json\/wp\/v2\/product_brand?post=22529"},{"taxonomy":"product_cat","embeddable":true,"href":"https:\/\/www.sellersunionagent.com\/pl\/wp-json\/wp\/v2\/product_cat?post=22529"},{"taxonomy":"product_tag","embeddable":true,"href":"https:\/\/www.sellersunionagent.com\/pl\/wp-json\/wp\/v2\/product_tag?post=22529"}],"curies":[{"name":"wp","href":"https:\/\/api.w.org\/{rel}","templated":true}]}}