{"id":22489,"date":"2025-02-12T16:21:22","date_gmt":"2025-02-12T08:21:22","guid":{"rendered":"https:\/\/sellersunionagent.com\/?post_type=product&#038;p=22489"},"modified":"2025-11-27T18:40:52","modified_gmt":"2025-11-27T10:40:52","slug":"christmas-bow-small-bow-christmas-tree-decoration-bow-pendant","status":"publish","type":"product","link":"https:\/\/www.sellersunionagent.com\/pl\/christmas-bow-small-bow-christmas-tree-decoration-bow-pendant\/","title":{"rendered":"Christmas Bow Small Bow Christmas Tree Decoration Bow Pendant"},"content":{"rendered":"<h1>Christmas Bow Small Bow Christmas Tree Decoration Bow Pendant<\/h1>\n<h3>Typ: dekoracja<\/h3>\n<h3>Numer artyku\u0142u: srjt-1<\/h3>\n<h3>Item Size: 14*14CM<\/h3>\n<h3>Colors:\u00a0gold, red, silver, white, rose gold<\/h3>\n<h3>Material: EPE<\/h3>\n<p>&nbsp;<\/p>\n<ul>\n<li>\n<h4>\u00a0Festive charm<\/h4>\n<\/li>\n<li>\n<h4>\u00a0Vivid colors<\/h4>\n<\/li>\n<li>\n<h4>\u00a0High &#8211; quality<\/h4>\n<\/li>\n<li>\n<h4>\u00a0\u0141atwy w u\u017cyciu<\/h4>\n<p><img fetchpriority=\"high\" decoding=\"async\" class=\"aligncenter wp-image-22493\" title=\"\u4f01\u4e1a\u5fae\u4fe1\u622a\u56fe 20250212161001 2025021208182639\" src=\"https:\/\/www.sellersunionagent.com\/wp-content\/uploads\/2025\/02\/\u4f01\u4e1a\u5fae\u4fe1\u622a\u56fe_20250212161001-2025021208182639.webp\" alt=\"Christmas Bow Small Bow Christmas Tree Decoration Bow Pendant\" width=\"600\" height=\"590\" \/><\/p>\n<p><img decoding=\"async\" class=\"aligncenter wp-image-22494\" title=\"\u4f01\u4e1a\u5fae\u4fe1\u622a\u56fe 20250212161023 2025021208183627\" src=\"https:\/\/www.sellersunionagent.com\/wp-content\/uploads\/2025\/02\/\u4f01\u4e1a\u5fae\u4fe1\u622a\u56fe_20250212161023-2025021208183627.webp\" alt=\"Christmas Bow Small Bow Christmas Tree Decoration Bow Pendant\" width=\"600\" height=\"637\" \/><\/p>\n<p><img decoding=\"async\" class=\"aligncenter wp-image-22495\" title=\"\u4f01\u4e1a\u5fae\u4fe1\u622a\u56fe 20250212161033 2025021208184280\" src=\"https:\/\/www.sellersunionagent.com\/wp-content\/uploads\/2025\/02\/\u4f01\u4e1a\u5fae\u4fe1\u622a\u56fe_20250212161033-2025021208184280.webp\" alt=\"Christmas Bow Small Bow Christmas Tree Decoration Bow Pendant\" width=\"600\" height=\"597\" \/><\/p>\n<p><img loading=\"lazy\" decoding=\"async\" class=\"aligncenter wp-image-22496\" title=\"\u4f01\u4e1a\u5fae\u4fe1\u622a\u56fe 20250212161059 2025021208184537\" src=\"https:\/\/www.sellersunionagent.com\/wp-content\/uploads\/2025\/02\/\u4f01\u4e1a\u5fae\u4fe1\u622a\u56fe_20250212161059-2025021208184537.webp\" alt=\"Christmas Bow Small Bow Christmas Tree Decoration Bow Pendant\" width=\"600\" height=\"676\" \/><\/p>\n<p><img loading=\"lazy\" decoding=\"async\" class=\"aligncenter wp-image-22497\" title=\"\u4f01\u4e1a\u5fae\u4fe1\u622a\u56fe 20250212161109 2025021208184990\" src=\"https:\/\/www.sellersunionagent.com\/wp-content\/uploads\/2025\/02\/\u4f01\u4e1a\u5fae\u4fe1\u622a\u56fe_20250212161109-2025021208184990.webp\" alt=\"Christmas Bow Small Bow Christmas Tree Decoration Bow Pendant\" width=\"600\" height=\"558\" \/><\/li>\n<\/ul>","protected":false},"excerpt":{"rendered":"<p><strong>MOQ<\/strong>:  1000 szt.<br \/>\n<strong>Bezp\u0142atna pr\u00f3bka<\/strong>:  Obs\u0142ugiwane<br \/>\n<strong>Personalizacja<\/strong>logo \/ kolor \/ materia\u0142y \/ opakowanie itp.<br \/>\n<strong>Zni\u017cka<\/strong>:  Pierwsze zam\u00f3wienia ju\u017c od 10% taniej.<br \/>\n<strong>Wska\u017anik terminowo\u015bci dostaw<\/strong>:\u00a0 100%<br \/>\n<strong>Przesy\u0142ki og\u00f3\u0142em<\/strong>:  10000 szt.<br \/>\n<strong>Wysy\u0142ka<\/strong>: Fracht morski Fracht l\u0105dowy<\/p>","protected":false},"featured_media":22490,"comment_status":"open","ping_status":"closed","template":"","meta":{"_acf_changed":false},"product_brand":[],"product_cat":[235,318],"product_tag":[87,42,50,99],"class_list":{"0":"post-22489","1":"product","2":"type-product","3":"status-publish","4":"has-post-thumbnail","6":"product_cat-christmas-decoration","7":"product_cat-christmas-tree-ornaments","8":"product_tag-bulk-wholesale","9":"product_tag-high-quality","10":"product_tag-wholesale","11":"product_tag-wholesale-maker-from-china","13":"first","14":"instock","15":"shipping-taxable","16":"product-type-simple","17":"swiper-slide"},"acf":[],"_links":{"self":[{"href":"https:\/\/www.sellersunionagent.com\/pl\/wp-json\/wp\/v2\/product\/22489","targetHints":{"allow":["GET"]}}],"collection":[{"href":"https:\/\/www.sellersunionagent.com\/pl\/wp-json\/wp\/v2\/product"}],"about":[{"href":"https:\/\/www.sellersunionagent.com\/pl\/wp-json\/wp\/v2\/types\/product"}],"replies":[{"embeddable":true,"href":"https:\/\/www.sellersunionagent.com\/pl\/wp-json\/wp\/v2\/comments?post=22489"}],"wp:featuredmedia":[{"embeddable":true,"href":"https:\/\/www.sellersunionagent.com\/pl\/wp-json\/wp\/v2\/media\/22490"}],"wp:attachment":[{"href":"https:\/\/www.sellersunionagent.com\/pl\/wp-json\/wp\/v2\/media?parent=22489"}],"wp:term":[{"taxonomy":"product_brand","embeddable":true,"href":"https:\/\/www.sellersunionagent.com\/pl\/wp-json\/wp\/v2\/product_brand?post=22489"},{"taxonomy":"product_cat","embeddable":true,"href":"https:\/\/www.sellersunionagent.com\/pl\/wp-json\/wp\/v2\/product_cat?post=22489"},{"taxonomy":"product_tag","embeddable":true,"href":"https:\/\/www.sellersunionagent.com\/pl\/wp-json\/wp\/v2\/product_tag?post=22489"}],"curies":[{"name":"wp","href":"https:\/\/api.w.org\/{rel}","templated":true}]}}