{"id":22410,"date":"2025-02-07T11:37:19","date_gmt":"2025-02-07T03:37:19","guid":{"rendered":"https:\/\/sellersunionagent.com\/?post_type=product&#038;p=22410"},"modified":"2025-11-27T18:29:55","modified_gmt":"2025-11-27T10:29:55","slug":"kompatybilne-lego-sanie-choinka-starzec-los-prezent-klocki-do-budowania-dzieci-zmontowane-zabawka","status":"publish","type":"product","link":"https:\/\/www.sellersunionagent.com\/pl\/compatible-lego-sleigh-christmas-tree-old-man-elk-gift-building-blocks-children-assembled-toy\/","title":{"rendered":"Kompatybilne klocki konstrukcyjne LEGO Sanie choinkowe Staruszek \u0141o\u015b Zmontowana zabawka dla dzieci"},"content":{"rendered":"<h1><strong>Kompatybilne klocki konstrukcyjne LEGO Sanie choinkowe Staruszek \u0141o\u015b Zmontowana zabawka dla dzieci<\/strong><\/h1>\n<h3>Typ: Bloki konstrukcyjne<br \/>\nNumer artyku\u0142u: M1128<br \/>\nRozmiar przedmiotu: 11,2 * 7,8 * 4 CM<br \/>\nMateria\u0142: tworzywo sztuczne<\/h3>\n<ul>\n<li>\n<h4>Dobra jako\u015b\u0107 wykonania<\/h4>\n<\/li>\n<li>\n<h4>Dekoracja \u015bwi\u0105teczna<\/h4>\n<\/li>\n<li>\n<h4>Unikalne rzemios\u0142o<\/h4>\n<\/li>\n<li>\n<h4>Wysokiej jako\u015bci materia\u0142y<\/h4>\n<\/li>\n<li>\n<h4>Wielofunkcyjno\u015b\u0107<\/h4>\n<\/li>\n<\/ul>\n<p>&nbsp;<\/p>\n<p><img fetchpriority=\"high\" decoding=\"async\" class=\"wp-image-22415 aligncenter\" title=\"Kompatybilne klocki konstrukcyjne LEGO Sanie choinkowe Staruszek \u0141o\u015b Zmontowana zabawka dla dzieci\" src=\"https:\/\/www.sellersunionagent.com\/wp-content\/uploads\/2025\/02\/O1CN01rArkKZ1sBw3uBLG4S_2216936295729-0-cib-2025020703303478.webp\" alt=\"Kompatybilne klocki konstrukcyjne LEGO Sanie choinkowe Staruszek \u0141o\u015b Zmontowana zabawka dla dzieci\" width=\"600\" height=\"600\" \/><\/p>\n<p><img decoding=\"async\" class=\"wp-image-22416 aligncenter\" title=\"Kompatybilne klocki konstrukcyjne LEGO Sanie choinkowe Staruszek \u0141o\u015b Zmontowana zabawka dla dzieci\" src=\"https:\/\/www.sellersunionagent.com\/wp-content\/uploads\/2025\/02\/O1CN01Ay2lzo1sBw4ysO7lk_2216936295729-0-cib-2025020703305779.webp\" alt=\"Kompatybilne klocki konstrukcyjne LEGO Sanie choinkowe Staruszek \u0141o\u015b Zmontowana zabawka dla dzieci\" width=\"600\" height=\"600\" \/><\/p>\n<p>&nbsp;<\/p>","protected":false},"excerpt":{"rendered":"<p><strong>MOQ<\/strong>:  1000 szt.<br \/>\n<strong>Bezp\u0142atna pr\u00f3bka<\/strong>:  Obs\u0142ugiwane<br \/>\n<strong>Personalizacja<\/strong>logo \/ kolor \/ materia\u0142y \/ opakowanie itp.<br \/>\n<strong>Zni\u017cka<\/strong>:  Pierwsze zam\u00f3wienia ju\u017c od 10% taniej.<br \/>\n<strong>Wska\u017anik terminowo\u015bci dostaw<\/strong>:\u00a0 100%<br \/>\n<strong>Przesy\u0142ki og\u00f3\u0142em<\/strong>:  10000 szt.<br \/>\n<strong>Wysy\u0142ka<\/strong>: Fracht morski Fracht l\u0105dowy<\/p>","protected":false},"featured_media":22411,"comment_status":"open","ping_status":"closed","template":"","meta":{"_acf_changed":false},"product_brand":[],"product_cat":[235,321],"product_tag":[291],"class_list":{"0":"post-22410","1":"product","2":"type-product","3":"status-publish","4":"has-post-thumbnail","6":"product_cat-christmas-decoration","7":"product_cat-christmas-figurines","8":"product_tag-compatible-lego-sleigh-christmas-tree-old-man-elk-gift-building-blocks-children-assembled-toy","10":"first","11":"instock","12":"shipping-taxable","13":"product-type-simple","14":"swiper-slide"},"acf":[],"_links":{"self":[{"href":"https:\/\/www.sellersunionagent.com\/pl\/wp-json\/wp\/v2\/product\/22410","targetHints":{"allow":["GET"]}}],"collection":[{"href":"https:\/\/www.sellersunionagent.com\/pl\/wp-json\/wp\/v2\/product"}],"about":[{"href":"https:\/\/www.sellersunionagent.com\/pl\/wp-json\/wp\/v2\/types\/product"}],"replies":[{"embeddable":true,"href":"https:\/\/www.sellersunionagent.com\/pl\/wp-json\/wp\/v2\/comments?post=22410"}],"wp:featuredmedia":[{"embeddable":true,"href":"https:\/\/www.sellersunionagent.com\/pl\/wp-json\/wp\/v2\/media\/22411"}],"wp:attachment":[{"href":"https:\/\/www.sellersunionagent.com\/pl\/wp-json\/wp\/v2\/media?parent=22410"}],"wp:term":[{"taxonomy":"product_brand","embeddable":true,"href":"https:\/\/www.sellersunionagent.com\/pl\/wp-json\/wp\/v2\/product_brand?post=22410"},{"taxonomy":"product_cat","embeddable":true,"href":"https:\/\/www.sellersunionagent.com\/pl\/wp-json\/wp\/v2\/product_cat?post=22410"},{"taxonomy":"product_tag","embeddable":true,"href":"https:\/\/www.sellersunionagent.com\/pl\/wp-json\/wp\/v2\/product_tag?post=22410"}],"curies":[{"name":"wp","href":"https:\/\/api.w.org\/{rel}","templated":true}]}}