{"id":22403,"date":"2025-02-07T09:33:59","date_gmt":"2025-02-07T01:33:59","guid":{"rendered":"https:\/\/sellersunionagent.com\/?post_type=product&#038;p=22403"},"modified":"2025-11-28T10:16:05","modified_gmt":"2025-11-28T02:16:05","slug":"nowy-swiateczny-zestaw-butelek-do-wina-swiateczna-dekoracja-na-impreze","status":"publish","type":"product","link":"https:\/\/www.sellersunionagent.com\/pl\/new-christmas-wine-bottle-set-holiday-party-decoration\/","title":{"rendered":"Nowy \u015bwi\u0105teczny zestaw butelek do wina Dekoracja na przyj\u0119cie \u015bwi\u0105teczne"},"content":{"rendered":"<h1>Nowy \u015bwi\u0105teczny zestaw butelek do wina Dekoracja na przyj\u0119cie \u015bwi\u0105teczne<\/h1>\n<h3>Typ: Zestaw butelek do wina<br \/>\nNumer artyku\u0142u: TW0415077<br \/>\nRozmiar elementu: 30 * 14 CM<br \/>\nMateria\u0142: tkanina<\/h3>\n<p>&nbsp;<\/p>\n<ul>\n<li>\n<h4>Dobra jako\u015b\u0107 wykonania<\/h4>\n<\/li>\n<li>\n<h4>Dekoracja \u015bwi\u0105teczna<\/h4>\n<\/li>\n<li>\n<h4>Unikalne rzemios\u0142o<\/h4>\n<\/li>\n<li>\n<h4>Wysokiej jako\u015bci materia\u0142y<\/h4>\n<\/li>\n<\/ul>\n<p>&nbsp;<\/p>\n<p>&nbsp;<\/p>\n<p><img fetchpriority=\"high\" decoding=\"async\" class=\"wp-image-22408 aligncenter\" title=\"Nowy \u015bwi\u0105teczny zestaw butelek do wina Dekoracja na przyj\u0119cie \u015bwi\u0105teczne\" src=\"https:\/\/www.sellersunionagent.com\/wp-content\/uploads\/2025\/02\/O1CN01kPcGv11fl7U2Dj5PA_2204158024046-0-cib-2025020701321144.webp\" alt=\"Nowy \u015bwi\u0105teczny zestaw butelek do wina Dekoracja na przyj\u0119cie \u015bwi\u0105teczne\" width=\"600\" height=\"600\" \/><\/p>","protected":false},"excerpt":{"rendered":"<p><strong>MOQ<\/strong>:  1000 szt.<br \/>\n<strong>Bezp\u0142atna pr\u00f3bka<\/strong>:  Obs\u0142ugiwane<br \/>\n<strong>Personalizacja<\/strong>logo \/ kolor \/ materia\u0142y \/ opakowanie itp.<br \/>\n<strong>Zni\u017cka<\/strong>:  Pierwsze zam\u00f3wienia ju\u017c od 10% taniej.<br \/>\n<strong>Wska\u017anik terminowo\u015bci dostaw<\/strong>:\u00a0 100%<br \/>\n<strong>Przesy\u0142ki og\u00f3\u0142em<\/strong>:  10000 szt.<br \/>\n<strong>Wysy\u0142ka<\/strong>: Fracht morski Fracht l\u0105dowy<\/p>","protected":false},"featured_media":22404,"comment_status":"open","ping_status":"closed","template":"","meta":{"_acf_changed":false},"product_brand":[],"product_cat":[235,322,323],"product_tag":[290],"class_list":{"0":"post-22403","1":"product","2":"type-product","3":"status-publish","4":"has-post-thumbnail","6":"product_cat-christmas-decoration","7":"product_cat-christmas-gift","8":"product_cat-christmas-textiles","9":"product_tag-new-christmas-wine-bottle-set-holiday-party-decoration","11":"first","12":"instock","13":"shipping-taxable","14":"product-type-simple","15":"swiper-slide"},"acf":[],"_links":{"self":[{"href":"https:\/\/www.sellersunionagent.com\/pl\/wp-json\/wp\/v2\/product\/22403","targetHints":{"allow":["GET"]}}],"collection":[{"href":"https:\/\/www.sellersunionagent.com\/pl\/wp-json\/wp\/v2\/product"}],"about":[{"href":"https:\/\/www.sellersunionagent.com\/pl\/wp-json\/wp\/v2\/types\/product"}],"replies":[{"embeddable":true,"href":"https:\/\/www.sellersunionagent.com\/pl\/wp-json\/wp\/v2\/comments?post=22403"}],"wp:featuredmedia":[{"embeddable":true,"href":"https:\/\/www.sellersunionagent.com\/pl\/wp-json\/wp\/v2\/media\/22404"}],"wp:attachment":[{"href":"https:\/\/www.sellersunionagent.com\/pl\/wp-json\/wp\/v2\/media?parent=22403"}],"wp:term":[{"taxonomy":"product_brand","embeddable":true,"href":"https:\/\/www.sellersunionagent.com\/pl\/wp-json\/wp\/v2\/product_brand?post=22403"},{"taxonomy":"product_cat","embeddable":true,"href":"https:\/\/www.sellersunionagent.com\/pl\/wp-json\/wp\/v2\/product_cat?post=22403"},{"taxonomy":"product_tag","embeddable":true,"href":"https:\/\/www.sellersunionagent.com\/pl\/wp-json\/wp\/v2\/product_tag?post=22403"}],"curies":[{"name":"wp","href":"https:\/\/api.w.org\/{rel}","templated":true}]}}