{"id":22395,"date":"2025-02-06T18:21:39","date_gmt":"2025-02-06T10:21:39","guid":{"rendered":"https:\/\/sellersunionagent.com\/?post_type=product&#038;p=22395"},"modified":"2025-11-28T10:16:20","modified_gmt":"2025-11-28T02:16:20","slug":"torby-na-prezenty-bozonarodzeniowe-z-nadrukiem-zolnierza-z-orzechami-pekan","status":"publish","type":"product","link":"https:\/\/www.sellersunionagent.com\/pl\/cross-border-pecan-soldier-printing-christmas-stocking-gift-bags\/","title":{"rendered":"Torebki na prezenty \u015bwi\u0105teczne z nadrukiem Cross Border Pecan Soldier"},"content":{"rendered":"<h1><strong>Torebki na prezenty \u015bwi\u0105teczne z nadrukiem Cross Border Pecan Soldier<\/strong><\/h1>\n<h3>Typ: Torba prezentowa<br \/>\nNumer artyku\u0142u: TW0415294<br \/>\nRozmiar przedmiotu: 46*27*1CM<br \/>\nKolory: niebieski\/r\u00f3\u017cowy<br \/>\nMateria\u0142: tkanina<\/h3>\n<ul>\n<li>\n<h4>Wysoka jako\u015b\u0107<\/h4>\n<\/li>\n<li>\n<h4>R\u0119cznie robione<\/h4>\n<\/li>\n<li>\n<h4>Wielofunkcyjno\u015b\u0107<\/h4>\n<\/li>\n<li>\n<h4>\u015awi\u0105teczna atmosfera<\/h4>\n<\/li>\n<\/ul>\n<p>&nbsp;<\/p>\n<p>&nbsp;<\/p>\n<p><img fetchpriority=\"high\" decoding=\"async\" class=\"wp-image-22397 aligncenter\" title=\"Torebki na prezenty \u015bwi\u0105teczne z nadrukiem Cross Border Pecan Soldier\" src=\"https:\/\/www.sellersunionagent.com\/wp-content\/uploads\/2025\/02\/b-2025020610130381.webp\" alt=\"Torebki na prezenty \u015bwi\u0105teczne z nadrukiem Cross Border Pecan Soldier\" width=\"600\" height=\"600\" \/><\/p>\n<p><img decoding=\"async\" class=\"aligncenter wp-image-22401\" title=\"Torebki na prezenty \u015bwi\u0105teczne z nadrukiem Cross Border Pecan Soldier\" src=\"https:\/\/www.sellersunionagent.com\/wp-content\/uploads\/2025\/02\/O1CN01UvlN6C1fl7TGjPAxx_2204158024046-0-cib-2025020610184910.webp\" alt=\"Torebki na prezenty \u015bwi\u0105teczne z nadrukiem Cross Border Pecan Soldier\" width=\"600\" height=\"600\" \/><img decoding=\"async\" class=\"aligncenter wp-image-22402\" title=\"Torebki na prezenty \u015bwi\u0105teczne z nadrukiem Cross Border Pecan Soldier\" src=\"https:\/\/www.sellersunionagent.com\/wp-content\/uploads\/2025\/02\/O1CN01vmf4m91fl7TCuD9iS_2204158024046-0-cib-2025020610192734.webp\" alt=\"Torebki na prezenty \u015bwi\u0105teczne z nadrukiem Cross Border Pecan Soldier\" width=\"600\" height=\"600\" \/><\/p>","protected":false},"excerpt":{"rendered":"<p><strong>MOQ<\/strong>:  1000 szt.<br \/>\n<strong>Bezp\u0142atna pr\u00f3bka<\/strong>:  Obs\u0142ugiwane<br \/>\n<strong>Personalizacja<\/strong>logo \/ kolor \/ materia\u0142y \/ opakowanie itp.<br \/>\n<strong>Zni\u017cka<\/strong>:  Pierwsze zam\u00f3wienia ju\u017c od 10% taniej.<br \/>\n<strong>Wska\u017anik terminowo\u015bci dostaw<\/strong>:\u00a0 100%<br \/>\n<strong>Przesy\u0142ki og\u00f3\u0142em<\/strong>:  10000 szt.<br \/>\n<strong>Wysy\u0142ka<\/strong>: Fracht morski Fracht l\u0105dowy<\/p>","protected":false},"featured_media":22396,"comment_status":"open","ping_status":"closed","template":"","meta":{"_acf_changed":false},"product_brand":[],"product_cat":[235,323,318],"product_tag":[289],"class_list":{"0":"post-22395","1":"product","2":"type-product","3":"status-publish","4":"has-post-thumbnail","6":"product_cat-christmas-decoration","7":"product_cat-christmas-textiles","8":"product_cat-christmas-tree-ornaments","9":"product_tag-cross-border-pecan-soldier-printing-christmas-stocking-gift-bags","11":"first","12":"instock","13":"shipping-taxable","14":"product-type-simple","15":"swiper-slide"},"acf":[],"_links":{"self":[{"href":"https:\/\/www.sellersunionagent.com\/pl\/wp-json\/wp\/v2\/product\/22395","targetHints":{"allow":["GET"]}}],"collection":[{"href":"https:\/\/www.sellersunionagent.com\/pl\/wp-json\/wp\/v2\/product"}],"about":[{"href":"https:\/\/www.sellersunionagent.com\/pl\/wp-json\/wp\/v2\/types\/product"}],"replies":[{"embeddable":true,"href":"https:\/\/www.sellersunionagent.com\/pl\/wp-json\/wp\/v2\/comments?post=22395"}],"wp:featuredmedia":[{"embeddable":true,"href":"https:\/\/www.sellersunionagent.com\/pl\/wp-json\/wp\/v2\/media\/22396"}],"wp:attachment":[{"href":"https:\/\/www.sellersunionagent.com\/pl\/wp-json\/wp\/v2\/media?parent=22395"}],"wp:term":[{"taxonomy":"product_brand","embeddable":true,"href":"https:\/\/www.sellersunionagent.com\/pl\/wp-json\/wp\/v2\/product_brand?post=22395"},{"taxonomy":"product_cat","embeddable":true,"href":"https:\/\/www.sellersunionagent.com\/pl\/wp-json\/wp\/v2\/product_cat?post=22395"},{"taxonomy":"product_tag","embeddable":true,"href":"https:\/\/www.sellersunionagent.com\/pl\/wp-json\/wp\/v2\/product_tag?post=22395"}],"curies":[{"name":"wp","href":"https:\/\/api.w.org\/{rel}","templated":true}]}}