{"id":22388,"date":"2025-02-06T18:07:20","date_gmt":"2025-02-06T10:07:20","guid":{"rendered":"https:\/\/sellersunionagent.com\/?post_type=product&#038;p=22388"},"modified":"2025-11-28T10:16:26","modified_gmt":"2025-11-28T02:16:26","slug":"new-hot-letters-christmas-stockings-decorations-gift-bag","status":"publish","type":"product","link":"https:\/\/www.sellersunionagent.com\/pl\/new-hot-letters-christmas-stockings-decorations-gift-bag\/","title":{"rendered":"New Hot Letters Christmas Stockings Decorations Gift Bag"},"content":{"rendered":"<h1><strong> New Hot Letters Christmas Stockings Decorations Gift Bag<\/strong><\/h1>\n<h3><strong>Typ: Torba prezentowa<\/strong><br \/>\n<strong>Item Number: 202114<\/strong><br \/>\n<strong>Item Size: 15*15*3CM<\/strong><br \/>\n<strong>Colors:grey\/red<\/strong><br \/>\n<strong>Materia\u0142: tkanina<\/strong><\/h3>\n<ul>\n<li>R\u0119cznie robione<\/li>\n<li>Wysoka jako\u015b\u0107<\/li>\n<li>Multifnctional<\/li>\n<li>\u015awi\u0105teczna atmosfera<\/li>\n<\/ul>\n<p>&nbsp;<\/p>\n<p><img fetchpriority=\"high\" decoding=\"async\" class=\"wp-image-22391 aligncenter\" title=\"New Hot Letters Christmas Stockings Decorations Gift Bag\" src=\"https:\/\/www.sellersunionagent.com\/wp-content\/uploads\/2025\/02\/33333-2025020609580277.webp\" alt=\"New Hot Letters Christmas Stockings Decorations Gift Bag\" width=\"600\" height=\"600\" \/><\/p>\n<p><img decoding=\"async\" class=\"wp-image-22392 aligncenter\" title=\"New Hot Letters Christmas Stockings Decorations Gift Bag\" src=\"https:\/\/www.sellersunionagent.com\/wp-content\/uploads\/2025\/02\/4444-2025020609582357.webp\" alt=\"New Hot Letters Christmas Stockings Decorations Gift Bag\" width=\"600\" height=\"600\" \/><\/p>\n<p><img decoding=\"async\" class=\"wp-image-22393 aligncenter\" title=\"New Hot Letters Christmas Stockings Decorations Gift Bag\" src=\"https:\/\/www.sellersunionagent.com\/wp-content\/uploads\/2025\/02\/55555-2025020609584263.webp\" alt=\"New Hot Letters Christmas Stockings Decorations Gift Bag\" width=\"600\" height=\"600\" \/><\/p>","protected":false},"excerpt":{"rendered":"<p><strong>MOQ<\/strong>:  1000 szt.<br \/>\n<strong>Bezp\u0142atna pr\u00f3bka<\/strong>:  Obs\u0142ugiwane<br \/>\n<strong>Personalizacja<\/strong>logo \/ kolor \/ materia\u0142y \/ opakowanie itp.<br \/>\n<strong>Zni\u017cka<\/strong>:  Pierwsze zam\u00f3wienia ju\u017c od 10% taniej.<br \/>\n<strong>Wska\u017anik terminowo\u015bci dostaw<\/strong>:\u00a0 100%<br \/>\n<strong>Przesy\u0142ki og\u00f3\u0142em<\/strong>:  10000 szt.<br \/>\n<strong>Wysy\u0142ka<\/strong>: Fracht morski Fracht l\u0105dowy<\/p>","protected":false},"featured_media":22389,"comment_status":"open","ping_status":"closed","template":"","meta":{"_acf_changed":false},"product_brand":[],"product_cat":[235,323,318],"product_tag":[288],"class_list":{"0":"post-22388","1":"product","2":"type-product","3":"status-publish","4":"has-post-thumbnail","6":"product_cat-christmas-decoration","7":"product_cat-christmas-textiles","8":"product_cat-christmas-tree-ornaments","9":"product_tag-new-hot-letters-christmas-stockings-decorations-gift-bag","11":"first","12":"instock","13":"shipping-taxable","14":"product-type-simple","15":"swiper-slide"},"acf":[],"_links":{"self":[{"href":"https:\/\/www.sellersunionagent.com\/pl\/wp-json\/wp\/v2\/product\/22388","targetHints":{"allow":["GET"]}}],"collection":[{"href":"https:\/\/www.sellersunionagent.com\/pl\/wp-json\/wp\/v2\/product"}],"about":[{"href":"https:\/\/www.sellersunionagent.com\/pl\/wp-json\/wp\/v2\/types\/product"}],"replies":[{"embeddable":true,"href":"https:\/\/www.sellersunionagent.com\/pl\/wp-json\/wp\/v2\/comments?post=22388"}],"wp:featuredmedia":[{"embeddable":true,"href":"https:\/\/www.sellersunionagent.com\/pl\/wp-json\/wp\/v2\/media\/22389"}],"wp:attachment":[{"href":"https:\/\/www.sellersunionagent.com\/pl\/wp-json\/wp\/v2\/media?parent=22388"}],"wp:term":[{"taxonomy":"product_brand","embeddable":true,"href":"https:\/\/www.sellersunionagent.com\/pl\/wp-json\/wp\/v2\/product_brand?post=22388"},{"taxonomy":"product_cat","embeddable":true,"href":"https:\/\/www.sellersunionagent.com\/pl\/wp-json\/wp\/v2\/product_cat?post=22388"},{"taxonomy":"product_tag","embeddable":true,"href":"https:\/\/www.sellersunionagent.com\/pl\/wp-json\/wp\/v2\/product_tag?post=22388"}],"curies":[{"name":"wp","href":"https:\/\/api.w.org\/{rel}","templated":true}]}}