{"id":22378,"date":"2025-02-06T16:49:49","date_gmt":"2025-02-06T08:49:49","guid":{"rendered":"https:\/\/sellersunionagent.com\/?post_type=product&#038;p=22378"},"modified":"2025-11-28T10:29:15","modified_gmt":"2025-11-28T02:29:15","slug":"cartoon-mug-christmas-ceramic-water-cup-santa-claus-cup","status":"publish","type":"product","link":"https:\/\/www.sellersunionagent.com\/pl\/cartoon-mug-christmas-ceramic-water-cup-santa-claus-cup\/","title":{"rendered":"Cartoon Mug Christmas Ceramic Water Cup Santa Claus Cup"},"content":{"rendered":"<h1>Cartoon Mug Christmas Ceramic Water Cup Santa Claus Cup<\/h1>\n<h3>Typ: kubek<\/h3>\n<h3>Item Number: srjt-6<\/h3>\n<h3>Item Size: 14*10.2*10.3CM<\/h3>\n<h3>Kolory: czerwony<\/h3>\n<h3>Materia\u0142: ceramika<\/h3>\n<h3><\/h3>\n<ul>\n<li>\n<h4>Przytulny \u0142yk<\/h4>\n<\/li>\n<li>\n<h4>Holiday Hue<\/h4>\n<\/li>\n<li>\n<h4>\u015awi\u0105teczny design<\/h4>\n<\/li>\n<li>\n<h4>Ciep\u0142e wspomnienie<\/h4>\n<p><img fetchpriority=\"high\" decoding=\"async\" class=\"aligncenter wp-image-22383\" title=\"\u4f01\u4e1a\u5fae\u4fe1\u622a\u56fe 20250206164226 2025020608465454\" src=\"https:\/\/www.sellersunionagent.com\/wp-content\/uploads\/2025\/02\/\u4f01\u4e1a\u5fae\u4fe1\u622a\u56fe_20250206164226-2025020608465454.webp\" alt=\"Cartoon Mug Christmas Ceramic Water Cup Santa Claus Cup\" width=\"600\" height=\"541\" \/><\/p>\n<p><img decoding=\"async\" class=\"aligncenter wp-image-22384\" title=\"\u4f01\u4e1a\u5fae\u4fe1\u622a\u56fe 20250206164236 2025020608465725\" src=\"https:\/\/www.sellersunionagent.com\/wp-content\/uploads\/2025\/02\/\u4f01\u4e1a\u5fae\u4fe1\u622a\u56fe_20250206164236-2025020608465725.webp\" alt=\"Cartoon Mug Christmas Ceramic Water Cup Santa Claus Cup\" width=\"600\" height=\"529\" \/><\/p>\n<p><img decoding=\"async\" class=\"aligncenter wp-image-22385\" title=\"\u4f01\u4e1a\u5fae\u4fe1\u622a\u56fe 20250206164242 2025020608470084\" src=\"https:\/\/www.sellersunionagent.com\/wp-content\/uploads\/2025\/02\/\u4f01\u4e1a\u5fae\u4fe1\u622a\u56fe_20250206164242-2025020608470084.webp\" alt=\"Cartoon Mug Christmas Ceramic Water Cup Santa Claus Cup\" width=\"600\" height=\"515\" \/><\/p>\n<p><img loading=\"lazy\" decoding=\"async\" class=\"aligncenter wp-image-22386\" title=\"\u4f01\u4e1a\u5fae\u4fe1\u622a\u56fe 20250206164251 2025020608470397\" src=\"https:\/\/www.sellersunionagent.com\/wp-content\/uploads\/2025\/02\/\u4f01\u4e1a\u5fae\u4fe1\u622a\u56fe_20250206164251-2025020608470397.webp\" alt=\"Cartoon Mug Christmas Ceramic Water Cup Santa Claus Cup\" width=\"600\" height=\"513\" \/><\/li>\n<\/ul>","protected":false},"excerpt":{"rendered":"<p><strong>MOQ<\/strong>:  1000 szt.<br \/>\n<strong>Bezp\u0142atna pr\u00f3bka<\/strong>:  Obs\u0142ugiwane<br \/>\n<strong>Personalizacja<\/strong>logo \/ kolor \/ materia\u0142y \/ opakowanie itp.<br \/>\n<strong>Zni\u017cka<\/strong>:  Pierwsze zam\u00f3wienia ju\u017c od 10% taniej.<br \/>\n<strong>Wska\u017anik terminowo\u015bci dostaw<\/strong>:\u00a0 100%<br \/>\n<strong>Przesy\u0142ki og\u00f3\u0142em<\/strong>:  10000 szt.<br \/>\n<strong>Wysy\u0142ka<\/strong>: Fracht morski Fracht l\u0105dowy<\/p>","protected":false},"featured_media":22379,"comment_status":"open","ping_status":"closed","template":"","meta":{"_acf_changed":false},"product_brand":[],"product_cat":[235,322],"product_tag":[],"class_list":{"0":"post-22378","1":"product","2":"type-product","3":"status-publish","4":"has-post-thumbnail","6":"product_cat-christmas-decoration","7":"product_cat-christmas-gift","9":"first","10":"instock","11":"shipping-taxable","12":"product-type-simple","13":"swiper-slide"},"acf":[],"_links":{"self":[{"href":"https:\/\/www.sellersunionagent.com\/pl\/wp-json\/wp\/v2\/product\/22378","targetHints":{"allow":["GET"]}}],"collection":[{"href":"https:\/\/www.sellersunionagent.com\/pl\/wp-json\/wp\/v2\/product"}],"about":[{"href":"https:\/\/www.sellersunionagent.com\/pl\/wp-json\/wp\/v2\/types\/product"}],"replies":[{"embeddable":true,"href":"https:\/\/www.sellersunionagent.com\/pl\/wp-json\/wp\/v2\/comments?post=22378"}],"wp:featuredmedia":[{"embeddable":true,"href":"https:\/\/www.sellersunionagent.com\/pl\/wp-json\/wp\/v2\/media\/22379"}],"wp:attachment":[{"href":"https:\/\/www.sellersunionagent.com\/pl\/wp-json\/wp\/v2\/media?parent=22378"}],"wp:term":[{"taxonomy":"product_brand","embeddable":true,"href":"https:\/\/www.sellersunionagent.com\/pl\/wp-json\/wp\/v2\/product_brand?post=22378"},{"taxonomy":"product_cat","embeddable":true,"href":"https:\/\/www.sellersunionagent.com\/pl\/wp-json\/wp\/v2\/product_cat?post=22378"},{"taxonomy":"product_tag","embeddable":true,"href":"https:\/\/www.sellersunionagent.com\/pl\/wp-json\/wp\/v2\/product_tag?post=22378"}],"curies":[{"name":"wp","href":"https:\/\/api.w.org\/{rel}","templated":true}]}}