{"id":22357,"date":"2025-02-06T15:11:04","date_gmt":"2025-02-06T07:11:04","guid":{"rendered":"https:\/\/sellersunionagent.com\/?post_type=product&#038;p=22357"},"modified":"2025-11-28T10:29:16","modified_gmt":"2025-11-28T02:29:16","slug":"ceramiczny-kubek-swiateczny-balwanek-mikolaj-swiateczny-kubek-na-wode","status":"publish","type":"product","link":"https:\/\/www.sellersunionagent.com\/pl\/ceramic-christmas-snowman-cup-santa-claus-holiday-water-cup\/","title":{"rendered":"Ceramiczny \u015bwi\u0105teczny kubek na wod\u0119 z ba\u0142wankiem i Miko\u0142ajem"},"content":{"rendered":"<h1>Ceramiczny \u015bwi\u0105teczny kubek na wod\u0119 z ba\u0142wankiem i Miko\u0142ajem<\/h1>\n<h3>Typ: kubek<\/h3>\n<h3>Numer artyku\u0142u: srjt-5<\/h3>\n<h3>Rozmiar produktu: 380ML<\/h3>\n<h3>Kolory: czerwony\/zielony<\/h3>\n<h3>Materia\u0142: ceramika<\/h3>\n<h3><\/h3>\n<ul>\n<li>\n<h4>Przytulny \u0142yk<\/h4>\n<\/li>\n<li>\n<h4>Holiday Hue<\/h4>\n<\/li>\n<li>\n<h4>\u015awi\u0105teczny design<\/h4>\n<\/li>\n<li>\n<h4>Ciep\u0142e wspomnienie<\/h4>\n<p><img fetchpriority=\"high\" decoding=\"async\" class=\"aligncenter wp-image-22362\" title=\"\u4f01\u4e1a\u5fae\u4fe1\u622a\u56fe 20250206150554 2025020607075568\" src=\"https:\/\/www.sellersunionagent.com\/wp-content\/uploads\/2025\/02\/\u4f01\u4e1a\u5fae\u4fe1\u622a\u56fe_20250206150554-2025020607075568.webp\" alt=\"Ceramiczny \u015bwi\u0105teczny kubek na wod\u0119 z ba\u0142wankiem i Miko\u0142ajem\" width=\"600\" height=\"395\" \/><\/p>\n<p><img decoding=\"async\" class=\"aligncenter wp-image-22363\" title=\"\u4f01\u4e1a\u5fae\u4fe1\u622a\u56fe 20250206150605 2025020607080031\" src=\"https:\/\/www.sellersunionagent.com\/wp-content\/uploads\/2025\/02\/\u4f01\u4e1a\u5fae\u4fe1\u622a\u56fe_20250206150605-2025020607080031.webp\" alt=\"Ceramiczny \u015bwi\u0105teczny kubek na wod\u0119 z ba\u0142wankiem i Miko\u0142ajem\" width=\"600\" height=\"396\" \/><\/p>\n<p><img decoding=\"async\" class=\"aligncenter wp-image-22364\" title=\"\u4f01\u4e1a\u5fae\u4fe1\u622a\u56fe 20250206150626 2025020607080492\" src=\"https:\/\/www.sellersunionagent.com\/wp-content\/uploads\/2025\/02\/\u4f01\u4e1a\u5fae\u4fe1\u622a\u56fe_20250206150626-2025020607080492.webp\" alt=\"Ceramiczny \u015bwi\u0105teczny kubek na wod\u0119 z ba\u0142wankiem i Miko\u0142ajem\" width=\"600\" height=\"398\" \/><\/p>\n<p><img loading=\"lazy\" decoding=\"async\" class=\"aligncenter wp-image-22365\" title=\"\u4f01\u4e1a\u5fae\u4fe1\u622a\u56fe 20250206150642 2025020607080921\" src=\"https:\/\/www.sellersunionagent.com\/wp-content\/uploads\/2025\/02\/\u4f01\u4e1a\u5fae\u4fe1\u622a\u56fe_20250206150642-2025020607080921.webp\" alt=\"Ceramiczny \u015bwi\u0105teczny kubek na wod\u0119 z ba\u0142wankiem i Miko\u0142ajem\" width=\"600\" height=\"394\" \/><\/li>\n<\/ul>","protected":false},"excerpt":{"rendered":"<p><strong>MOQ<\/strong>:  1000 szt.<br \/>\n<strong>Bezp\u0142atna pr\u00f3bka<\/strong>:  Obs\u0142ugiwane<br \/>\n<strong>Personalizacja<\/strong>logo \/ kolor \/ materia\u0142y \/ opakowanie itp.<br \/>\n<strong>Zni\u017cka<\/strong>:  Pierwsze zam\u00f3wienia ju\u017c od 10% taniej.<br \/>\n<strong>Wska\u017anik terminowo\u015bci dostaw<\/strong>:\u00a0 100%<br \/>\n<strong>Przesy\u0142ki og\u00f3\u0142em<\/strong>:  10000 szt.<br \/>\n<strong>Wysy\u0142ka<\/strong>: Fracht morski Fracht l\u0105dowy<\/p>","protected":false},"featured_media":22358,"comment_status":"open","ping_status":"closed","template":"","meta":{"_acf_changed":false},"product_brand":[],"product_cat":[235,322],"product_tag":[87,43,49,42,50,99],"class_list":{"0":"post-22357","1":"product","2":"type-product","3":"status-publish","4":"has-post-thumbnail","6":"product_cat-christmas-decoration","7":"product_cat-christmas-gift","8":"product_tag-bulk-wholesale","9":"product_tag-fashion","10":"product_tag-good-quality","11":"product_tag-high-quality","12":"product_tag-wholesale","13":"product_tag-wholesale-maker-from-china","15":"first","16":"instock","17":"shipping-taxable","18":"product-type-simple","19":"swiper-slide"},"acf":[],"_links":{"self":[{"href":"https:\/\/www.sellersunionagent.com\/pl\/wp-json\/wp\/v2\/product\/22357","targetHints":{"allow":["GET"]}}],"collection":[{"href":"https:\/\/www.sellersunionagent.com\/pl\/wp-json\/wp\/v2\/product"}],"about":[{"href":"https:\/\/www.sellersunionagent.com\/pl\/wp-json\/wp\/v2\/types\/product"}],"replies":[{"embeddable":true,"href":"https:\/\/www.sellersunionagent.com\/pl\/wp-json\/wp\/v2\/comments?post=22357"}],"wp:featuredmedia":[{"embeddable":true,"href":"https:\/\/www.sellersunionagent.com\/pl\/wp-json\/wp\/v2\/media\/22358"}],"wp:attachment":[{"href":"https:\/\/www.sellersunionagent.com\/pl\/wp-json\/wp\/v2\/media?parent=22357"}],"wp:term":[{"taxonomy":"product_brand","embeddable":true,"href":"https:\/\/www.sellersunionagent.com\/pl\/wp-json\/wp\/v2\/product_brand?post=22357"},{"taxonomy":"product_cat","embeddable":true,"href":"https:\/\/www.sellersunionagent.com\/pl\/wp-json\/wp\/v2\/product_cat?post=22357"},{"taxonomy":"product_tag","embeddable":true,"href":"https:\/\/www.sellersunionagent.com\/pl\/wp-json\/wp\/v2\/product_tag?post=22357"}],"curies":[{"name":"wp","href":"https:\/\/api.w.org\/{rel}","templated":true}]}}