{"id":22322,"date":"2025-02-06T14:06:04","date_gmt":"2025-02-06T06:06:04","guid":{"rendered":"https:\/\/sellersunionagent.com\/?post_type=product&#038;p=22322"},"modified":"2025-11-28T16:47:11","modified_gmt":"2025-11-28T08:47:11","slug":"czapka-swiateczna-mini-mikolaj-czapka-lizak-czapka-mini-lalka-czapka-nietkana","status":"publish","type":"product","link":"https:\/\/www.sellersunionagent.com\/pl\/christmas-mini-santa-hat-lollipop-hat-mini-doll-hat-non-woven-cap\/","title":{"rendered":"\u015awi\u0105teczna czapka mini Santa Hat Lollipop Hat Mini Doll Hat Non-woven Cap"},"content":{"rendered":"<h1>\u015awi\u0105teczna czapka mini Santa Hat Lollipop Hat Mini Doll Hat Non-woven Cap<\/h1>\n<h3>Typ: Dekoracja<br \/>\nNumer artyku\u0142u: srjt-2<br \/>\nRozmiar elementu: 4 * 7 CM<br \/>\nKolory: czerwony<br \/>\nMateria\u0142: W\u0142\u00f3knina<\/h3>\n<ul>\n<li>\n<h4>\u00a0\u015awi\u0105teczny urok<\/h4>\n<\/li>\n<li>\n<h4>\u00a0Merry Deco<\/h4>\n<\/li>\n<li>\n<h4>\u00a0S\u0142odkie wakacje<\/h4>\n<\/li>\n<li>\n<h4>\u00a0\u015awi\u0105teczny blask<\/h4>\n<p><img fetchpriority=\"high\" decoding=\"async\" class=\"aligncenter wp-image-22324\" title=\"\u4f01\u4e1a\u5fae\u4fe1\u622a\u56fe 20250206135222 2025020606005776\" src=\"https:\/\/www.sellersunionagent.com\/wp-content\/uploads\/2025\/02\/\u4f01\u4e1a\u5fae\u4fe1\u622a\u56fe_20250206135222-2025020606005776.webp\" alt=\"\u00a0S\u0142odki \u015bwi\u0105teczny blask\" width=\"600\" height=\"531\" \/><\/p>\n<p><img decoding=\"async\" class=\"aligncenter wp-image-22323\" title=\"\u4f01\u4e1a\u5fae\u4fe1\u622a\u56fe 20250206135122 2025020606004647\" src=\"https:\/\/www.sellersunionagent.com\/wp-content\/uploads\/2025\/02\/\u4f01\u4e1a\u5fae\u4fe1\u622a\u56fe_20250206135122-2025020606004647.webp\" alt=\"\u00a0S\u0142odki \u015bwi\u0105teczny blask\" width=\"600\" height=\"404\" \/><\/p>\n<p><img decoding=\"async\" class=\"aligncenter wp-image-22325\" title=\"\u4f01\u4e1a\u5fae\u4fe1\u622a\u56fe 20250206135234 2025020606011026\" src=\"https:\/\/www.sellersunionagent.com\/wp-content\/uploads\/2025\/02\/\u4f01\u4e1a\u5fae\u4fe1\u622a\u56fe_20250206135234-2025020606011026.webp\" alt=\"\u00a0S\u0142odki \u015bwi\u0105teczny blask\" width=\"600\" height=\"582\" \/><\/p>\n<p><img loading=\"lazy\" decoding=\"async\" class=\"aligncenter wp-image-22326\" title=\"\u4f01\u4e1a\u5fae\u4fe1\u622a\u56fe 20250206135247 2025020606011373\" src=\"https:\/\/www.sellersunionagent.com\/wp-content\/uploads\/2025\/02\/\u4f01\u4e1a\u5fae\u4fe1\u622a\u56fe_20250206135247-2025020606011373.webp\" alt=\"\u00a0S\u0142odki \u015bwi\u0105teczny blask\" width=\"600\" height=\"562\" \/><\/li>\n<\/ul>","protected":false},"excerpt":{"rendered":"<p><strong>MOQ<\/strong>:  1000 szt.<br \/>\n<strong>Bezp\u0142atna pr\u00f3bka<\/strong>:  Obs\u0142ugiwane<br \/>\n<strong>Personalizacja<\/strong>logo \/ kolor \/ materia\u0142y \/ opakowanie itp.<br \/>\n<strong>Zni\u017cka<\/strong>:  Pierwsze zam\u00f3wienia ju\u017c od 10% taniej.<br \/>\n<strong>Wska\u017anik terminowo\u015bci dostaw<\/strong>:\u00a0 100%<br \/>\n<strong>Przesy\u0142ki og\u00f3\u0142em<\/strong>:  10000 szt.<br \/>\n<strong>Wysy\u0142ka<\/strong>: Fracht morski Fracht l\u0105dowy<\/p>","protected":false},"featured_media":22327,"comment_status":"open","ping_status":"closed","template":"","meta":{"_acf_changed":false},"product_brand":[],"product_cat":[235,322],"product_tag":[87,42,50,99],"class_list":{"0":"post-22322","1":"product","2":"type-product","3":"status-publish","4":"has-post-thumbnail","6":"product_cat-christmas-decoration","7":"product_cat-christmas-gift","8":"product_tag-bulk-wholesale","9":"product_tag-high-quality","10":"product_tag-wholesale","11":"product_tag-wholesale-maker-from-china","13":"first","14":"instock","15":"shipping-taxable","16":"product-type-simple","17":"swiper-slide"},"acf":[],"_links":{"self":[{"href":"https:\/\/www.sellersunionagent.com\/pl\/wp-json\/wp\/v2\/product\/22322","targetHints":{"allow":["GET"]}}],"collection":[{"href":"https:\/\/www.sellersunionagent.com\/pl\/wp-json\/wp\/v2\/product"}],"about":[{"href":"https:\/\/www.sellersunionagent.com\/pl\/wp-json\/wp\/v2\/types\/product"}],"replies":[{"embeddable":true,"href":"https:\/\/www.sellersunionagent.com\/pl\/wp-json\/wp\/v2\/comments?post=22322"}],"wp:featuredmedia":[{"embeddable":true,"href":"https:\/\/www.sellersunionagent.com\/pl\/wp-json\/wp\/v2\/media\/22327"}],"wp:attachment":[{"href":"https:\/\/www.sellersunionagent.com\/pl\/wp-json\/wp\/v2\/media?parent=22322"}],"wp:term":[{"taxonomy":"product_brand","embeddable":true,"href":"https:\/\/www.sellersunionagent.com\/pl\/wp-json\/wp\/v2\/product_brand?post=22322"},{"taxonomy":"product_cat","embeddable":true,"href":"https:\/\/www.sellersunionagent.com\/pl\/wp-json\/wp\/v2\/product_cat?post=22322"},{"taxonomy":"product_tag","embeddable":true,"href":"https:\/\/www.sellersunionagent.com\/pl\/wp-json\/wp\/v2\/product_tag?post=22322"}],"curies":[{"name":"wp","href":"https:\/\/api.w.org\/{rel}","templated":true}]}}