{"id":22302,"date":"2025-02-05T18:18:11","date_gmt":"2025-02-05T10:18:11","guid":{"rendered":"https:\/\/sellersunionagent.com\/?post_type=product&#038;p=22302"},"modified":"2025-11-28T10:38:45","modified_gmt":"2025-11-28T02:38:45","slug":"christmas-series-keychain-cute-metal-pendant-decoration-wholesale","status":"publish","type":"product","link":"https:\/\/www.sellersunionagent.com\/pl\/christmas-series-keychain-cute-metal-pendant-decoration-wholesale\/","title":{"rendered":"Christmas Series Keychain Cute Metal Pendant Decoration Wholesale"},"content":{"rendered":"<h1><strong>Christmas Series Keychain Cute Metal Pendant Decoration Wholesale<\/strong><\/h1>\n<h3>Type: Keychain<br \/>\nItem Number:CHY-6317-2685-2075<br \/>\nItem Size: 11.1*3.4CM<br \/>\nKinds: Christmas stocking\/Christmas tree\/Snowman<br \/>\nMaterial: metal<\/h3>\n<p>&nbsp;<\/p>\n<ul>\n<li>\n<h4>Wysoka jako\u015b\u0107<\/h4>\n<\/li>\n<li>\n<h4>Przeno\u015bny<\/h4>\n<\/li>\n<li>\n<h4>Klasyczny urok \u015bwi\u0105t<\/h4>\n<\/li>\n<\/ul>\n<p>&nbsp;<\/p>\n<p>&nbsp;<\/p>\n<p><img fetchpriority=\"high\" decoding=\"async\" class=\"wp-image-22316 aligncenter\" title=\"Christmas Series Keychain Cute Metal Pendant Decoration Wholesale\" src=\"https:\/\/www.sellersunionagent.com\/wp-content\/uploads\/2025\/02\/44444-2025020510143985.webp\" alt=\"Christmas Series Keychain Cute Metal Pendant Decoration Wholesale\" width=\"600\" height=\"600\" \/><\/p>\n<p><img decoding=\"async\" class=\"wp-image-22317 aligncenter\" title=\"Christmas Series Keychain Cute Metal Pendant Decoration Wholesale\" src=\"https:\/\/www.sellersunionagent.com\/wp-content\/uploads\/2025\/02\/O1CN01uA3p6x2A5DFOUfE0U_1874418151-0-cib-2025020510170210.webp\" alt=\"Christmas Series Keychain Cute Metal Pendant Decoration Wholesale\" width=\"600\" height=\"600\" \/><\/p>","protected":false},"excerpt":{"rendered":"<p><strong>MOQ<\/strong>:  1000 szt.<br \/>\n<strong>Bezp\u0142atna pr\u00f3bka<\/strong>:  Obs\u0142ugiwane<br \/>\n<strong>Personalizacja<\/strong>logo \/ kolor \/ materia\u0142y \/ opakowanie itp.<br \/>\n<strong>Zni\u017cka<\/strong>:  Pierwsze zam\u00f3wienia ju\u017c od 10% taniej.<br \/>\n<strong>Wska\u017anik terminowo\u015bci dostaw<\/strong>:\u00a0 100%<br \/>\n<strong>Przesy\u0142ki og\u00f3\u0142em<\/strong>:  10000 szt.<br \/>\n<strong>Wysy\u0142ka<\/strong>: Fracht morski Fracht l\u0105dowy<\/p>","protected":false},"featured_media":22304,"comment_status":"open","ping_status":"closed","template":"","meta":{"_acf_changed":false},"product_brand":[],"product_cat":[235,322],"product_tag":[287],"class_list":{"0":"post-22302","1":"product","2":"type-product","3":"status-publish","4":"has-post-thumbnail","6":"product_cat-christmas-decoration","7":"product_cat-christmas-gift","8":"product_tag-christmas-series-keychain-cute-metal-pendant-decoration-wholesale","10":"first","11":"instock","12":"shipping-taxable","13":"product-type-simple","14":"swiper-slide"},"acf":[],"_links":{"self":[{"href":"https:\/\/www.sellersunionagent.com\/pl\/wp-json\/wp\/v2\/product\/22302","targetHints":{"allow":["GET"]}}],"collection":[{"href":"https:\/\/www.sellersunionagent.com\/pl\/wp-json\/wp\/v2\/product"}],"about":[{"href":"https:\/\/www.sellersunionagent.com\/pl\/wp-json\/wp\/v2\/types\/product"}],"replies":[{"embeddable":true,"href":"https:\/\/www.sellersunionagent.com\/pl\/wp-json\/wp\/v2\/comments?post=22302"}],"wp:featuredmedia":[{"embeddable":true,"href":"https:\/\/www.sellersunionagent.com\/pl\/wp-json\/wp\/v2\/media\/22304"}],"wp:attachment":[{"href":"https:\/\/www.sellersunionagent.com\/pl\/wp-json\/wp\/v2\/media?parent=22302"}],"wp:term":[{"taxonomy":"product_brand","embeddable":true,"href":"https:\/\/www.sellersunionagent.com\/pl\/wp-json\/wp\/v2\/product_brand?post=22302"},{"taxonomy":"product_cat","embeddable":true,"href":"https:\/\/www.sellersunionagent.com\/pl\/wp-json\/wp\/v2\/product_cat?post=22302"},{"taxonomy":"product_tag","embeddable":true,"href":"https:\/\/www.sellersunionagent.com\/pl\/wp-json\/wp\/v2\/product_tag?post=22302"}],"curies":[{"name":"wp","href":"https:\/\/api.w.org\/{rel}","templated":true}]}}