{"id":22287,"date":"2025-02-05T17:04:08","date_gmt":"2025-02-05T09:04:08","guid":{"rendered":"https:\/\/sellersunionagent.com\/?post_type=product&#038;p=22287"},"modified":"2025-11-28T10:39:15","modified_gmt":"2025-11-28T02:39:15","slug":"christmas-red-antler-hair-band-holiday-photo-headdress","status":"publish","type":"product","link":"https:\/\/www.sellersunionagent.com\/pl\/christmas-red-antler-hair-band-holiday-photo-headdress\/","title":{"rendered":"\u015awi\u0105teczna opaska do w\u0142os\u00f3w z czerwonym poro\u017cem"},"content":{"rendered":"<h1><strong>\u015awi\u0105teczna opaska do w\u0142os\u00f3w z czerwonym poro\u017cem<\/strong><\/h1>\n<h3>Type: Hair band<br \/>\nItem Number:CYY-2024-1<br \/>\nItem Size: 19.5*22.5CM<br \/>\nKolory: czerwony\/zielony<br \/>\nMaterial: wool yarn<\/h3>\n<ul>\n<li>\n<h4>R\u0119cznie robione<\/h4>\n<\/li>\n<li>\n<h4>Warm Holiday Vibe<\/h4>\n<\/li>\n<li>\n<h4>Wysoka jako\u015b\u0107<\/h4>\n<\/li>\n<\/ul>\n<p>&nbsp;<\/p>\n<p>&nbsp;<\/p>\n<p>&nbsp;<\/p>\n<p>&nbsp;<\/p>\n<p><img fetchpriority=\"high\" decoding=\"async\" class=\"wp-image-22290 aligncenter\" title=\"\u015awi\u0105teczna opaska do w\u0142os\u00f3w z czerwonym poro\u017cem\" src=\"https:\/\/www.sellersunionagent.com\/wp-content\/uploads\/2025\/02\/111-2025020508550462.webp\" alt=\"\u015awi\u0105teczna opaska do w\u0142os\u00f3w z czerwonym poro\u017cem \" width=\"600\" height=\"601\" \/><\/p>","protected":false},"excerpt":{"rendered":"<p><strong>MOQ<\/strong>:  1000 szt.<br \/>\n<strong>Bezp\u0142atna pr\u00f3bka<\/strong>:  Obs\u0142ugiwane<br \/>\n<strong>Personalizacja<\/strong>logo \/ kolor \/ materia\u0142y \/ opakowanie itp.<br \/>\n<strong>Zni\u017cka<\/strong>:  Pierwsze zam\u00f3wienia ju\u017c od 10% taniej.<br \/>\n<strong>Wska\u017anik terminowo\u015bci dostaw<\/strong>:\u00a0 100%<br \/>\n<strong>Przesy\u0142ki og\u00f3\u0142em<\/strong>:  10000 szt.<br \/>\n<strong>Wysy\u0142ka<\/strong>: Fracht morski Fracht l\u0105dowy<\/p>","protected":false},"featured_media":22293,"comment_status":"open","ping_status":"closed","template":"","meta":{"_acf_changed":false},"product_brand":[],"product_cat":[235,322],"product_tag":[285],"class_list":{"0":"post-22287","1":"product","2":"type-product","3":"status-publish","4":"has-post-thumbnail","6":"product_cat-christmas-decoration","7":"product_cat-christmas-gift","8":"product_tag-christmas-red-antler-hair-band-holiday-photo-headdress","10":"first","11":"instock","12":"shipping-taxable","13":"product-type-simple","14":"swiper-slide"},"acf":[],"_links":{"self":[{"href":"https:\/\/www.sellersunionagent.com\/pl\/wp-json\/wp\/v2\/product\/22287","targetHints":{"allow":["GET"]}}],"collection":[{"href":"https:\/\/www.sellersunionagent.com\/pl\/wp-json\/wp\/v2\/product"}],"about":[{"href":"https:\/\/www.sellersunionagent.com\/pl\/wp-json\/wp\/v2\/types\/product"}],"replies":[{"embeddable":true,"href":"https:\/\/www.sellersunionagent.com\/pl\/wp-json\/wp\/v2\/comments?post=22287"}],"wp:featuredmedia":[{"embeddable":true,"href":"https:\/\/www.sellersunionagent.com\/pl\/wp-json\/wp\/v2\/media\/22293"}],"wp:attachment":[{"href":"https:\/\/www.sellersunionagent.com\/pl\/wp-json\/wp\/v2\/media?parent=22287"}],"wp:term":[{"taxonomy":"product_brand","embeddable":true,"href":"https:\/\/www.sellersunionagent.com\/pl\/wp-json\/wp\/v2\/product_brand?post=22287"},{"taxonomy":"product_cat","embeddable":true,"href":"https:\/\/www.sellersunionagent.com\/pl\/wp-json\/wp\/v2\/product_cat?post=22287"},{"taxonomy":"product_tag","embeddable":true,"href":"https:\/\/www.sellersunionagent.com\/pl\/wp-json\/wp\/v2\/product_tag?post=22287"}],"curies":[{"name":"wp","href":"https:\/\/api.w.org\/{rel}","templated":true}]}}