{"id":22280,"date":"2025-02-05T16:31:29","date_gmt":"2025-02-05T08:31:29","guid":{"rendered":"https:\/\/sellersunionagent.com\/?post_type=product&#038;p=22280"},"modified":"2025-11-28T10:03:29","modified_gmt":"2025-11-28T02:03:29","slug":"swiateczna-trojwymiarowa-torba-prezentowa-na-skarpetki-oversize","status":"publish","type":"product","link":"https:\/\/www.sellersunionagent.com\/pl\/christmas-three-dimensional-elderly-socks-gift-bag-oversized\/","title":{"rendered":"\u015awi\u0105teczne tr\u00f3jwymiarowe skarpetki dla os\u00f3b starszych Torba prezentowa Oversized"},"content":{"rendered":"<h1><strong>\u015awi\u0105teczne tr\u00f3jwymiarowe skarpetki dla os\u00f3b starszych Torba prezentowa Oversized<\/strong><\/h1>\n<h3>Typ: Torba prezentowa<br \/>\nNumer artyku\u0142u: JQ-G8-B<br \/>\nRozmiar elementu: 22 * 25 * 45 CM<br \/>\nKolory: bia\u0142y\/czerwony<br \/>\nMateria\u0142: poliester<\/h3>\n<ul>\n<li>\n<h4>Wyj\u0105tkowy styl<\/h4>\n<\/li>\n<li>\n<h4>Ciep\u0142a wakacyjna atmosfera<\/h4>\n<\/li>\n<li>\n<h4>Oversized<\/h4>\n<\/li>\n<\/ul>\n<p>&nbsp;<\/p>\n<p>&nbsp;<\/p>\n<p><img fetchpriority=\"high\" decoding=\"async\" class=\"wp-image-22281 aligncenter\" title=\"\u00a0\u015awi\u0105teczne tr\u00f3jwymiarowe skarpetki dla os\u00f3b starszych Torba prezentowa Oversized\" src=\"https:\/\/www.sellersunionagent.com\/wp-content\/uploads\/2025\/02\/11-2025020508244718.webp\" alt=\"\u00a0\u015awi\u0105teczne tr\u00f3jwymiarowe skarpetki dla os\u00f3b starszych Torba prezentowa Oversized\" width=\"600\" height=\"600\" \/> <img decoding=\"async\" class=\"wp-image-22286 aligncenter\" title=\"\u00a0\u015awi\u0105teczne tr\u00f3jwymiarowe skarpetki dla os\u00f3b starszych Torba prezentowa Oversized\" src=\"https:\/\/www.sellersunionagent.com\/wp-content\/uploads\/2025\/02\/66-2025020508280743.webp\" alt=\"\u00a0\u015awi\u0105teczne tr\u00f3jwymiarowe skarpetki dla os\u00f3b starszych Torba prezentowa Oversized\" width=\"600\" height=\"600\" \/><\/p>","protected":false},"excerpt":{"rendered":"<p><strong>MOQ<\/strong>:  1000 szt.<br \/>\n<strong>Bezp\u0142atna pr\u00f3bka<\/strong>:  Obs\u0142ugiwane<br \/>\n<strong>Personalizacja<\/strong>logo \/ kolor \/ materia\u0142y \/ opakowanie itp.<br \/>\n<strong>Zni\u017cka<\/strong>:  Pierwsze zam\u00f3wienia ju\u017c od 10% taniej.<br \/>\n<strong>Wska\u017anik terminowo\u015bci dostaw<\/strong>:\u00a0 100%<br \/>\n<strong>Przesy\u0142ki og\u00f3\u0142em<\/strong>:  10000 szt.<br \/>\n<strong>Wysy\u0142ka<\/strong>: Fracht morski Fracht l\u0105dowy<\/p>","protected":false},"featured_media":22282,"comment_status":"open","ping_status":"closed","template":"","meta":{"_acf_changed":false},"product_brand":[],"product_cat":[235,323,318],"product_tag":[284],"class_list":{"0":"post-22280","1":"product","2":"type-product","3":"status-publish","4":"has-post-thumbnail","6":"product_cat-christmas-decoration","7":"product_cat-christmas-textiles","8":"product_cat-christmas-tree-ornaments","9":"product_tag-christmas-three-dimensional-elderly-socks-gift-bag-oversized","11":"first","12":"instock","13":"shipping-taxable","14":"product-type-simple","15":"swiper-slide"},"acf":[],"_links":{"self":[{"href":"https:\/\/www.sellersunionagent.com\/pl\/wp-json\/wp\/v2\/product\/22280","targetHints":{"allow":["GET"]}}],"collection":[{"href":"https:\/\/www.sellersunionagent.com\/pl\/wp-json\/wp\/v2\/product"}],"about":[{"href":"https:\/\/www.sellersunionagent.com\/pl\/wp-json\/wp\/v2\/types\/product"}],"replies":[{"embeddable":true,"href":"https:\/\/www.sellersunionagent.com\/pl\/wp-json\/wp\/v2\/comments?post=22280"}],"wp:featuredmedia":[{"embeddable":true,"href":"https:\/\/www.sellersunionagent.com\/pl\/wp-json\/wp\/v2\/media\/22282"}],"wp:attachment":[{"href":"https:\/\/www.sellersunionagent.com\/pl\/wp-json\/wp\/v2\/media?parent=22280"}],"wp:term":[{"taxonomy":"product_brand","embeddable":true,"href":"https:\/\/www.sellersunionagent.com\/pl\/wp-json\/wp\/v2\/product_brand?post=22280"},{"taxonomy":"product_cat","embeddable":true,"href":"https:\/\/www.sellersunionagent.com\/pl\/wp-json\/wp\/v2\/product_cat?post=22280"},{"taxonomy":"product_tag","embeddable":true,"href":"https:\/\/www.sellersunionagent.com\/pl\/wp-json\/wp\/v2\/product_tag?post=22280"}],"curies":[{"name":"wp","href":"https:\/\/api.w.org\/{rel}","templated":true}]}}