{"id":22271,"date":"2025-02-05T16:12:03","date_gmt":"2025-02-05T08:12:03","guid":{"rendered":"https:\/\/sellersunionagent.com\/?post_type=product&#038;p=22271"},"modified":"2025-11-28T10:23:13","modified_gmt":"2025-11-28T02:23:13","slug":"creative-christmas-apple-packaging-box-high-grade-thickened-flannel","status":"publish","type":"product","link":"https:\/\/www.sellersunionagent.com\/pl\/creative-christmas-apple-packaging-box-high-grade-thickened-flannel\/","title":{"rendered":"Creative Christmas Apple Packaging Box High-grade Thickened Flannel"},"content":{"rendered":"<div class=\"elementor-element elementor-element-42815df elementor-widget elementor-widget-heading\" data-id=\"42815df\" data-element_type=\"widget\" data-widget_type=\"heading.default\">\n<div class=\"elementor-widget-container\"><\/div>\n<\/div>\n<h1>Creative Christmas Apple Packaging Box High-grade Thickened Flannel<\/h1>\n<h3>Type: Packaging box<br \/>\nItem Number:SDRBH-001<br \/>\nItem Size:13.5*13.5*12.5CM<br \/>\nColors: red and green<br \/>\nMateria\u0142: tkanina<\/h3>\n<p>&nbsp;<\/p>\n<ul>\n<li>\n<h4>High-quality fabrics<\/h4>\n<\/li>\n<li>\n<h4>Fine bow tie<\/h4>\n<\/li>\n<li>\n<h4>Ciep\u0142a wakacyjna atmosfera<\/h4>\n<\/li>\n<li>\n<h4>Wyj\u0105tkowy styl<\/h4>\n<\/li>\n<\/ul>\n<h4><\/h4>\n<div class=\"mceTemp\"><\/div>\n<div class=\"mceTemp\"><\/div>\n<p><img fetchpriority=\"high\" decoding=\"async\" class=\"aligncenter wp-image-22276\" title=\"Creative Christmas Apple Packaging Box High-grade Thickened Flannel\" src=\"https:\/\/www.sellersunionagent.com\/wp-content\/uploads\/2025\/02\/6-2025020508034471.webp\" alt=\"Creative Christmas Apple Packaging Box High-grade Thickened Flannel\" width=\"600\" height=\"600\" \/><\/p>\n<p><img decoding=\"async\" class=\"wp-image-22273 aligncenter\" title=\"Creative Christmas Apple Packaging Box High-grade Thickened Flannel\" src=\"https:\/\/www.sellersunionagent.com\/wp-content\/uploads\/2025\/02\/2-2025020508005326.webp\" alt=\"Creative Christmas Apple Packaging Box High-grade Thickened Flannel\" width=\"600\" height=\"600\" \/><\/p>\n<p><img decoding=\"async\" class=\"wp-image-22272 aligncenter\" title=\"Creative Christmas Apple Packaging Box High-grade Thickened Flannel\" src=\"https:\/\/www.sellersunionagent.com\/wp-content\/uploads\/2025\/02\/1-2025020507560397.webp\" alt=\"Creative Christmas Apple Packaging Box High-grade Thickened Flannel\" width=\"600\" height=\"600\" \/><\/p>\n<p>&nbsp;<\/p>\n<p>&nbsp;<\/p>\n<p>&nbsp;<\/p>","protected":false},"excerpt":{"rendered":"<p><strong>MOQ<\/strong>:  1000 szt.<br \/>\n<strong>Bezp\u0142atna pr\u00f3bka<\/strong>:  Obs\u0142ugiwane<br \/>\n<strong>Personalizacja<\/strong>logo \/ kolor \/ materia\u0142y \/ opakowanie itp.<br \/>\n<strong>Zni\u017cka<\/strong>:  Pierwsze zam\u00f3wienia ju\u017c od 10% taniej.<br \/>\n<strong>Wska\u017anik terminowo\u015bci dostaw<\/strong>:\u00a0 100%<br \/>\n<strong>Przesy\u0142ki og\u00f3\u0142em<\/strong>:  10000 szt.<br \/>\n<strong>Wysy\u0142ka<\/strong>: Fracht morski Fracht l\u0105dowy<\/p>","protected":false},"featured_media":22274,"comment_status":"open","ping_status":"closed","template":"","meta":{"_acf_changed":false},"product_brand":[],"product_cat":[235,322],"product_tag":[283],"class_list":{"0":"post-22271","1":"product","2":"type-product","3":"status-publish","4":"has-post-thumbnail","6":"product_cat-christmas-decoration","7":"product_cat-christmas-gift","8":"product_tag-creative-christmas-apple-packaging-box-high-grade-thickened-flannel","10":"first","11":"instock","12":"shipping-taxable","13":"product-type-simple","14":"swiper-slide"},"acf":[],"_links":{"self":[{"href":"https:\/\/www.sellersunionagent.com\/pl\/wp-json\/wp\/v2\/product\/22271","targetHints":{"allow":["GET"]}}],"collection":[{"href":"https:\/\/www.sellersunionagent.com\/pl\/wp-json\/wp\/v2\/product"}],"about":[{"href":"https:\/\/www.sellersunionagent.com\/pl\/wp-json\/wp\/v2\/types\/product"}],"replies":[{"embeddable":true,"href":"https:\/\/www.sellersunionagent.com\/pl\/wp-json\/wp\/v2\/comments?post=22271"}],"wp:featuredmedia":[{"embeddable":true,"href":"https:\/\/www.sellersunionagent.com\/pl\/wp-json\/wp\/v2\/media\/22274"}],"wp:attachment":[{"href":"https:\/\/www.sellersunionagent.com\/pl\/wp-json\/wp\/v2\/media?parent=22271"}],"wp:term":[{"taxonomy":"product_brand","embeddable":true,"href":"https:\/\/www.sellersunionagent.com\/pl\/wp-json\/wp\/v2\/product_brand?post=22271"},{"taxonomy":"product_cat","embeddable":true,"href":"https:\/\/www.sellersunionagent.com\/pl\/wp-json\/wp\/v2\/product_cat?post=22271"},{"taxonomy":"product_tag","embeddable":true,"href":"https:\/\/www.sellersunionagent.com\/pl\/wp-json\/wp\/v2\/product_tag?post=22271"}],"curies":[{"name":"wp","href":"https:\/\/api.w.org\/{rel}","templated":true}]}}