{"id":22268,"date":"2025-02-05T18:16:18","date_gmt":"2025-02-05T10:16:18","guid":{"rendered":"https:\/\/sellersunionagent.com\/?post_type=product&#038;p=22268"},"modified":"2025-11-28T10:38:53","modified_gmt":"2025-11-28T02:38:53","slug":"cukierki-laska-swiateczna-czerwono-biala-laska-dekoracja-na-haczyku-choinka-laska-swiateczna-wiszaca-dekoracja-rekwizyty","status":"publish","type":"product","link":"https:\/\/www.sellersunionagent.com\/pl\/candy-christmas-cane-red-and-white-cane-hook-decoration-christmas-tree-christmas-cane-hanging-decoration-props\/","title":{"rendered":"Candy Christmas Cane Red and White Cane Hook Decoration Christmas Tree Christmas Cane Hanging Decoration Props"},"content":{"rendered":"<h1>Candy Christmas Cane Red and White Cane Hook Decoration Christmas Tree Christmas Cane Hanging Decoration Props<\/h1>\n<h3>Typ: Dekoracja \u015bwi\u0105teczna<\/h3>\n<h3>Numer artyku\u0142u: srjt-1<\/h3>\n<h3>Rozmiar elementu: 8 * 30 CM<\/h3>\n<h3>Kolory: czerwony i bia\u0142y\/czerwony i zielony<\/h3>\n<h3>Materia\u0142: tworzywo sztuczne<\/h3>\n<p>&nbsp;<\/p>\n<ul>\n<li>\n<h4>Dekoracje \u015bwi\u0105teczne<\/h4>\n<\/li>\n<li>\n<h4>Wakacyjny urok<\/h4>\n<\/li>\n<li>\n<h4>Kolorowy design<\/h4>\n<\/li>\n<li>\n<h4>Tradycyjny symbol<\/h4>\n<\/li>\n<li>\n<h4>Ozdoba sezonowa<\/h4>\n<p><img fetchpriority=\"high\" decoding=\"async\" class=\"aligncenter wp-image-22313\" title=\"\u4f01\u4e1a\u5fae\u4fe1\u622a\u56fe 20250205151718 2025020510080263\" src=\"https:\/\/www.sellersunionagent.com\/wp-content\/uploads\/2025\/02\/\u4f01\u4e1a\u5fae\u4fe1\u622a\u56fe_20250205151718-2025020510080263.webp\" alt=\"Candy Christmas Cane Red and White Cane Hook Decoration Christmas Tree Christmas Cane Hanging Decoration Props\" width=\"600\" height=\"600\" \/><\/p>\n<p><img decoding=\"async\" class=\"aligncenter wp-image-22312\" title=\"\u4f01\u4e1a\u5fae\u4fe1\u622a\u56fe 20250205151657 2025020510075423\" src=\"https:\/\/www.sellersunionagent.com\/wp-content\/uploads\/2025\/02\/\u4f01\u4e1a\u5fae\u4fe1\u622a\u56fe_20250205151657-2025020510075423.webp\" alt=\"Candy Christmas Cane Red and White Cane Hook Decoration Christmas Tree Christmas Cane Hanging Decoration Props\" width=\"600\" height=\"448\" \/><\/p>\n<p><img decoding=\"async\" class=\"aligncenter wp-image-22311\" title=\"\u4f01\u4e1a\u5fae\u4fe1\u622a\u56fe 20250205151639 2025020510074763\" src=\"https:\/\/www.sellersunionagent.com\/wp-content\/uploads\/2025\/02\/\u4f01\u4e1a\u5fae\u4fe1\u622a\u56fe_20250205151639-2025020510074763.webp\" alt=\"Candy Christmas Cane Red and White Cane Hook Decoration Christmas Tree Christmas Cane Hanging Decoration Props\" width=\"600\" height=\"592\" \/><\/p>\n<p><img loading=\"lazy\" decoding=\"async\" class=\"aligncenter wp-image-22310\" title=\"\u4f01\u4e1a\u5fae\u4fe1\u622a\u56fe 20250205151621 2025020510072668\" src=\"https:\/\/www.sellersunionagent.com\/wp-content\/uploads\/2025\/02\/\u4f01\u4e1a\u5fae\u4fe1\u622a\u56fe_20250205151621-2025020510072668.webp\" alt=\"Candy Christmas Cane Red and White Cane Hook Decoration Christmas Tree Christmas Cane Hanging Decoration Props\" width=\"600\" height=\"489\" \/><\/li>\n<\/ul>","protected":false},"excerpt":{"rendered":"<p><strong>MOQ<\/strong>:  1000 szt.<br \/>\n<strong>Bezp\u0142atna pr\u00f3bka<\/strong>:  Obs\u0142ugiwane<br \/>\n<strong>Personalizacja<\/strong>logo \/ kolor \/ materia\u0142y \/ opakowanie itp.<br \/>\n<strong>Zni\u017cka<\/strong>:  Pierwsze zam\u00f3wienia ju\u017c od 10% taniej.<br \/>\n<strong>Wska\u017anik terminowo\u015bci dostaw<\/strong>:\u00a0 100%<br \/>\n<strong>Przesy\u0142ki og\u00f3\u0142em<\/strong>:  10000 szt.<br \/>\n<strong>Wysy\u0142ka<\/strong>: Fracht morski Fracht l\u0105dowy<\/p>","protected":false},"featured_media":22305,"comment_status":"open","ping_status":"closed","template":"","meta":{"_acf_changed":false},"product_brand":[],"product_cat":[235,323,318],"product_tag":[87,71,42,70,50,99],"class_list":{"0":"post-22268","1":"product","2":"type-product","3":"status-publish","4":"has-post-thumbnail","6":"product_cat-christmas-decoration","7":"product_cat-christmas-textiles","8":"product_cat-christmas-tree-ornaments","9":"product_tag-bulk-wholesale","10":"product_tag-durable","11":"product_tag-high-quality","12":"product_tag-home-storage","13":"product_tag-wholesale","14":"product_tag-wholesale-maker-from-china","16":"first","17":"instock","18":"shipping-taxable","19":"product-type-simple","20":"swiper-slide"},"acf":[],"_links":{"self":[{"href":"https:\/\/www.sellersunionagent.com\/pl\/wp-json\/wp\/v2\/product\/22268","targetHints":{"allow":["GET"]}}],"collection":[{"href":"https:\/\/www.sellersunionagent.com\/pl\/wp-json\/wp\/v2\/product"}],"about":[{"href":"https:\/\/www.sellersunionagent.com\/pl\/wp-json\/wp\/v2\/types\/product"}],"replies":[{"embeddable":true,"href":"https:\/\/www.sellersunionagent.com\/pl\/wp-json\/wp\/v2\/comments?post=22268"}],"wp:featuredmedia":[{"embeddable":true,"href":"https:\/\/www.sellersunionagent.com\/pl\/wp-json\/wp\/v2\/media\/22305"}],"wp:attachment":[{"href":"https:\/\/www.sellersunionagent.com\/pl\/wp-json\/wp\/v2\/media?parent=22268"}],"wp:term":[{"taxonomy":"product_brand","embeddable":true,"href":"https:\/\/www.sellersunionagent.com\/pl\/wp-json\/wp\/v2\/product_brand?post=22268"},{"taxonomy":"product_cat","embeddable":true,"href":"https:\/\/www.sellersunionagent.com\/pl\/wp-json\/wp\/v2\/product_cat?post=22268"},{"taxonomy":"product_tag","embeddable":true,"href":"https:\/\/www.sellersunionagent.com\/pl\/wp-json\/wp\/v2\/product_tag?post=22268"}],"curies":[{"name":"wp","href":"https:\/\/api.w.org\/{rel}","templated":true}]}}