{"id":22218,"date":"2025-01-22T18:06:52","date_gmt":"2025-01-22T10:06:52","guid":{"rendered":"https:\/\/sellersunionagent.com\/?post_type=product&#038;p=22218"},"modified":"2025-11-27T18:24:47","modified_gmt":"2025-11-27T10:24:47","slug":"halloween-swiecznik-maly-wieniec-dekoracja-lisc-klonu-czerwona-roza-swieca-scenka-rekwizyty","status":"publish","type":"product","link":"https:\/\/www.sellersunionagent.com\/pl\/halloween-candlestick-small-wreath-decoration-maple-leaf-red-rose-candle-scene-props\/","title":{"rendered":"Halloween \u015awiecznik Ma\u0142y Wieniec Dekoracja Li\u015b\u0107 Klonu Czerwona R\u00f3\u017ca \u015awieca Scena Rekwizyty"},"content":{"rendered":"<h1>Halloween \u015awiecznik Ma\u0142y Wieniec Dekoracja Li\u015b\u0107 Klonu Czerwona R\u00f3\u017ca \u015awieca Scena Rekwizyty<\/h1>\n<div class=\"elementor-element elementor-element-42815df elementor-widget elementor-widget-heading\" data-id=\"42815df\" data-element_type=\"widget\" data-widget_type=\"heading.default\">\n<h3 class=\"elementor-widget-container\">Typ: wieniec<\/h3>\n<h3 class=\"elementor-widget-container\">Numer artyku\u0142u: SRJT-8<\/h3>\n<h3 class=\"elementor-widget-container\">Rozmiar przedmiotu: 25 * 6 * 25 CM; 30 * 6 * 30 CM; 23 * 6 * 23 CM<\/h3>\n<h3 class=\"elementor-widget-container\">Kolory: r\u00f3\u017cowy \/ fioletowe owoce \/ pomara\u0144czowe owoce<\/h3>\n<h3 class=\"elementor-widget-container\">Materia\u0142: tworzywo sztuczne \uff1b poliester \uff1b tkanina<\/h3>\n<h4><\/h4>\n<\/div>\n<div class=\"elementor-element elementor-element-c17fac7 elementor-widget elementor-widget-woocommerce-product-short-description\" data-id=\"c17fac7\" data-element_type=\"widget\" data-widget_type=\"woocommerce-product-short-description.default\">\n<div class=\"elementor-widget-container\">\n<div class=\"woocommerce-product-details__short-description\">\n<div class=\"elementor-element elementor-element-c17fac7 elementor-widget elementor-widget-woocommerce-product-short-description\" data-id=\"c17fac7\" data-element_type=\"widget\" data-widget_type=\"woocommerce-product-short-description.default\">\n<div class=\"elementor-widget-container\">\n<div class=\"woocommerce-product-details__short-description\">\n<ul>\n<li>\n<h4>Upiorny blask<\/h4>\n<\/li>\n<li>\n<h4>Upiorny styl<\/h4>\n<\/li>\n<li>\n<h4>Jako\u015b\u0107 wykonania<\/h4>\n<\/li>\n<li>\n<h4>Wszechstronne Deco<\/h4>\n<\/li>\n<li>\n<h4>Wytrzyma\u0142a konstrukcja<\/h4>\n<p><img fetchpriority=\"high\" decoding=\"async\" class=\"aligncenter wp-image-22228\" title=\"\u4f01\u4e1a\u5fae\u4fe1\u622a\u56fe 20250122163737 2025012210013974\" src=\"https:\/\/www.sellersunionagent.com\/wp-content\/uploads\/2025\/01\/\u4f01\u4e1a\u5fae\u4fe1\u622a\u56fe_20250122163737-2025012210013974.webp\" alt=\"Halloween \u015awiecznik Ma\u0142y Wieniec Dekoracja Symulacja Li\u015b\u0107 Klonu Czerwona R\u00f3\u017ca \u015awieca Scena Rekwizyty\" width=\"600\" height=\"600\" \/><\/p>\n<p><img decoding=\"async\" class=\"aligncenter wp-image-22230\" title=\"\u4f01\u4e1a\u5fae\u4fe1\u622a\u56fe 20250122163806 2025012210015745\" src=\"https:\/\/www.sellersunionagent.com\/wp-content\/uploads\/2025\/01\/\u4f01\u4e1a\u5fae\u4fe1\u622a\u56fe_20250122163806-2025012210015745.webp\" alt=\"Halloween \u015awiecznik Ma\u0142y Wieniec Dekoracja Symulacja Li\u015b\u0107 Klonu Czerwona R\u00f3\u017ca \u015awieca Scena Rekwizyty\" width=\"600\" height=\"598\" \/><\/p>\n<p><img decoding=\"async\" class=\"aligncenter wp-image-22232\" title=\"\u4f01\u4e1a\u5fae\u4fe1\u622a\u56fe 20250122163824 2025012210021550\" src=\"https:\/\/www.sellersunionagent.com\/wp-content\/uploads\/2025\/01\/\u4f01\u4e1a\u5fae\u4fe1\u622a\u56fe_20250122163824-2025012210021550.webp\" alt=\"Halloween \u015awiecznik Ma\u0142y Wieniec Dekoracja Symulacja Li\u015b\u0107 Klonu Czerwona R\u00f3\u017ca \u015awieca Scena Rekwizyty\" width=\"600\" height=\"577\" \/><\/p>\n<p><img loading=\"lazy\" decoding=\"async\" class=\"aligncenter wp-image-22229\" title=\"\u4f01\u4e1a\u5fae\u4fe1\u622a\u56fe 20250122163755 2025012210014428\" src=\"https:\/\/www.sellersunionagent.com\/wp-content\/uploads\/2025\/01\/\u4f01\u4e1a\u5fae\u4fe1\u622a\u56fe_20250122163755-2025012210014428.webp\" alt=\"Halloween \u015awiecznik Ma\u0142y Wieniec Dekoracja Symulacja Li\u015b\u0107 Klonu Czerwona R\u00f3\u017ca \u015awieca Scena Rekwizyty\" width=\"600\" height=\"525\" \/><\/p>\n<p><img loading=\"lazy\" decoding=\"async\" class=\"aligncenter wp-image-22236\" title=\"\u4f01\u4e1a\u5fae\u4fe1\u622a\u56fe 20250122163858 2025012210024227\" src=\"https:\/\/www.sellersunionagent.com\/wp-content\/uploads\/2025\/01\/\u4f01\u4e1a\u5fae\u4fe1\u622a\u56fe_20250122163858-2025012210024227.webp\" alt=\"Halloween \u015awiecznik Ma\u0142y Wieniec Dekoracja Symulacja Li\u015b\u0107 Klonu Czerwona R\u00f3\u017ca \u015awieca Scena Rekwizyty\" width=\"600\" height=\"443\" \/><\/li>\n<\/ul>\n<\/div>\n<\/div>\n<\/div>\n<\/div>\n<\/div>\n<\/div>","protected":false},"excerpt":{"rendered":"<p><strong>MOQ<\/strong>:  1000 szt.<br \/>\n<strong>Bezp\u0142atna pr\u00f3bka<\/strong>:  Obs\u0142ugiwane<br \/>\n<strong>Personalizacja<\/strong>logo \/ kolor \/ materia\u0142y \/ opakowanie itp.<br \/>\n<strong>Zni\u017cka<\/strong>:  Pierwsze zam\u00f3wienia ju\u017c od 10% taniej.<br \/>\n<strong>Wska\u017anik terminowo\u015bci dostaw<\/strong>:\u00a0 100%<br \/>\n<strong>Przesy\u0142ki og\u00f3\u0142em<\/strong>:  10000 szt.<br \/>\n<strong>Wysy\u0142ka<\/strong>: Fracht morski Fracht l\u0105dowy<\/p>","protected":false},"featured_media":22224,"comment_status":"open","ping_status":"closed","template":"","meta":{"_acf_changed":false},"product_brand":[],"product_cat":[235,320],"product_tag":[87,43,49,42,50],"class_list":{"0":"post-22218","1":"product","2":"type-product","3":"status-publish","4":"has-post-thumbnail","6":"product_cat-christmas-decoration","7":"product_cat-christmas-wreaths","8":"product_tag-bulk-wholesale","9":"product_tag-fashion","10":"product_tag-good-quality","11":"product_tag-high-quality","12":"product_tag-wholesale","14":"first","15":"instock","16":"shipping-taxable","17":"product-type-simple","18":"swiper-slide"},"acf":[],"_links":{"self":[{"href":"https:\/\/www.sellersunionagent.com\/pl\/wp-json\/wp\/v2\/product\/22218","targetHints":{"allow":["GET"]}}],"collection":[{"href":"https:\/\/www.sellersunionagent.com\/pl\/wp-json\/wp\/v2\/product"}],"about":[{"href":"https:\/\/www.sellersunionagent.com\/pl\/wp-json\/wp\/v2\/types\/product"}],"replies":[{"embeddable":true,"href":"https:\/\/www.sellersunionagent.com\/pl\/wp-json\/wp\/v2\/comments?post=22218"}],"wp:featuredmedia":[{"embeddable":true,"href":"https:\/\/www.sellersunionagent.com\/pl\/wp-json\/wp\/v2\/media\/22224"}],"wp:attachment":[{"href":"https:\/\/www.sellersunionagent.com\/pl\/wp-json\/wp\/v2\/media?parent=22218"}],"wp:term":[{"taxonomy":"product_brand","embeddable":true,"href":"https:\/\/www.sellersunionagent.com\/pl\/wp-json\/wp\/v2\/product_brand?post=22218"},{"taxonomy":"product_cat","embeddable":true,"href":"https:\/\/www.sellersunionagent.com\/pl\/wp-json\/wp\/v2\/product_cat?post=22218"},{"taxonomy":"product_tag","embeddable":true,"href":"https:\/\/www.sellersunionagent.com\/pl\/wp-json\/wp\/v2\/product_tag?post=22218"}],"curies":[{"name":"wp","href":"https:\/\/api.w.org\/{rel}","templated":true}]}}