{"id":22183,"date":"2025-01-22T15:47:22","date_gmt":"2025-01-22T07:47:22","guid":{"rendered":"https:\/\/sellersunionagent.com\/?post_type=product&#038;p=22183"},"modified":"2025-11-28T10:57:49","modified_gmt":"2025-11-28T02:57:49","slug":"thanksgiving-pumpkin-bow-party-supplies-decorations","status":"publish","type":"product","link":"https:\/\/www.sellersunionagent.com\/pl\/thanksgiving-pumpkin-bow-party-supplies-decorations\/","title":{"rendered":"Dekoracje na przyj\u0119cie z dyni z okazji \u015awi\u0119ta Dzi\u0119kczynienia"},"content":{"rendered":"<h1>Dekoracje na przyj\u0119cie z dyni z okazji \u015awi\u0119ta Dzi\u0119kczynienia<\/h1>\n<div class=\"elementor-element elementor-element-42815df elementor-widget elementor-widget-heading\" data-id=\"42815df\" data-element_type=\"widget\" data-widget_type=\"heading.default\">\n<h3 class=\"elementor-widget-container\">Type: bow<\/h3>\n<h3 class=\"elementor-widget-container\">Item Number: GG3-13<\/h3>\n<h3 class=\"elementor-widget-container\">Item Size: 25*3.5*48CM<\/h3>\n<h3 class=\"elementor-widget-container\">Colors: pumpkin\/ stripe<\/h3>\n<h3 class=\"elementor-widget-container\">Materia\u0142: tkanina<\/h3>\n<p>&nbsp;<\/p>\n<\/div>\n<div class=\"elementor-element elementor-element-c17fac7 elementor-widget elementor-widget-woocommerce-product-short-description\" data-id=\"c17fac7\" data-element_type=\"widget\" data-widget_type=\"woocommerce-product-short-description.default\">\n<div class=\"elementor-widget-container\">\n<div class=\"woocommerce-product-details__short-description\">\n<div class=\"elementor-element elementor-element-c17fac7 elementor-widget elementor-widget-woocommerce-product-short-description\" data-id=\"c17fac7\" data-element_type=\"widget\" data-widget_type=\"woocommerce-product-short-description.default\">\n<div class=\"elementor-widget-container\">\n<div class=\"woocommerce-product-details__short-description\">\n<ul>\n<li>\n<h4>Exquisite shape<\/h4>\n<\/li>\n<li>\n<h4>Jasny kolor<\/h4>\n<\/li>\n<li>\n<h4>Exquisite craftsmanship<\/h4>\n<\/li>\n<li>\n<h4>Versatile matching<\/h4>\n<p><img fetchpriority=\"high\" decoding=\"async\" class=\"aligncenter wp-image-22188\" title=\"\u4f01\u4e1a\u5fae\u4fe1\u622a\u56fe 20250122153026 2025012207420456\" src=\"https:\/\/www.sellersunionagent.com\/wp-content\/uploads\/2025\/01\/\u4f01\u4e1a\u5fae\u4fe1\u622a\u56fe_20250122153026-2025012207420456.webp\" alt=\"Dekoracje na przyj\u0119cie z dyni z okazji \u015awi\u0119ta Dzi\u0119kczynienia\" width=\"600\" height=\"595\" \/><\/p>\n<p><img decoding=\"async\" class=\"aligncenter wp-image-22189\" title=\"\u4f01\u4e1a\u5fae\u4fe1\u622a\u56fe 20250122153047 2025012207421181\" src=\"https:\/\/www.sellersunionagent.com\/wp-content\/uploads\/2025\/01\/\u4f01\u4e1a\u5fae\u4fe1\u622a\u56fe_20250122153047-2025012207421181.webp\" alt=\"Dekoracje na przyj\u0119cie z dyni z okazji \u015awi\u0119ta Dzi\u0119kczynienia\" width=\"600\" height=\"493\" \/><\/p>\n<p><img decoding=\"async\" class=\"aligncenter wp-image-22193\" title=\"\u4f01\u4e1a\u5fae\u4fe1\u622a\u56fe 20250122153137 2025012207423349\" src=\"https:\/\/www.sellersunionagent.com\/wp-content\/uploads\/2025\/01\/\u4f01\u4e1a\u5fae\u4fe1\u622a\u56fe_20250122153137-2025012207423349.webp\" alt=\"Dekoracje na przyj\u0119cie z dyni z okazji \u015awi\u0119ta Dzi\u0119kczynienia\" width=\"600\" height=\"439\" \/><\/p>\n<p><img loading=\"lazy\" decoding=\"async\" class=\"aligncenter wp-image-22192\" title=\"\u4f01\u4e1a\u5fae\u4fe1\u622a\u56fe 20250122153123 2025012207422614\" src=\"https:\/\/www.sellersunionagent.com\/wp-content\/uploads\/2025\/01\/\u4f01\u4e1a\u5fae\u4fe1\u622a\u56fe_20250122153123-2025012207422614.webp\" alt=\"Dekoracje na przyj\u0119cie z dyni z okazji \u015awi\u0119ta Dzi\u0119kczynienia\" width=\"600\" height=\"569\" \/><\/p>\n<p><img loading=\"lazy\" decoding=\"async\" class=\"aligncenter wp-image-22191\" title=\"\u4f01\u4e1a\u5fae\u4fe1\u622a\u56fe 20250122153117 2025012207422149\" src=\"https:\/\/www.sellersunionagent.com\/wp-content\/uploads\/2025\/01\/\u4f01\u4e1a\u5fae\u4fe1\u622a\u56fe_20250122153117-2025012207422149.webp\" alt=\"Dekoracje na przyj\u0119cie z dyni z okazji \u015awi\u0119ta Dzi\u0119kczynienia\" width=\"600\" height=\"613\" \/><\/li>\n<\/ul>\n<\/div>\n<\/div>\n<\/div>\n<\/div>\n<\/div>\n<\/div>","protected":false},"excerpt":{"rendered":"<p><strong>MOQ<\/strong>:  1000 szt.<br \/>\n<strong>Bezp\u0142atna pr\u00f3bka<\/strong>:  Obs\u0142ugiwane<br \/>\n<strong>Personalizacja<\/strong>logo \/ kolor \/ materia\u0142y \/ opakowanie itp.<br \/>\n<strong>Zni\u017cka<\/strong>:  Pierwsze zam\u00f3wienia ju\u017c od 10% taniej.<br \/>\n<strong>Wska\u017anik terminowo\u015bci dostaw<\/strong>:\u00a0 100%<br \/>\n<strong>Przesy\u0142ki og\u00f3\u0142em<\/strong>:  10000 szt.<br \/>\n<strong>Wysy\u0142ka<\/strong>: Fracht morski Fracht l\u0105dowy<\/p>","protected":false},"featured_media":22184,"comment_status":"open","ping_status":"closed","template":"","meta":{"_acf_changed":false},"product_brand":[],"product_cat":[235,320],"product_tag":[87,43,49,42,50,99],"class_list":{"0":"post-22183","1":"product","2":"type-product","3":"status-publish","4":"has-post-thumbnail","6":"product_cat-christmas-decoration","7":"product_cat-christmas-wreaths","8":"product_tag-bulk-wholesale","9":"product_tag-fashion","10":"product_tag-good-quality","11":"product_tag-high-quality","12":"product_tag-wholesale","13":"product_tag-wholesale-maker-from-china","15":"first","16":"instock","17":"shipping-taxable","18":"product-type-simple","19":"swiper-slide"},"acf":[],"_links":{"self":[{"href":"https:\/\/www.sellersunionagent.com\/pl\/wp-json\/wp\/v2\/product\/22183","targetHints":{"allow":["GET"]}}],"collection":[{"href":"https:\/\/www.sellersunionagent.com\/pl\/wp-json\/wp\/v2\/product"}],"about":[{"href":"https:\/\/www.sellersunionagent.com\/pl\/wp-json\/wp\/v2\/types\/product"}],"replies":[{"embeddable":true,"href":"https:\/\/www.sellersunionagent.com\/pl\/wp-json\/wp\/v2\/comments?post=22183"}],"wp:featuredmedia":[{"embeddable":true,"href":"https:\/\/www.sellersunionagent.com\/pl\/wp-json\/wp\/v2\/media\/22184"}],"wp:attachment":[{"href":"https:\/\/www.sellersunionagent.com\/pl\/wp-json\/wp\/v2\/media?parent=22183"}],"wp:term":[{"taxonomy":"product_brand","embeddable":true,"href":"https:\/\/www.sellersunionagent.com\/pl\/wp-json\/wp\/v2\/product_brand?post=22183"},{"taxonomy":"product_cat","embeddable":true,"href":"https:\/\/www.sellersunionagent.com\/pl\/wp-json\/wp\/v2\/product_cat?post=22183"},{"taxonomy":"product_tag","embeddable":true,"href":"https:\/\/www.sellersunionagent.com\/pl\/wp-json\/wp\/v2\/product_tag?post=22183"}],"curies":[{"name":"wp","href":"https:\/\/api.w.org\/{rel}","templated":true}]}}