{"id":22173,"date":"2025-01-22T14:39:33","date_gmt":"2025-01-22T06:39:33","guid":{"rendered":"https:\/\/sellersunionagent.com\/?post_type=product&#038;p=22173"},"modified":"2025-11-27T18:40:53","modified_gmt":"2025-11-27T10:40:53","slug":"cross-border-new-christmas-cherub-girl-pendant-plush-doll-hanging-christmas-tree-decoration","status":"publish","type":"product","link":"https:\/\/www.sellersunionagent.com\/pl\/cross-border-new-christmas-cherub-girl-pendant-plush-doll-hanging-christmas-tree-decoration\/","title":{"rendered":"Cross-border New Christmas Cherub Girl Pendant Plush Doll Hanging Christmas Tree Decoration"},"content":{"rendered":"<h1>Cross-border New Christmas Cherub Girl Pendant Plush Doll Hanging Christmas Tree Decoration<\/h1>\n<h3>Type: Pendant<br \/>\nItem Number: 2023XTS-D<br \/>\nItem Size: 18*9CM<br \/>\nColors: white\/ blue\/pink<br \/>\nMaterial:\u00a0cloth<\/h3>\n<ul>\n<li>\n<h4>Wysoka jako\u015b\u0107<\/h4>\n<\/li>\n<li>\n<h4>Versatile and stylish<\/h4>\n<\/li>\n<li>\n<h4>Holiday-themed<\/h4>\n<\/li>\n<li>\n<h4>Pragmatic<\/h4>\n<\/li>\n<\/ul>\n<p>&nbsp;<\/p>\n<p><img fetchpriority=\"high\" decoding=\"async\" class=\"wp-image-22178 aligncenter\" title=\"Cross-border New Christmas Cherub Girl Pendant Plush Doll Hanging Christmas Tree Decoration\" src=\"https:\/\/www.sellersunionagent.com\/wp-content\/uploads\/2025\/01\/O1CN01vdTqkB1SjChRgYlyP_2208408242282-0-cib-2025012206362294.webp\" alt=\"Cross-border New Christmas Cherub Girl Pendant Plush Doll Hanging Christmas Tree Decoration\" width=\"600\" height=\"600\" \/> <img decoding=\"async\" class=\"wp-image-22179 aligncenter\" title=\"Cross-border New Christmas Cherub Girl Pendant Plush Doll Hanging Christmas Tree Decoration\" src=\"https:\/\/www.sellersunionagent.com\/wp-content\/uploads\/2025\/01\/O1CN01SjYB0r1SjChKhHmbj_2208408242282-1-cib.gif\" alt=\"Cross-border New Christmas Cherub Girl Pendant Plush Doll Hanging Christmas Tree Decoration\" width=\"600\" height=\"422\" \/> <img decoding=\"async\" class=\"wp-image-22180 aligncenter\" title=\"Cross-border New Christmas Cherub Girl Pendant Plush Doll Hanging Christmas Tree Decoration\" src=\"https:\/\/www.sellersunionagent.com\/wp-content\/uploads\/2025\/01\/O1CN01sarBzU1SjChKhHeHd_2208408242282-1-cib.gif\" alt=\"Cross-border New Christmas Cherub Girl Pendant Plush Doll Hanging Christmas Tree Decoration\" width=\"600\" height=\"456\" \/><\/p>","protected":false},"excerpt":{"rendered":"<p><strong>MOQ<\/strong>:  1000 szt.<br \/>\n<strong>Bezp\u0142atna pr\u00f3bka<\/strong>:  Obs\u0142ugiwane<br \/>\n<strong>Personalizacja<\/strong>logo \/ kolor \/ materia\u0142y \/ opakowanie itp.<br \/>\n<strong>Zni\u017cka<\/strong>:  Pierwsze zam\u00f3wienia ju\u017c od 10% taniej.<br \/>\n<strong>Wska\u017anik terminowo\u015bci dostaw<\/strong>:\u00a0 100%<br \/>\n<strong>Przesy\u0142ki og\u00f3\u0142em<\/strong>:  10000 szt.<br \/>\n<strong>Wysy\u0142ka<\/strong>: Fracht morski Fracht l\u0105dowy<\/p>","protected":false},"featured_media":22175,"comment_status":"open","ping_status":"closed","template":"","meta":{"_acf_changed":false},"product_brand":[],"product_cat":[235,318],"product_tag":[282],"class_list":{"0":"post-22173","1":"product","2":"type-product","3":"status-publish","4":"has-post-thumbnail","6":"product_cat-christmas-decoration","7":"product_cat-christmas-tree-ornaments","8":"product_tag-cross-border-new-christmas-cherub-girl-pendant-plush-doll-hanging-christmas-tree-decoration","10":"first","11":"instock","12":"shipping-taxable","13":"product-type-simple","14":"swiper-slide"},"acf":[],"_links":{"self":[{"href":"https:\/\/www.sellersunionagent.com\/pl\/wp-json\/wp\/v2\/product\/22173","targetHints":{"allow":["GET"]}}],"collection":[{"href":"https:\/\/www.sellersunionagent.com\/pl\/wp-json\/wp\/v2\/product"}],"about":[{"href":"https:\/\/www.sellersunionagent.com\/pl\/wp-json\/wp\/v2\/types\/product"}],"replies":[{"embeddable":true,"href":"https:\/\/www.sellersunionagent.com\/pl\/wp-json\/wp\/v2\/comments?post=22173"}],"wp:featuredmedia":[{"embeddable":true,"href":"https:\/\/www.sellersunionagent.com\/pl\/wp-json\/wp\/v2\/media\/22175"}],"wp:attachment":[{"href":"https:\/\/www.sellersunionagent.com\/pl\/wp-json\/wp\/v2\/media?parent=22173"}],"wp:term":[{"taxonomy":"product_brand","embeddable":true,"href":"https:\/\/www.sellersunionagent.com\/pl\/wp-json\/wp\/v2\/product_brand?post=22173"},{"taxonomy":"product_cat","embeddable":true,"href":"https:\/\/www.sellersunionagent.com\/pl\/wp-json\/wp\/v2\/product_cat?post=22173"},{"taxonomy":"product_tag","embeddable":true,"href":"https:\/\/www.sellersunionagent.com\/pl\/wp-json\/wp\/v2\/product_tag?post=22173"}],"curies":[{"name":"wp","href":"https:\/\/api.w.org\/{rel}","templated":true}]}}