{"id":22164,"date":"2025-01-22T14:22:09","date_gmt":"2025-01-22T06:22:09","guid":{"rendered":"https:\/\/sellersunionagent.com\/?post_type=product&#038;p=22164"},"modified":"2025-11-28T10:03:30","modified_gmt":"2025-11-28T02:03:30","slug":"cross-border-christmas-decoration-linen-three-dimensional-embroidery-handbag-childrens-gift-bag-candy-bag-storage-bag","status":"publish","type":"product","link":"https:\/\/www.sellersunionagent.com\/pl\/cross-border-christmas-decoration-linen-three-dimensional-embroidery-handbag-childrens-gift-bag-candy-bag-storage-bag\/","title":{"rendered":"Cross-border Christmas Decoration Linen three-dimensional Embroidery Handbag Children&#8217;s Gift Bag Candy Bag Storage Bag"},"content":{"rendered":"<div class=\"elementor-element elementor-element-42815df elementor-widget elementor-widget-heading\" data-id=\"42815df\" data-element_type=\"widget\" data-widget_type=\"heading.default\">\n<h1>Cross-border Christmas Decoration Linen three-dimensional Embroidery Handbag Children&#8217;s Gift Bag Candy Bag Storage Bag<\/h1>\n<h3 class=\"elementor-widget-container\"><strong>Typ<\/strong>: Bag<\/h3>\n<\/div>\n<div class=\"elementor-element elementor-element-c17fac7 elementor-widget elementor-widget-woocommerce-product-short-description\" data-id=\"c17fac7\" data-element_type=\"widget\" data-widget_type=\"woocommerce-product-short-description.default\">\n<div class=\"elementor-widget-container\">\n<h3 class=\"woocommerce-product-details__short-description\"><strong>Numer pozycji:<\/strong> SYFA32<\/h3>\n<h3 class=\"woocommerce-product-details__short-description\"><strong>Rozmiar elementu<\/strong>: 18*30CM<\/h3>\n<h3 class=\"woocommerce-product-details__short-description\"><strong>Kolory<\/strong>: red\/ white\/yellow<\/h3>\n<h3 class=\"woocommerce-product-details__short-description\"><strong>Material: nonwoven fabric<\/strong><\/h3>\n<\/div>\n<\/div>\n<ul>\n<li>\n<h4>R\u0119cznie robione<\/h4>\n<\/li>\n<li>\n<h4>Holiday-themed<\/h4>\n<\/li>\n<li>\n<h4>Versatile and stylish<\/h4>\n<\/li>\n<li>\n<h4>Idealny wyb\u00f3r na prezent<\/h4>\n<\/li>\n<\/ul>\n<h4><\/h4>\n<p><img fetchpriority=\"high\" decoding=\"async\" class=\"wp-image-22170 aligncenter\" title=\"16147658845 2001252239 2025012206183057\" src=\"https:\/\/www.sellersunionagent.com\/wp-content\/uploads\/2025\/01\/16147658845_2001252239-2025012206183057.webp\" alt=\"16147658845 2001252239 2025012206183057\" width=\"600\" height=\"358\" \/><\/p>\n<p><img decoding=\"async\" class=\"wp-image-22171 aligncenter\" title=\"Cross-border Christmas Decoration Linen three-dimensional Embroidery Handbag Children's Gift Bag Candy Bag Storage Bag\" src=\"https:\/\/www.sellersunionagent.com\/wp-content\/uploads\/2025\/01\/16147667828_2001252239-2025012206194571.webp\" alt=\"Cross-border Christmas Decoration Linen three-dimensional Embroidery Handbag Children's Gift Bag Candy Bag Storage Bag\" width=\"600\" height=\"538\" \/><\/p>\n<p><img decoding=\"async\" class=\"wp-image-22172 aligncenter\" title=\"Cross-border Christmas Decoration Linen three-dimensional Embroidery Handbag Children's Gift Bag Candy Bag Storage Bag\" src=\"https:\/\/www.sellersunionagent.com\/wp-content\/uploads\/2025\/01\/16082989581_2001252239-2025012206203058.webp\" alt=\"Cross-border Christmas Decoration Linen three-dimensional Embroidery Handbag Children's Gift Bag Candy Bag Storage Bag\" width=\"600\" height=\"418\" \/><\/p>","protected":false},"excerpt":{"rendered":"<p><strong>MOQ<\/strong>:  1000 szt.<br \/>\n<strong>Bezp\u0142atna pr\u00f3bka<\/strong>:  Obs\u0142ugiwane<br \/>\n<strong>Personalizacja<\/strong>logo \/ kolor \/ materia\u0142y \/ opakowanie itp.<br \/>\n<strong>Zni\u017cka<\/strong>:  Pierwsze zam\u00f3wienia ju\u017c od 10% taniej.<br \/>\n<strong>Wska\u017anik terminowo\u015bci dostaw<\/strong>:\u00a0 100%<br \/>\n<strong>Przesy\u0142ki og\u00f3\u0142em<\/strong>:  10000 szt.<br \/>\n<strong>Wysy\u0142ka<\/strong>: Fracht morski Fracht l\u0105dowy<\/p>","protected":false},"featured_media":22165,"comment_status":"open","ping_status":"closed","template":"","meta":{"_acf_changed":false},"product_brand":[],"product_cat":[235,323],"product_tag":[281],"class_list":{"0":"post-22164","1":"product","2":"type-product","3":"status-publish","4":"has-post-thumbnail","6":"product_cat-christmas-decoration","7":"product_cat-christmas-textiles","8":"product_tag-cross-border-christmas-decoration-linen-three-dimensional-embroidery-handbag-childrens-gift-bag-candy-bag-storage-bag","10":"first","11":"instock","12":"shipping-taxable","13":"product-type-simple","14":"swiper-slide"},"acf":[],"_links":{"self":[{"href":"https:\/\/www.sellersunionagent.com\/pl\/wp-json\/wp\/v2\/product\/22164","targetHints":{"allow":["GET"]}}],"collection":[{"href":"https:\/\/www.sellersunionagent.com\/pl\/wp-json\/wp\/v2\/product"}],"about":[{"href":"https:\/\/www.sellersunionagent.com\/pl\/wp-json\/wp\/v2\/types\/product"}],"replies":[{"embeddable":true,"href":"https:\/\/www.sellersunionagent.com\/pl\/wp-json\/wp\/v2\/comments?post=22164"}],"wp:featuredmedia":[{"embeddable":true,"href":"https:\/\/www.sellersunionagent.com\/pl\/wp-json\/wp\/v2\/media\/22165"}],"wp:attachment":[{"href":"https:\/\/www.sellersunionagent.com\/pl\/wp-json\/wp\/v2\/media?parent=22164"}],"wp:term":[{"taxonomy":"product_brand","embeddable":true,"href":"https:\/\/www.sellersunionagent.com\/pl\/wp-json\/wp\/v2\/product_brand?post=22164"},{"taxonomy":"product_cat","embeddable":true,"href":"https:\/\/www.sellersunionagent.com\/pl\/wp-json\/wp\/v2\/product_cat?post=22164"},{"taxonomy":"product_tag","embeddable":true,"href":"https:\/\/www.sellersunionagent.com\/pl\/wp-json\/wp\/v2\/product_tag?post=22164"}],"curies":[{"name":"wp","href":"https:\/\/api.w.org\/{rel}","templated":true}]}}