{"id":22151,"date":"2025-01-22T14:08:22","date_gmt":"2025-01-22T06:08:22","guid":{"rendered":"https:\/\/sellersunionagent.com\/?post_type=product&#038;p=22151"},"modified":"2025-11-28T10:24:21","modified_gmt":"2025-11-28T02:24:21","slug":"cross-border-new-christmas-candy-pendant-christmas-tree-decoration-window-counter-ornament","status":"publish","type":"product","link":"https:\/\/www.sellersunionagent.com\/pl\/cross-border-new-christmas-candy-pendant-christmas-tree-decoration-window-counter-ornament\/","title":{"rendered":"Cross-border New Christmas Candy Pendant Christmas Tree Decoration Window Counter Ornament"},"content":{"rendered":"<h3>Cross-border New Christmas Candy Pendant Christmas Tree Decoration Window Counter Ornament<\/h3>\n<h4>Type: Pendant<br \/>\nItem Number: 20230522<br \/>\nItem Size: 11.5*5CM<br \/>\nColors: red\/ green\/pink\/blue\/silver\/golden<br \/>\nMateria\u0142: tworzywo sztuczne<\/h4>\n<ul>\n<li>\n<h4>Holiday-themed<\/h4>\n<\/li>\n<li>\n<h4>Trendy<\/h4>\n<\/li>\n<li>\n<h4>Versatile and Stylish<\/h4>\n<\/li>\n<li>\n<h4>Wysoka jako\u015b\u0107<\/h4>\n<\/li>\n<\/ul>\n<p><img fetchpriority=\"high\" decoding=\"async\" class=\"wp-image-22157 aligncenter\" title=\"Cross-border New Christmas Candy Pendant Christmas Tree Decoration Window Counter Ornament\" src=\"https:\/\/www.sellersunionagent.com\/wp-content\/uploads\/2025\/01\/2222-2025012205585446.webp\" alt=\"Cross-border New Christmas Candy Pendant Christmas Tree Decoration Window Counter Ornament\" width=\"600\" height=\"852\" \/><\/p>\n<p>&nbsp;<\/p>\n<p><img decoding=\"async\" class=\"wp-image-22158 aligncenter\" title=\"Cross-border New Christmas Candy Pendant Christmas Tree Decoration Window Counter Ornament\" src=\"https:\/\/www.sellersunionagent.com\/wp-content\/uploads\/2025\/01\/3333-2025012206001134.webp\" alt=\"Cross-border New Christmas Candy Pendant Christmas Tree Decoration Window Counter Ornament\" width=\"600\" height=\"600\" \/><\/p>\n<p>&nbsp;<\/p>\n<p><img decoding=\"async\" class=\"wp-image-22159 aligncenter\" title=\"Cross-border New Christmas Candy Pendant Christmas Tree Decoration Window Counter Ornament\" src=\"https:\/\/www.sellersunionagent.com\/wp-content\/uploads\/2025\/01\/7777-2025012206010186.webp\" alt=\"Cross-border New Christmas Candy Pendant Christmas Tree Decoration Window Counter Ornament\" width=\"600\" height=\"600\" \/><\/p>","protected":false},"excerpt":{"rendered":"<p><strong>MOQ<\/strong>:  1000 szt.<br \/>\n<strong>Bezp\u0142atna pr\u00f3bka<\/strong>:  Obs\u0142ugiwane<br \/>\n<strong>Personalizacja<\/strong>logo \/ kolor \/ materia\u0142y \/ opakowanie itp.<br \/>\n<strong>Zni\u017cka<\/strong>:  Pierwsze zam\u00f3wienia ju\u017c od 10% taniej.<br \/>\n<strong>Wska\u017anik terminowo\u015bci dostaw<\/strong>:\u00a0 100%<br \/>\n<strong>Przesy\u0142ki og\u00f3\u0142em<\/strong>:  10000 szt.<br \/>\n<strong>Wysy\u0142ka<\/strong>: Fracht morski Fracht l\u0105dowy<\/p>","protected":false},"featured_media":22160,"comment_status":"open","ping_status":"closed","template":"","meta":{"_acf_changed":false},"product_brand":[],"product_cat":[235,318],"product_tag":[280],"class_list":{"0":"post-22151","1":"product","2":"type-product","3":"status-publish","4":"has-post-thumbnail","6":"product_cat-christmas-decoration","7":"product_cat-christmas-tree-ornaments","8":"product_tag-cross-border-new-christmas-candy-pendant-christmas-tree-decoration-window-counter-ornament","10":"first","11":"instock","12":"shipping-taxable","13":"product-type-simple","14":"swiper-slide"},"acf":[],"_links":{"self":[{"href":"https:\/\/www.sellersunionagent.com\/pl\/wp-json\/wp\/v2\/product\/22151","targetHints":{"allow":["GET"]}}],"collection":[{"href":"https:\/\/www.sellersunionagent.com\/pl\/wp-json\/wp\/v2\/product"}],"about":[{"href":"https:\/\/www.sellersunionagent.com\/pl\/wp-json\/wp\/v2\/types\/product"}],"replies":[{"embeddable":true,"href":"https:\/\/www.sellersunionagent.com\/pl\/wp-json\/wp\/v2\/comments?post=22151"}],"wp:featuredmedia":[{"embeddable":true,"href":"https:\/\/www.sellersunionagent.com\/pl\/wp-json\/wp\/v2\/media\/22160"}],"wp:attachment":[{"href":"https:\/\/www.sellersunionagent.com\/pl\/wp-json\/wp\/v2\/media?parent=22151"}],"wp:term":[{"taxonomy":"product_brand","embeddable":true,"href":"https:\/\/www.sellersunionagent.com\/pl\/wp-json\/wp\/v2\/product_brand?post=22151"},{"taxonomy":"product_cat","embeddable":true,"href":"https:\/\/www.sellersunionagent.com\/pl\/wp-json\/wp\/v2\/product_cat?post=22151"},{"taxonomy":"product_tag","embeddable":true,"href":"https:\/\/www.sellersunionagent.com\/pl\/wp-json\/wp\/v2\/product_tag?post=22151"}],"curies":[{"name":"wp","href":"https:\/\/api.w.org\/{rel}","templated":true}]}}