{"id":22131,"date":"2025-01-22T13:51:28","date_gmt":"2025-01-22T05:51:28","guid":{"rendered":"https:\/\/sellersunionagent.com\/?post_type=product&#038;p=22131"},"modified":"2025-11-28T10:24:04","modified_gmt":"2025-11-28T02:24:04","slug":"dekoracje-bozonarodzeniowe-czapki-mikolaja-staruszek-elf-klaun-czapki-z-nogawkami-artykuly-imprezowe-prezent","status":"publish","type":"product","link":"https:\/\/www.sellersunionagent.com\/pl\/christmas-decoration-party-santa-hats-old-man-elf-clown-pant-leg-hats-party-supplies-gift\/","title":{"rendered":"\u015awi\u0105teczna dekoracja Impreza Czapki Miko\u0142aja Staruszek Elf Klaun Czapki z nogawkami Prezenty na imprez\u0119"},"content":{"rendered":"<h1>\u015awi\u0105teczna dekoracja Impreza Czapki Miko\u0142aja Staruszek Elf Klaun Czapki z nogawkami Prezenty na imprez\u0119<\/h1>\n<h3>Typ: Kapelusz<br \/>\nNumer artyku\u0142u:JQ-U1-AB<br \/>\nRozmiar elementu: 33 * 30 CM<br \/>\nKolory: czerwony\/zielony\/niestandardowy<br \/>\nMateria\u0142: poliester\/tkanina<\/h3>\n<ul>\n<li>\n<h4>Klasyczny urok wakacji<\/h4>\n<\/li>\n<li>\n<h4>Wysoka jako\u015b\u0107<\/h4>\n<\/li>\n<li>\n<h4>Mo\u017cliwo\u015b\u0107 dostosowania<\/h4>\n<\/li>\n<li>\n<h4>\u017bywe i kolorowe<\/h4>\n<\/li>\n<\/ul>\n<p>&nbsp;<\/p>\n<p><img fetchpriority=\"high\" decoding=\"async\" class=\"wp-image-22142 aligncenter\" title=\"\u015awi\u0105teczna dekoracja Impreza Czapki Miko\u0142aja Staruszek Elf Klaun Czapki z nogawkami Prezenty na imprez\u0119\" src=\"https:\/\/www.sellersunionagent.com\/wp-content\/uploads\/2025\/01\/999-2025012205463088.webp\" alt=\"\u015awi\u0105teczna dekoracja Impreza Czapki Miko\u0142aja Staruszek Elf Klaun Czapki z nogawkami Prezenty na imprez\u0119\" width=\"600\" height=\"600\" \/><\/p>\n<p><img decoding=\"async\" class=\"wp-image-22150 aligncenter\" title=\"\u015awi\u0105teczna dekoracja Impreza Czapki Miko\u0142aja Staruszek Elf Klaun Czapki z nogawkami Prezenty na imprez\u0119\" src=\"https:\/\/www.sellersunionagent.com\/wp-content\/uploads\/2025\/01\/O1CN01G9LjtD1iV2Nidq5GM_2651174417-0-cib-2025012205493864.webp\" alt=\"\u015awi\u0105teczna dekoracja Impreza Czapki Miko\u0142aja Staruszek Elf Klaun Czapki z nogawkami Prezenty na imprez\u0119\" width=\"600\" height=\"600\" \/><\/p>\n<p><img decoding=\"async\" class=\"size-full wp-image-22143 aligncenter\" title=\"\u015awi\u0105teczna dekoracja Impreza Czapki Miko\u0142aja Staruszek Elf Klaun Czapki z nogawkami Prezenty na imprez\u0119\" src=\"https:\/\/www.sellersunionagent.com\/wp-content\/uploads\/2025\/01\/000-2025012205463683.webp\" alt=\"\u015awi\u0105teczna dekoracja Impreza Czapki Miko\u0142aja Staruszek Elf Klaun Czapki z nogawkami Prezenty na imprez\u0119\" width=\"800\" height=\"800\" \/><\/p>\n<div class=\"elementor-widget-container\">\n<h4><\/h4>\n<div class=\"woocommerce-product-details__short-description\">\n<p>&nbsp;<\/p>\n<\/div>\n<\/div>\n<h3><\/h3>","protected":false},"excerpt":{"rendered":"<p><strong>MOQ<\/strong>:  1000 szt.<br \/>\n<strong>Bezp\u0142atna pr\u00f3bka<\/strong>:  Obs\u0142ugiwane<br \/>\n<strong>Personalizacja<\/strong>logo \/ kolor \/ materia\u0142y \/ opakowanie itp.<br \/>\n<strong>Zni\u017cka<\/strong>:  Pierwsze zam\u00f3wienia ju\u017c od 10% taniej.<br \/>\n<strong>Wska\u017anik terminowo\u015bci dostaw<\/strong>:\u00a0 100%<br \/>\n<strong>Przesy\u0142ki og\u00f3\u0142em<\/strong>:  10000 szt.<br \/>\n<strong>Wysy\u0142ka<\/strong>: Fracht morski Fracht l\u0105dowy<\/p>","protected":false},"featured_media":22132,"comment_status":"open","ping_status":"closed","template":"","meta":{"_acf_changed":false},"product_brand":[],"product_cat":[235,322],"product_tag":[279],"class_list":{"0":"post-22131","1":"product","2":"type-product","3":"status-publish","4":"has-post-thumbnail","6":"product_cat-christmas-decoration","7":"product_cat-christmas-gift","8":"product_tag-christmas-decoration-party-santa-hats-old-man-elf-clown-pant-leg-hats-party-supplies-gift","10":"first","11":"instock","12":"shipping-taxable","13":"product-type-simple","14":"swiper-slide"},"acf":[],"_links":{"self":[{"href":"https:\/\/www.sellersunionagent.com\/pl\/wp-json\/wp\/v2\/product\/22131","targetHints":{"allow":["GET"]}}],"collection":[{"href":"https:\/\/www.sellersunionagent.com\/pl\/wp-json\/wp\/v2\/product"}],"about":[{"href":"https:\/\/www.sellersunionagent.com\/pl\/wp-json\/wp\/v2\/types\/product"}],"replies":[{"embeddable":true,"href":"https:\/\/www.sellersunionagent.com\/pl\/wp-json\/wp\/v2\/comments?post=22131"}],"wp:featuredmedia":[{"embeddable":true,"href":"https:\/\/www.sellersunionagent.com\/pl\/wp-json\/wp\/v2\/media\/22132"}],"wp:attachment":[{"href":"https:\/\/www.sellersunionagent.com\/pl\/wp-json\/wp\/v2\/media?parent=22131"}],"wp:term":[{"taxonomy":"product_brand","embeddable":true,"href":"https:\/\/www.sellersunionagent.com\/pl\/wp-json\/wp\/v2\/product_brand?post=22131"},{"taxonomy":"product_cat","embeddable":true,"href":"https:\/\/www.sellersunionagent.com\/pl\/wp-json\/wp\/v2\/product_cat?post=22131"},{"taxonomy":"product_tag","embeddable":true,"href":"https:\/\/www.sellersunionagent.com\/pl\/wp-json\/wp\/v2\/product_tag?post=22131"}],"curies":[{"name":"wp","href":"https:\/\/api.w.org\/{rel}","templated":true}]}}