{"id":22123,"date":"2025-01-22T12:24:35","date_gmt":"2025-01-22T04:24:35","guid":{"rendered":"https:\/\/sellersunionagent.com\/?post_type=product&#038;p=22123"},"modified":"2025-11-28T10:55:48","modified_gmt":"2025-11-28T02:55:48","slug":"cross-border-new-christmas-wreath-decorations-candlestick-candle-wreath","status":"publish","type":"product","link":"https:\/\/www.sellersunionagent.com\/pl\/cross-border-new-christmas-wreath-decorations-candlestick-candle-wreath\/","title":{"rendered":"Cross-border New Christmas  Wreath decorations Candlestick Candle Wreath"},"content":{"rendered":"<h1>2025 Cross-border New Christmas Wreath decorations Candlestick Candle Wreath<\/h1>\n<h3>Typ: Dekoracja<br \/>\nItem Number: xphy<br \/>\nItem Size: 33*33CM<br \/>\nColors: red\/ white\/golden<br \/>\nMateria\u0142: tworzywo sztuczne<\/h3>\n<ul>\n<li>\n<h4>Wysoka jako\u015b\u0107<\/h4>\n<\/li>\n<li>\n<h4>Elegancko \u015bwi\u0105tecznie<\/h4>\n<\/li>\n<li>\n<h4>Klasyczny urok \u015bwi\u0105t<\/h4>\n<\/li>\n<li>\n<h4>Pragmatic<\/h4>\n<\/li>\n<\/ul>\n<p>&nbsp;<\/p>\n<p><img fetchpriority=\"high\" decoding=\"async\" class=\"wp-image-22129 aligncenter\" title=\"2025 Cross-border New Christmas Wreath decorations Candlestick Candle Wreath\" src=\"https:\/\/www.sellersunionagent.com\/wp-content\/uploads\/2025\/01\/88-2025012204153072.webp\" alt=\"2025 Cross-border New Christmas Wreath decorations Candlestick Candle Wreath\" width=\"600\" height=\"947\" \/><img decoding=\"async\" class=\"wp-image-22128 aligncenter\" title=\"2025 Cross-border New Christmas Wreath decorations Candlestick Candle Wreath\" src=\"https:\/\/www.sellersunionagent.com\/wp-content\/uploads\/2025\/01\/77-2025012203442439.webp\" alt=\"2025 Cross-border New Christmas Wreath decorations Candlestick Candle Wreath\" width=\"600\" height=\"947\" \/><\/p>","protected":false},"excerpt":{"rendered":"<p><strong>MOQ<\/strong>:  1000 szt.<br \/>\n<strong>Bezp\u0142atna pr\u00f3bka<\/strong>:  Obs\u0142ugiwane<br \/>\n<strong>Personalizacja<\/strong>logo \/ kolor \/ materia\u0142y \/ opakowanie itp.<br \/>\n<strong>Zni\u017cka<\/strong>:  Pierwsze zam\u00f3wienia ju\u017c od 10% taniej.<br \/>\n<strong>Wska\u017anik terminowo\u015bci dostaw<\/strong>:\u00a0 100%<br \/>\n<strong>Przesy\u0142ki og\u00f3\u0142em<\/strong>:  10000 szt.<br \/>\n<strong>Wysy\u0142ka<\/strong>: Fracht morski Fracht l\u0105dowy<\/p>","protected":false},"featured_media":22125,"comment_status":"open","ping_status":"closed","template":"","meta":{"_acf_changed":false},"product_brand":[],"product_cat":[235,320],"product_tag":[],"class_list":{"0":"post-22123","1":"product","2":"type-product","3":"status-publish","4":"has-post-thumbnail","6":"product_cat-christmas-decoration","7":"product_cat-christmas-wreaths","9":"first","10":"instock","11":"shipping-taxable","12":"product-type-simple","13":"swiper-slide"},"acf":[],"_links":{"self":[{"href":"https:\/\/www.sellersunionagent.com\/pl\/wp-json\/wp\/v2\/product\/22123","targetHints":{"allow":["GET"]}}],"collection":[{"href":"https:\/\/www.sellersunionagent.com\/pl\/wp-json\/wp\/v2\/product"}],"about":[{"href":"https:\/\/www.sellersunionagent.com\/pl\/wp-json\/wp\/v2\/types\/product"}],"replies":[{"embeddable":true,"href":"https:\/\/www.sellersunionagent.com\/pl\/wp-json\/wp\/v2\/comments?post=22123"}],"wp:featuredmedia":[{"embeddable":true,"href":"https:\/\/www.sellersunionagent.com\/pl\/wp-json\/wp\/v2\/media\/22125"}],"wp:attachment":[{"href":"https:\/\/www.sellersunionagent.com\/pl\/wp-json\/wp\/v2\/media?parent=22123"}],"wp:term":[{"taxonomy":"product_brand","embeddable":true,"href":"https:\/\/www.sellersunionagent.com\/pl\/wp-json\/wp\/v2\/product_brand?post=22123"},{"taxonomy":"product_cat","embeddable":true,"href":"https:\/\/www.sellersunionagent.com\/pl\/wp-json\/wp\/v2\/product_cat?post=22123"},{"taxonomy":"product_tag","embeddable":true,"href":"https:\/\/www.sellersunionagent.com\/pl\/wp-json\/wp\/v2\/product_tag?post=22123"}],"curies":[{"name":"wp","href":"https:\/\/api.w.org\/{rel}","templated":true}]}}