{"id":22108,"date":"2025-01-22T11:35:40","date_gmt":"2025-01-22T03:35:40","guid":{"rendered":"https:\/\/sellersunionagent.com\/?post_type=product&#038;p=22108"},"modified":"2025-11-28T10:57:31","modified_gmt":"2025-11-28T02:57:31","slug":"christmas-decoration-gift-love-retractable-doll-faceless-gnome-valentines-day-series","status":"publish","type":"product","link":"https:\/\/www.sellersunionagent.com\/pl\/christmas-decoration-gift-love-retractable-doll-faceless-gnome-valentines-day-series\/","title":{"rendered":"\u015awi\u0105teczna dekoracja Prezent Mi\u0142o\u015b\u0107 Wysuwana lalka Gnom bez twarzy Seria walentynkowa"},"content":{"rendered":"<h1>Christmas Decoration Gift Love Retractable Doll Faceless Gnome Valentine&#8217;s Day Series<\/h1>\n<h4>Type: Doll<br \/>\nItem Number: YX20655<br \/>\nItem Size: 28*12*70CM<br \/>\nColors: white\/ blue\/pink<br \/>\nMateria\u0142: poliester<\/h4>\n<ul>\n<li>Cheerful and cute<\/li>\n<li>Wyj\u0105tkowy styl<\/li>\n<li>Soft knitted fabric<\/li>\n<li>Ciep\u0142a wakacyjna atmosfera<\/li>\n<\/ul>\n<p>&nbsp;<\/p>\n<p><img fetchpriority=\"high\" decoding=\"async\" class=\"wp-image-22115 aligncenter\" title=\"\u015awi\u0105teczna dekoracja Prezent Mi\u0142o\u015b\u0107 Wysuwana lalka Gnom bez twarzy Seria walentynkowa\" src=\"https:\/\/www.sellersunionagent.com\/wp-content\/uploads\/2025\/01\/4-2025012203300972.webp\" alt=\"\u015awi\u0105teczna dekoracja Prezent Mi\u0142o\u015b\u0107 Wysuwana lalka Gnom bez twarzy Seria walentynkowa\" width=\"600\" height=\"826\" \/><\/p>\n<p>&nbsp;<\/p>\n<p><img decoding=\"async\" class=\"wp-image-22116 aligncenter\" title=\"\u015awi\u0105teczna dekoracja Prezent Mi\u0142o\u015b\u0107 Wysuwana lalka Gnom bez twarzy Seria walentynkowa\" src=\"https:\/\/www.sellersunionagent.com\/wp-content\/uploads\/2025\/01\/5-2025012203310268.webp\" alt=\"\u015awi\u0105teczna dekoracja Prezent Mi\u0142o\u015b\u0107 Wysuwana lalka Gnom bez twarzy Seria walentynkowa\" width=\"600\" height=\"614\" \/><\/p>\n<p>&nbsp;<\/p>\n<p><img decoding=\"async\" class=\"wp-image-22117 aligncenter\" title=\"\u015awi\u0105teczna dekoracja Prezent Mi\u0142o\u015b\u0107 Wysuwana lalka Gnom bez twarzy Seria walentynkowa\" src=\"https:\/\/www.sellersunionagent.com\/wp-content\/uploads\/2025\/01\/6-2025012203310677.webp\" alt=\"\u015awi\u0105teczna dekoracja Prezent Mi\u0142o\u015b\u0107 Wysuwana lalka Gnom bez twarzy Seria walentynkowa\" width=\"600\" height=\"618\" \/><\/p>","protected":false},"excerpt":{"rendered":"<p><strong>MOQ<\/strong>:  1000 szt.<br \/>\n<strong>Bezp\u0142atna pr\u00f3bka<\/strong>:  Obs\u0142ugiwane<br \/>\n<strong>Personalizacja<\/strong>logo \/ kolor \/ materia\u0142y \/ opakowanie itp.<br \/>\n<strong>Zni\u017cka<\/strong>:  Pierwsze zam\u00f3wienia ju\u017c od 10% taniej.<br \/>\n<strong>Wska\u017anik terminowo\u015bci dostaw<\/strong>:\u00a0 100%<br \/>\n<strong>Przesy\u0142ki og\u00f3\u0142em<\/strong>:  10000 szt.<br \/>\n<strong>Wysy\u0142ka<\/strong>: Fracht morski Fracht l\u0105dowy<\/p>","protected":false},"featured_media":22110,"comment_status":"open","ping_status":"closed","template":"","meta":{"_acf_changed":false},"product_brand":[],"product_cat":[235,323],"product_tag":[277],"class_list":{"0":"post-22108","1":"product","2":"type-product","3":"status-publish","4":"has-post-thumbnail","6":"product_cat-christmas-decoration","7":"product_cat-christmas-textiles","8":"product_tag-christmas-decoration-gift-love-retractable-doll-faceless-gnome-valentines-day-series","10":"first","11":"instock","12":"shipping-taxable","13":"product-type-simple","14":"swiper-slide"},"acf":[],"_links":{"self":[{"href":"https:\/\/www.sellersunionagent.com\/pl\/wp-json\/wp\/v2\/product\/22108","targetHints":{"allow":["GET"]}}],"collection":[{"href":"https:\/\/www.sellersunionagent.com\/pl\/wp-json\/wp\/v2\/product"}],"about":[{"href":"https:\/\/www.sellersunionagent.com\/pl\/wp-json\/wp\/v2\/types\/product"}],"replies":[{"embeddable":true,"href":"https:\/\/www.sellersunionagent.com\/pl\/wp-json\/wp\/v2\/comments?post=22108"}],"wp:featuredmedia":[{"embeddable":true,"href":"https:\/\/www.sellersunionagent.com\/pl\/wp-json\/wp\/v2\/media\/22110"}],"wp:attachment":[{"href":"https:\/\/www.sellersunionagent.com\/pl\/wp-json\/wp\/v2\/media?parent=22108"}],"wp:term":[{"taxonomy":"product_brand","embeddable":true,"href":"https:\/\/www.sellersunionagent.com\/pl\/wp-json\/wp\/v2\/product_brand?post=22108"},{"taxonomy":"product_cat","embeddable":true,"href":"https:\/\/www.sellersunionagent.com\/pl\/wp-json\/wp\/v2\/product_cat?post=22108"},{"taxonomy":"product_tag","embeddable":true,"href":"https:\/\/www.sellersunionagent.com\/pl\/wp-json\/wp\/v2\/product_tag?post=22108"}],"curies":[{"name":"wp","href":"https:\/\/api.w.org\/{rel}","templated":true}]}}