{"id":22096,"date":"2025-01-22T11:11:43","date_gmt":"2025-01-22T03:11:43","guid":{"rendered":"https:\/\/sellersunionagent.com\/?post_type=product&#038;p=22096"},"modified":"2025-11-28T10:55:08","modified_gmt":"2025-11-28T02:55:08","slug":"christmas-hanging-leg-elf-sitting-doll-ornament-childrens-gift","status":"publish","type":"product","link":"https:\/\/www.sellersunionagent.com\/pl\/christmas-hanging-leg-elf-sitting-doll-ornament-childrens-gift\/","title":{"rendered":"Christmas Hanging Leg Elf Sitting Doll Ornament Children&#8217;s Gift"},"content":{"rendered":"<h1>2025 Christmas Hanging Leg Elf Sitting Doll Ornament Children&#8217;s Gift<\/h1>\n<h3>Type: Doll ornament<br \/>\nItem Number:9527<br \/>\nItem Size: 48*15CM<br \/>\nKolory: czerwony\/zielony<br \/>\nMaterial: nonwoven fabric<\/h3>\n<ul>\n<li>\n<h4>Festive and Jolly<\/h4>\n<\/li>\n<li>\n<h4>Whimsical and cheerful<\/h4>\n<\/li>\n<li>\n<h4>Soft and cuddly<\/h4>\n<\/li>\n<li>\n<h4>Vibrant and colorful<\/h4>\n<\/li>\n<\/ul>\n<p><img fetchpriority=\"high\" decoding=\"async\" class=\"wp-image-22089 aligncenter\" title=\"2025 Christmas Hanging Leg Elf Sitting Doll Ornament Children's Gift\" src=\"https:\/\/www.sellersunionagent.com\/wp-content\/uploads\/2025\/01\/O1CN01Ai8ZAk1Vk4NHcnsqj_2217120892690-0-cib-2025012203014720.webp\" alt=\"2025 Christmas Hanging Leg Elf Sitting Doll Ornament Children's Gift\" width=\"600\" height=\"731\" \/><\/p>\n<p><img decoding=\"async\" class=\"wp-image-22099 aligncenter\" title=\"2025 Christmas Hanging Leg Elf Sitting Doll Ornament Children's Gift120892690 0 cib 2025012203090471\" src=\"https:\/\/www.sellersunionagent.com\/wp-content\/uploads\/2025\/01\/O1CN01LuEeDp1Vk4NClw9oc_2217120892690-0-cib-2025012203090471.webp\" alt=\"2025 Christmas Hanging Leg Elf Sitting Doll Ornament Children's Gift\" width=\"600\" height=\"600\" \/><\/p>\n<p>&nbsp;<\/p>\n<p><img decoding=\"async\" class=\"wp-image-22100 aligncenter\" title=\"2025 Christmas Hanging Leg Elf Sitting Doll Ornament Children's Gift20892690 0 cib 2025012203100482\" src=\"https:\/\/www.sellersunionagent.com\/wp-content\/uploads\/2025\/01\/O1CN01pSJ0Ck1Vk4NE1wrVL_2217120892690-0-cib-2025012203100482.webp\" alt=\"2025 Christmas Hanging Leg Elf Sitting Doll Ornament Children's Gift\" width=\"600\" height=\"600\" \/><\/p>","protected":false},"excerpt":{"rendered":"<p><strong>MOQ<\/strong>:  1000 szt.<br \/>\n<strong>Bezp\u0142atna pr\u00f3bka<\/strong>:  Obs\u0142ugiwane<br \/>\n<strong>Personalizacja<\/strong>logo \/ kolor \/ materia\u0142y \/ opakowanie itp.<br \/>\n<strong>Zni\u017cka<\/strong>:  Pierwsze zam\u00f3wienia ju\u017c od 10% taniej.<br \/>\n<strong>Wska\u017anik terminowo\u015bci dostaw<\/strong>:\u00a0 100%<br \/>\n<strong>Przesy\u0142ki og\u00f3\u0142em<\/strong>:  10000 szt.<br \/>\n<strong>Wysy\u0142ka<\/strong>: Fracht morski Fracht l\u0105dowy<\/p>","protected":false},"featured_media":22079,"comment_status":"open","ping_status":"closed","template":"","meta":{"_acf_changed":false},"product_brand":[],"product_cat":[235,321],"product_tag":[],"class_list":{"0":"post-22096","1":"product","2":"type-product","3":"status-publish","4":"has-post-thumbnail","6":"product_cat-christmas-decoration","7":"product_cat-christmas-figurines","9":"first","10":"instock","11":"shipping-taxable","12":"product-type-simple","13":"swiper-slide"},"acf":[],"_links":{"self":[{"href":"https:\/\/www.sellersunionagent.com\/pl\/wp-json\/wp\/v2\/product\/22096","targetHints":{"allow":["GET"]}}],"collection":[{"href":"https:\/\/www.sellersunionagent.com\/pl\/wp-json\/wp\/v2\/product"}],"about":[{"href":"https:\/\/www.sellersunionagent.com\/pl\/wp-json\/wp\/v2\/types\/product"}],"replies":[{"embeddable":true,"href":"https:\/\/www.sellersunionagent.com\/pl\/wp-json\/wp\/v2\/comments?post=22096"}],"wp:featuredmedia":[{"embeddable":true,"href":"https:\/\/www.sellersunionagent.com\/pl\/wp-json\/wp\/v2\/media\/22079"}],"wp:attachment":[{"href":"https:\/\/www.sellersunionagent.com\/pl\/wp-json\/wp\/v2\/media?parent=22096"}],"wp:term":[{"taxonomy":"product_brand","embeddable":true,"href":"https:\/\/www.sellersunionagent.com\/pl\/wp-json\/wp\/v2\/product_brand?post=22096"},{"taxonomy":"product_cat","embeddable":true,"href":"https:\/\/www.sellersunionagent.com\/pl\/wp-json\/wp\/v2\/product_cat?post=22096"},{"taxonomy":"product_tag","embeddable":true,"href":"https:\/\/www.sellersunionagent.com\/pl\/wp-json\/wp\/v2\/product_tag?post=22096"}],"curies":[{"name":"wp","href":"https:\/\/api.w.org\/{rel}","templated":true}]}}