{"id":22051,"date":"2025-01-22T10:46:59","date_gmt":"2025-01-22T02:46:59","guid":{"rendered":"https:\/\/sellersunionagent.com\/?post_type=product&#038;p=22051"},"modified":"2025-01-22T10:46:59","modified_gmt":"2025-01-22T02:46:59","slug":"new-christmas-decorative-glasses-christmas-gifts-creative-glasses-frame","status":"publish","type":"product","link":"https:\/\/www.sellersunionagent.com\/pl\/new-christmas-decorative-glasses-christmas-gifts-creative-glasses-frame\/","title":{"rendered":"New Christmas Decorative Glasses Christmas Gifts Creative Glasses Frame"},"content":{"rendered":"<h1>New Christmas Decorative Glasses Christmas Gifts Creative Glasses Frame<\/h1>\n<h3>Type: Christmas Decoration Glasses<br \/>\nItem Number: PJ&#8211;CHYJ<br \/>\nItem Size: 14*14CM<br \/>\nColors: white\/ blue\/pink<br \/>\nMateria\u0142: tworzywo sztuczne<\/h3>\n<ul>\n<li>\u015awi\u0105tecznie i rado\u015bnie<\/li>\n<li>Versatile and stylish<\/li>\n<li>R\u0119cznie robione<\/li>\n<li>Suitable for adults and children<\/li>\n<\/ul>\n<h4><\/h4>\n<p>&nbsp;<\/p>\n<p><img fetchpriority=\"high\" decoding=\"async\" class=\"wp-image-22068 aligncenter\" title=\"New Christmas Decorative Glasses Christmas Gifts Creative Glasses Frame\" src=\"https:\/\/www.sellersunionagent.com\/wp-content\/uploads\/2025\/01\/O1CN01zLNtNt2ChLTferlc5_2872948505-0-cib-2025012202400655.webp\" alt=\"New Christmas Decorative Glasses Christmas Gifts Creative Glasses Frame \" width=\"600\" height=\"1008\" \/><\/p>\n<p><img decoding=\"async\" class=\"wp-image-22069 aligncenter\" title=\"New Christmas Decorative Glasses Christmas Gifts Creative Glasses Frame\" src=\"https:\/\/www.sellersunionagent.com\/wp-content\/uploads\/2025\/01\/O1CN012XRbCd2ChLTgT3FXX_2872948505-0-cib-2025012202412773.webp\" alt=\"New Christmas Decorative Glasses Christmas Gifts Creative Glasses Frame \" width=\"600\" height=\"863\" \/><\/p>\n<p>&nbsp;<\/p>\n<p>&nbsp;<\/p>","protected":false},"excerpt":{"rendered":"<p><strong>MOQ<\/strong>:  1000 szt.<br \/>\n<strong>Bezp\u0142atna pr\u00f3bka<\/strong>:  Obs\u0142ugiwane<br \/>\n<strong>Personalizacja<\/strong>logo \/ kolor \/ materia\u0142y \/ opakowanie itp.<br \/>\n<strong>Zni\u017cka<\/strong>:  Pierwsze zam\u00f3wienia ju\u017c od 10% taniej.<br \/>\n<strong>Wska\u017anik terminowo\u015bci dostaw<\/strong>:\u00a0 100%<br \/>\n<strong>Przesy\u0142ki og\u00f3\u0142em<\/strong>:  10000 szt.<br \/>\n<strong>Wysy\u0142ka<\/strong>: Fracht morski Fracht l\u0105dowy<\/p>","protected":false},"featured_media":22067,"comment_status":"open","ping_status":"closed","template":"","meta":{"_acf_changed":false},"product_brand":[],"product_cat":[235],"product_tag":[275],"class_list":{"0":"post-22051","1":"product","2":"type-product","3":"status-publish","4":"has-post-thumbnail","6":"product_cat-christmas-decoration","7":"product_tag-new-christmas-decorative-glasses-christmas-gifts-creative-glasses-frame","9":"first","10":"instock","11":"shipping-taxable","12":"product-type-simple","13":"swiper-slide"},"acf":[],"_links":{"self":[{"href":"https:\/\/www.sellersunionagent.com\/pl\/wp-json\/wp\/v2\/product\/22051","targetHints":{"allow":["GET"]}}],"collection":[{"href":"https:\/\/www.sellersunionagent.com\/pl\/wp-json\/wp\/v2\/product"}],"about":[{"href":"https:\/\/www.sellersunionagent.com\/pl\/wp-json\/wp\/v2\/types\/product"}],"replies":[{"embeddable":true,"href":"https:\/\/www.sellersunionagent.com\/pl\/wp-json\/wp\/v2\/comments?post=22051"}],"wp:featuredmedia":[{"embeddable":true,"href":"https:\/\/www.sellersunionagent.com\/pl\/wp-json\/wp\/v2\/media\/22067"}],"wp:attachment":[{"href":"https:\/\/www.sellersunionagent.com\/pl\/wp-json\/wp\/v2\/media?parent=22051"}],"wp:term":[{"taxonomy":"product_brand","embeddable":true,"href":"https:\/\/www.sellersunionagent.com\/pl\/wp-json\/wp\/v2\/product_brand?post=22051"},{"taxonomy":"product_cat","embeddable":true,"href":"https:\/\/www.sellersunionagent.com\/pl\/wp-json\/wp\/v2\/product_cat?post=22051"},{"taxonomy":"product_tag","embeddable":true,"href":"https:\/\/www.sellersunionagent.com\/pl\/wp-json\/wp\/v2\/product_tag?post=22051"}],"curies":[{"name":"wp","href":"https:\/\/api.w.org\/{rel}","templated":true}]}}