{"id":22039,"date":"2025-01-22T10:42:49","date_gmt":"2025-01-22T02:42:49","guid":{"rendered":"https:\/\/sellersunionagent.com\/?post_type=product&#038;p=22039"},"modified":"2025-11-28T10:29:18","modified_gmt":"2025-11-28T02:29:18","slug":"christmas-santa-gift-bag","status":"publish","type":"product","link":"https:\/\/www.sellersunionagent.com\/pl\/christmas-santa-gift-bag\/","title":{"rendered":"Christmas Santa Gift Bag"},"content":{"rendered":"<h1>Christmas Santa Gift Bag<\/h1>\n<div class=\"elementor-element elementor-element-42815df elementor-widget elementor-widget-heading\" data-id=\"42815df\" data-element_type=\"widget\" data-widget_type=\"heading.default\">\n<h3 class=\"elementor-widget-container\">Type: gift bag<\/h3>\n<h3 class=\"elementor-widget-container\">Item Number: SRJT-1<\/h3>\n<h3 class=\"elementor-widget-container\">Item Size: 14*7*15cm; 20*10*20cm; 30*11*24cm<\/h3>\n<h3 class=\"elementor-widget-container\">Colors: Smiling Santa Claus\/ Santa Claus with beard\/ Santa Claus with wreath\/ elk<\/h3>\n<h3 class=\"elementor-widget-container\">Material: white cardboard<\/h3>\n<p>&nbsp;<\/p>\n<\/div>\n<ul>\n<li>\n<h4>Anti-wrinkle<\/h4>\n<\/li>\n<li>\n<h4>Beautiful appearance<\/h4>\n<\/li>\n<li>\n<h4>Advanced design<\/h4>\n<\/li>\n<li>\n<h4>Christmas gift<\/h4>\n<p>&nbsp;<\/p>\n<p><img fetchpriority=\"high\" decoding=\"async\" class=\"aligncenter wp-image-22055\" title=\"\u4f01\u4e1a\u5fae\u4fe1\u622a\u56fe 20250121182943 2025012202304838\" src=\"https:\/\/www.sellersunionagent.com\/wp-content\/uploads\/2025\/01\/\u4f01\u4e1a\u5fae\u4fe1\u622a\u56fe_20250121182943-2025012202304838.webp\" alt=\"Christmas Santa Gift Bag\" width=\"600\" height=\"560\" \/><\/p>\n<p><img decoding=\"async\" class=\"aligncenter wp-image-22061\" title=\"\u4f01\u4e1a\u5fae\u4fe1\u622a\u56fe 20250122094812 2025012202311056\" src=\"https:\/\/www.sellersunionagent.com\/wp-content\/uploads\/2025\/01\/\u4f01\u4e1a\u5fae\u4fe1\u622a\u56fe_20250122094812-2025012202311056.webp\" alt=\"Christmas Santa Gift Bag\" width=\"600\" height=\"381\" \/><\/p>\n<p><img decoding=\"async\" class=\"aligncenter wp-image-22062\" title=\"\u4f01\u4e1a\u5fae\u4fe1\u622a\u56fe 20250122094824 2025012202311590\" src=\"https:\/\/www.sellersunionagent.com\/wp-content\/uploads\/2025\/01\/\u4f01\u4e1a\u5fae\u4fe1\u622a\u56fe_20250122094824-2025012202311590.webp\" alt=\"Christmas Santa Gift Bag\" width=\"600\" height=\"401\" \/><\/p>\n<p><img loading=\"lazy\" decoding=\"async\" class=\"aligncenter wp-image-22066\" title=\"\u56fe\u72471(1) 2025012202314167\" src=\"https:\/\/www.sellersunionagent.com\/wp-content\/uploads\/2025\/01\/\u56fe\u724711-2025012202314167.webp\" alt=\"Christmas Santa Gift Bag\" width=\"600\" height=\"522\" \/><\/li>\n<\/ul>","protected":false},"excerpt":{"rendered":"<p><strong>MOQ<\/strong>:  1000 szt.<br \/>\n<strong>Bezp\u0142atna pr\u00f3bka<\/strong>:  Obs\u0142ugiwane<br \/>\n<strong>Personalizacja<\/strong>logo \/ kolor \/ materia\u0142y \/ opakowanie itp.<br \/>\n<strong>Zni\u017cka<\/strong>:  Pierwsze zam\u00f3wienia ju\u017c od 10% taniej.<br \/>\n<strong>Wska\u017anik terminowo\u015bci dostaw<\/strong>:\u00a0 100%<br \/>\n<strong>Przesy\u0142ki og\u00f3\u0142em<\/strong>:  10000 szt.<br \/>\n<strong>Wysy\u0142ka<\/strong>: Fracht morski Fracht l\u0105dowy<\/p>","protected":false},"featured_media":22061,"comment_status":"open","ping_status":"closed","template":"","meta":{"_acf_changed":false},"product_brand":[],"product_cat":[235,322],"product_tag":[87,42,73,93,50,99],"class_list":{"0":"post-22039","1":"product","2":"type-product","3":"status-publish","4":"has-post-thumbnail","6":"product_cat-christmas-decoration","7":"product_cat-christmas-gift","8":"product_tag-bulk-wholesale","9":"product_tag-high-quality","10":"product_tag-home-storagewholesaledurable","11":"product_tag-storage","12":"product_tag-wholesale","13":"product_tag-wholesale-maker-from-china","15":"first","16":"instock","17":"shipping-taxable","18":"product-type-simple","19":"swiper-slide"},"acf":[],"_links":{"self":[{"href":"https:\/\/www.sellersunionagent.com\/pl\/wp-json\/wp\/v2\/product\/22039","targetHints":{"allow":["GET"]}}],"collection":[{"href":"https:\/\/www.sellersunionagent.com\/pl\/wp-json\/wp\/v2\/product"}],"about":[{"href":"https:\/\/www.sellersunionagent.com\/pl\/wp-json\/wp\/v2\/types\/product"}],"replies":[{"embeddable":true,"href":"https:\/\/www.sellersunionagent.com\/pl\/wp-json\/wp\/v2\/comments?post=22039"}],"wp:featuredmedia":[{"embeddable":true,"href":"https:\/\/www.sellersunionagent.com\/pl\/wp-json\/wp\/v2\/media\/22061"}],"wp:attachment":[{"href":"https:\/\/www.sellersunionagent.com\/pl\/wp-json\/wp\/v2\/media?parent=22039"}],"wp:term":[{"taxonomy":"product_brand","embeddable":true,"href":"https:\/\/www.sellersunionagent.com\/pl\/wp-json\/wp\/v2\/product_brand?post=22039"},{"taxonomy":"product_cat","embeddable":true,"href":"https:\/\/www.sellersunionagent.com\/pl\/wp-json\/wp\/v2\/product_cat?post=22039"},{"taxonomy":"product_tag","embeddable":true,"href":"https:\/\/www.sellersunionagent.com\/pl\/wp-json\/wp\/v2\/product_tag?post=22039"}],"curies":[{"name":"wp","href":"https:\/\/api.w.org\/{rel}","templated":true}]}}