{"id":22036,"date":"2025-01-22T09:54:12","date_gmt":"2025-01-22T01:54:12","guid":{"rendered":"https:\/\/sellersunionagent.com\/?post_type=product&#038;p=22036"},"modified":"2025-11-28T10:39:55","modified_gmt":"2025-11-28T02:39:55","slug":"skandynawski-dzwonek-bozonarodzeniowy-zawieszka-dzwonek-wietrzny-ozdoby-choinkowe-mala-ozdoba-wiszaca","status":"publish","type":"product","link":"https:\/\/www.sellersunionagent.com\/pl\/scandinavian-christmas-bell-pendant-wind-chime-christmas-tree-decorations-small-hanging-ornament\/","title":{"rendered":"Skandynawski dzwonek bo\u017conarodzeniowy wisiorek gong ozdoby choinkowe ma\u0142a ozdoba wisz\u0105ca"},"content":{"rendered":"<div class=\"elementor-element elementor-element-42815df elementor-widget elementor-widget-heading\" data-id=\"42815df\" data-element_type=\"widget\" data-widget_type=\"heading.default\">\n<div class=\"elementor-widget-container\">\n<h1>Skandynawski dzwonek bo\u017conarodzeniowy wisiorek gong ozdoby choinkowe ma\u0142a ozdoba wisz\u0105ca<\/h1>\n<h3>Typ: Ozdoba wisz\u0105ca<br \/>\nNumer artyku\u0142u: srjt-1<br \/>\nRozmiar przedmiotu: 5 * 9 CM \/ 5 * 7,6 CM \/ 5 * 7,8 CM<br \/>\nKolory: czerwony\/bia\u0142y<br \/>\nMateria\u0142: 1327355784<\/h3>\n<p>&nbsp;<\/p>\n<ul>\n<li>\n<h4>Urocze dekoracje \u015bwi\u0105teczne<\/h4>\n<\/li>\n<li>\n<h4>\u015awi\u0105tecznie i rado\u015bnie<\/h4>\n<\/li>\n<li>\n<h4>Wyj\u0105tkowe ozdoby \u015bwi\u0105teczne<\/h4>\n<\/li>\n<li>\n<h4>Idealny wyb\u00f3r na prezent<\/h4>\n<\/li>\n<\/ul>\n<\/div>\n<\/div>\n<div class=\"elementor-element elementor-element-c17fac7 elementor-widget elementor-widget-woocommerce-product-short-description\" data-id=\"c17fac7\" data-element_type=\"widget\" data-widget_type=\"woocommerce-product-short-description.default\">\n<h4 style=\"text-align: center\">Trzy rodzaje<\/h4>\n<p><img fetchpriority=\"high\" decoding=\"async\" class=\"wp-image-22037 aligncenter\" title=\"Skandynawski dzwonek bo\u017conarodzeniowy wisiorek gong ozdoba choinkowa ma\u0142a ozdoba wisz\u0105ca\" src=\"https:\/\/www.sellersunionagent.com\/wp-content\/uploads\/2025\/01\/\u94c3\u94db1-2025012201182191.webp\" alt=\"Skandynawski dzwonek bo\u017conarodzeniowy wisiorek gong ozdoba choinkowa ma\u0142a ozdoba wisz\u0105ca\" width=\"600\" height=\"600\" \/><img decoding=\"async\" class=\"wp-image-22040 aligncenter\" title=\"Skandynawski dzwonek bo\u017conarodzeniowy wisiorek gong ozdoba choinkowa ma\u0142a ozdoba wisz\u0105ca\" src=\"https:\/\/www.sellersunionagent.com\/wp-content\/uploads\/2025\/01\/\u94c3\u94db6-2025012201200973.webp\" alt=\"Skandynawski dzwonek bo\u017conarodzeniowy wisiorek gong ozdoba choinkowa ma\u0142a ozdoba wisz\u0105ca\" width=\"600\" height=\"600\" \/><\/p>\n<p><img decoding=\"async\" class=\"wp-image-22041 aligncenter\" title=\"Skandynawski dzwonek bo\u017conarodzeniowy wisiorek gong ozdoba choinkowa ma\u0142a ozdoba wisz\u0105ca\" src=\"https:\/\/www.sellersunionagent.com\/wp-content\/uploads\/2025\/01\/\u94c3\u94db7-2025012201210596.webp\" alt=\"Skandynawski dzwonek bo\u017conarodzeniowy wisiorek gong ozdoba choinkowa ma\u0142a ozdoba wisz\u0105ca\" width=\"600\" height=\"600\" \/><\/p>\n<p><img loading=\"lazy\" decoding=\"async\" class=\"wp-image-22042 aligncenter\" title=\"Skandynawski dzwonek bo\u017conarodzeniowy wisiorek gong ozdoba choinkowa ma\u0142a ozdoba wisz\u0105ca\" src=\"https:\/\/www.sellersunionagent.com\/wp-content\/uploads\/2025\/01\/\u94c3\u94db8-2025012201230011.webp\" alt=\"Skandynawski dzwonek bo\u017conarodzeniowy wisiorek gong ozdoba choinkowa ma\u0142a ozdoba wisz\u0105ca\" width=\"600\" height=\"600\" \/><\/p>\n<\/div>","protected":false},"excerpt":{"rendered":"<p><strong>MOQ<\/strong>:  1000 szt.<br \/>\n<strong>Bezp\u0142atna pr\u00f3bka<\/strong>:  Obs\u0142ugiwane<br \/>\n<strong>Personalizacja<\/strong>logo \/ kolor \/ materia\u0142y \/ opakowanie itp.<br \/>\n<strong>Zni\u017cka<\/strong>:  Pierwsze zam\u00f3wienia ju\u017c od 10% taniej.<br \/>\n<strong>Wska\u017anik terminowo\u015bci dostaw<\/strong>:\u00a0 100%<br \/>\n<strong>Przesy\u0142ki og\u00f3\u0142em<\/strong>:  10000 szt.<br \/>\n<strong>Wysy\u0142ka<\/strong>: Fracht morski Fracht l\u0105dowy<\/p>","protected":false},"featured_media":22043,"comment_status":"open","ping_status":"closed","template":"","meta":{"_acf_changed":false},"product_brand":[],"product_cat":[235,321],"product_tag":[274],"class_list":{"0":"post-22036","1":"product","2":"type-product","3":"status-publish","4":"has-post-thumbnail","6":"product_cat-christmas-decoration","7":"product_cat-christmas-figurines","8":"product_tag-scandinavian-christmas-bell-pendant-wind-chime-christmas-tree-decorations-small-hanging-ornament","10":"first","11":"instock","12":"shipping-taxable","13":"product-type-simple","14":"swiper-slide"},"acf":[],"_links":{"self":[{"href":"https:\/\/www.sellersunionagent.com\/pl\/wp-json\/wp\/v2\/product\/22036","targetHints":{"allow":["GET"]}}],"collection":[{"href":"https:\/\/www.sellersunionagent.com\/pl\/wp-json\/wp\/v2\/product"}],"about":[{"href":"https:\/\/www.sellersunionagent.com\/pl\/wp-json\/wp\/v2\/types\/product"}],"replies":[{"embeddable":true,"href":"https:\/\/www.sellersunionagent.com\/pl\/wp-json\/wp\/v2\/comments?post=22036"}],"wp:featuredmedia":[{"embeddable":true,"href":"https:\/\/www.sellersunionagent.com\/pl\/wp-json\/wp\/v2\/media\/22043"}],"wp:attachment":[{"href":"https:\/\/www.sellersunionagent.com\/pl\/wp-json\/wp\/v2\/media?parent=22036"}],"wp:term":[{"taxonomy":"product_brand","embeddable":true,"href":"https:\/\/www.sellersunionagent.com\/pl\/wp-json\/wp\/v2\/product_brand?post=22036"},{"taxonomy":"product_cat","embeddable":true,"href":"https:\/\/www.sellersunionagent.com\/pl\/wp-json\/wp\/v2\/product_cat?post=22036"},{"taxonomy":"product_tag","embeddable":true,"href":"https:\/\/www.sellersunionagent.com\/pl\/wp-json\/wp\/v2\/product_tag?post=22036"}],"curies":[{"name":"wp","href":"https:\/\/api.w.org\/{rel}","templated":true}]}}