{"id":22006,"date":"2025-01-20T15:40:23","date_gmt":"2025-01-20T07:40:23","guid":{"rendered":"https:\/\/sellersunionagent.com\/?post_type=product&#038;p=22006"},"modified":"2025-01-22T14:42:19","modified_gmt":"2025-01-22T06:42:19","slug":"thickened-wholesale-large-capacity-shaking-cup","status":"publish","type":"product","link":"https:\/\/www.sellersunionagent.com\/pl\/thickened-wholesale-large-capacity-shaking-cup\/","title":{"rendered":"Zag\u0119szczony hurtowy kubek do wytrz\u0105sania o du\u017cej pojemno\u015bci"},"content":{"rendered":"<h1><strong>Zag\u0119szczony hurtowy kubek do wytrz\u0105sania o du\u017cej pojemno\u015bci<\/strong><\/h1>\n<h3>Type\uff1aShaking Cup<\/h3>\n<h3>Item Number\uff1afkn202407-30<\/h3>\n<h3>Volume\uff1a750ML<\/h3>\n<h3>Materia\u0142: Wewn\u0119trzna wk\u0142adka ze stali nierdzewnej 304<\/h3>\n<h3>Zewn\u0119trzna pow\u0142oka ze stali nierdzewnej 201<\/h3>\n<h3><\/h3>\n<ul>\n<li>\n<h4>Wysoka g\u0142o\u015bno\u015b\u0107<\/h4>\n<\/li>\n<li>\n<h4>Przeno\u015bny i wygodny<\/h4>\n<\/li>\n<li>\n<h4>Mo\u017cliwo\u015b\u0107 dostosowania<\/h4>\n<\/li>\n<li>\n<h4>Izolacja termiczna<\/h4>\n<\/li>\n<li>\n<h4>Anti-falling<\/h4>\n<\/li>\n<\/ul>\n<p>&nbsp;<\/p>\n<h4 style=\"text-align: center\"><strong>Multi-colour and High volume<\/strong><\/h4>\n<p><img fetchpriority=\"high\" decoding=\"async\" class=\"aligncenter wp-image-22007\" title=\"Zag\u0119szczony hurtowy kubek do wytrz\u0105sania o du\u017cej pojemno\u015bci\" src=\"https:\/\/www.sellersunionagent.com\/wp-content\/uploads\/2025\/01\/\u6447\u6447\u676f1-2025012007010833.webp\" alt=\"Zag\u0119szczony hurtowy kubek do wytrz\u0105sania o du\u017cej pojemno\u015bci\" width=\"600\" height=\"600\" \/><\/p>","protected":false},"excerpt":{"rendered":"<p><strong>MOQ<\/strong>:  1000 szt.<br \/>\n<strong>Bezp\u0142atna pr\u00f3bka<\/strong>:  Obs\u0142ugiwane<br \/>\n<strong>Personalizacja<\/strong>logo \/ kolor \/ materia\u0142y \/ opakowanie itp.<br \/>\n<strong>Zni\u017cka<\/strong>:  Pierwsze zam\u00f3wienia ju\u017c od 10% taniej.<br \/>\n<strong>Wska\u017anik terminowo\u015bci dostaw<\/strong>:\u00a0 100%<br \/>\n<strong>Przesy\u0142ki og\u00f3\u0142em<\/strong>:  10000 szt.<br \/>\n<strong>Wysy\u0142ka<\/strong>: Fracht morski Fracht l\u0105dowy<\/p>","protected":false},"featured_media":22008,"comment_status":"open","ping_status":"closed","template":"","meta":{"_acf_changed":false},"product_brand":[],"product_cat":[259],"product_tag":[272],"class_list":{"0":"post-22006","1":"product","2":"type-product","3":"status-publish","4":"has-post-thumbnail","6":"product_cat-uncategories","7":"product_tag-thickened-wholesale-large-capacity-shaking-cup","9":"first","10":"instock","11":"shipping-taxable","12":"product-type-simple","13":"swiper-slide"},"acf":[],"_links":{"self":[{"href":"https:\/\/www.sellersunionagent.com\/pl\/wp-json\/wp\/v2\/product\/22006","targetHints":{"allow":["GET"]}}],"collection":[{"href":"https:\/\/www.sellersunionagent.com\/pl\/wp-json\/wp\/v2\/product"}],"about":[{"href":"https:\/\/www.sellersunionagent.com\/pl\/wp-json\/wp\/v2\/types\/product"}],"replies":[{"embeddable":true,"href":"https:\/\/www.sellersunionagent.com\/pl\/wp-json\/wp\/v2\/comments?post=22006"}],"wp:featuredmedia":[{"embeddable":true,"href":"https:\/\/www.sellersunionagent.com\/pl\/wp-json\/wp\/v2\/media\/22008"}],"wp:attachment":[{"href":"https:\/\/www.sellersunionagent.com\/pl\/wp-json\/wp\/v2\/media?parent=22006"}],"wp:term":[{"taxonomy":"product_brand","embeddable":true,"href":"https:\/\/www.sellersunionagent.com\/pl\/wp-json\/wp\/v2\/product_brand?post=22006"},{"taxonomy":"product_cat","embeddable":true,"href":"https:\/\/www.sellersunionagent.com\/pl\/wp-json\/wp\/v2\/product_cat?post=22006"},{"taxonomy":"product_tag","embeddable":true,"href":"https:\/\/www.sellersunionagent.com\/pl\/wp-json\/wp\/v2\/product_tag?post=22006"}],"curies":[{"name":"wp","href":"https:\/\/api.w.org\/{rel}","templated":true}]}}