{"id":21992,"date":"2025-01-20T14:54:56","date_gmt":"2025-01-20T06:54:56","guid":{"rendered":"https:\/\/sellersunionagent.com\/?post_type=product&#038;p=21992"},"modified":"2025-01-22T14:43:20","modified_gmt":"2025-01-22T06:43:20","slug":"przenosny-prozniowy-kubek-na-kawe-ze-stali-nierdzewnej-304","status":"publish","type":"product","link":"https:\/\/www.sellersunionagent.com\/pl\/304-stainless-steel-portable-vacuum-coffee-cup\/","title":{"rendered":"Przeno\u015bny pr\u00f3\u017cniowy kubek do kawy ze stali nierdzewnej 304"},"content":{"rendered":"<h1><strong>Przeno\u015bny pr\u00f3\u017cniowy kubek do kawy ze stali nierdzewnej 304<\/strong><\/h1>\n<h3>Typ:Fili\u017canka do kawy<\/h3>\n<h3>Numer artyku\u0142u\uff1afkn202407-47<\/h3>\n<h3>Pojemno\u015b\u0107\uff1a500ML<\/h3>\n<h3>Materia\u0142: Wewn\u0119trzna wk\u0142adka ze stali nierdzewnej 304<\/h3>\n<h3>Zewn\u0119trzna pow\u0142oka ze stali nierdzewnej 201<\/h3>\n<p>&nbsp;<\/p>\n<ul>\n<li>\n<h4>Wysoka g\u0142o\u015bno\u015b\u0107<\/h4>\n<\/li>\n<li>\n<h4>Przeno\u015bny i wygodny<\/h4>\n<\/li>\n<li>\n<h4>Mo\u017cliwo\u015b\u0107 dostosowania<\/h4>\n<\/li>\n<li>\n<h4>Izolacja termiczna<\/h4>\n<\/li>\n<\/ul>\n<h4><\/h4>\n<p>&nbsp;<\/p>\n<h4 style=\"text-align: center\"><strong>Przeno\u015bny i izolowany termicznie<\/strong><\/h4>\n<p><img fetchpriority=\"high\" decoding=\"async\" class=\"aligncenter wp-image-21993\" title=\"Przeno\u015bny pr\u00f3\u017cniowy kubek do kawy ze stali nierdzewnej 30451\" src=\"https:\/\/www.sellersunionagent.com\/wp-content\/uploads\/2025\/01\/\u5496\u5561\u676f1-2025012006413951.webp\" alt=\"Przeno\u015bny pr\u00f3\u017cniowy kubek do kawy ze stali nierdzewnej 304\" width=\"600\" height=\"600\" \/><\/p>\n<p>&nbsp;<\/p>","protected":false},"excerpt":{"rendered":"<p><strong>MOQ<\/strong>:  1000 szt.<br \/>\n<strong>Bezp\u0142atna pr\u00f3bka<\/strong>:  Obs\u0142ugiwane<br \/>\n<strong>Personalizacja<\/strong>logo \/ kolor \/ materia\u0142y \/ opakowanie itp.<br \/>\n<strong>Zni\u017cka<\/strong>:  Pierwsze zam\u00f3wienia ju\u017c od 10% taniej.<br \/>\n<strong>Wska\u017anik terminowo\u015bci dostaw<\/strong>:\u00a0 100%<br \/>\n<strong>Przesy\u0142ki og\u00f3\u0142em<\/strong>:  10000 szt.<br \/>\n<strong>Wysy\u0142ka<\/strong>: Fracht morski Fracht l\u0105dowy<\/p>","protected":false},"featured_media":21994,"comment_status":"open","ping_status":"closed","template":"","meta":{"_acf_changed":false},"product_brand":[],"product_cat":[259],"product_tag":[],"class_list":{"0":"post-21992","1":"product","2":"type-product","3":"status-publish","4":"has-post-thumbnail","6":"product_cat-uncategories","8":"first","9":"instock","10":"shipping-taxable","11":"product-type-simple","12":"swiper-slide"},"acf":[],"_links":{"self":[{"href":"https:\/\/www.sellersunionagent.com\/pl\/wp-json\/wp\/v2\/product\/21992","targetHints":{"allow":["GET"]}}],"collection":[{"href":"https:\/\/www.sellersunionagent.com\/pl\/wp-json\/wp\/v2\/product"}],"about":[{"href":"https:\/\/www.sellersunionagent.com\/pl\/wp-json\/wp\/v2\/types\/product"}],"replies":[{"embeddable":true,"href":"https:\/\/www.sellersunionagent.com\/pl\/wp-json\/wp\/v2\/comments?post=21992"}],"wp:featuredmedia":[{"embeddable":true,"href":"https:\/\/www.sellersunionagent.com\/pl\/wp-json\/wp\/v2\/media\/21994"}],"wp:attachment":[{"href":"https:\/\/www.sellersunionagent.com\/pl\/wp-json\/wp\/v2\/media?parent=21992"}],"wp:term":[{"taxonomy":"product_brand","embeddable":true,"href":"https:\/\/www.sellersunionagent.com\/pl\/wp-json\/wp\/v2\/product_brand?post=21992"},{"taxonomy":"product_cat","embeddable":true,"href":"https:\/\/www.sellersunionagent.com\/pl\/wp-json\/wp\/v2\/product_cat?post=21992"},{"taxonomy":"product_tag","embeddable":true,"href":"https:\/\/www.sellersunionagent.com\/pl\/wp-json\/wp\/v2\/product_tag?post=21992"}],"curies":[{"name":"wp","href":"https:\/\/api.w.org\/{rel}","templated":true}]}}