{"id":21984,"date":"2025-01-20T14:30:12","date_gmt":"2025-01-20T06:30:12","guid":{"rendered":"https:\/\/sellersunionagent.com\/?post_type=product&#038;p=21984"},"modified":"2025-01-22T14:44:21","modified_gmt":"2025-01-22T06:44:21","slug":"inteligentny-kubek-termiczny-z-cyfrowym-wyswietlaczem","status":"publish","type":"product","link":"https:\/\/www.sellersunionagent.com\/pl\/smart-thermal-mug-digital-display\/","title":{"rendered":"Inteligentny kubek termiczny z cyfrowym wy\u015bwietlaczem"},"content":{"rendered":"<h1><strong>Inteligentny kubek termiczny z cyfrowym wy\u015bwietlaczem<\/strong><\/h1>\n<h3>Typ:Kubek termiczny<\/h3>\n<h3>Numer artyku\u0142u\uff1afkn202407-38<\/h3>\n<h3>Pojemno\u015b\u0107\uff1a420ML<\/h3>\n<h3>Materia\u0142: Wewn\u0119trzna wk\u0142adka ze stali nierdzewnej 304<\/h3>\n<h3>Zewn\u0119trzna pow\u0142oka ze stali nierdzewnej 201<\/h3>\n<p>&nbsp;<\/p>\n<ul>\n<li>\n<h4>Wysoka g\u0142o\u015bno\u015b\u0107<\/h4>\n<\/li>\n<li>\n<h4>Przeno\u015bny i wygodny<\/h4>\n<\/li>\n<li>\n<h4>Pomiar temperatury<\/h4>\n<\/li>\n<li>\n<h4>Mo\u017cliwo\u015b\u0107 dostosowania<\/h4>\n<\/li>\n<li>\n<h4>Izolacja termiczna<\/h4>\n<\/li>\n<\/ul>\n<p style=\"text-align: center\"><strong>Cyfrowy wy\u015bwietlacz i izolacja termiczna<\/strong><\/p>\n<p style=\"text-align: center\"><img fetchpriority=\"high\" decoding=\"async\" class=\"alignnone wp-image-21985\" title=\"\u56fe\u72475 2025012005452938\" src=\"https:\/\/www.sellersunionagent.com\/wp-content\/uploads\/2025\/01\/\u56fe\u72475-2025012005452938.webp\" alt=\"Inteligentny kubek termiczny z cyfrowym wy\u015bwietlaczem\" width=\"600\" height=\"554\" \/><\/p>","protected":false},"excerpt":{"rendered":"<p><strong>MOQ<\/strong>:  1000 szt.<br \/>\n<strong>Bezp\u0142atna pr\u00f3bka<\/strong>:  Obs\u0142ugiwane<br \/>\n<strong>Personalizacja<\/strong>logo \/ kolor \/ materia\u0142y \/ opakowanie itp.<br \/>\n<strong>Zni\u017cka<\/strong>:  Pierwsze zam\u00f3wienia ju\u017c od 10% taniej.<br \/>\n<strong>Wska\u017anik terminowo\u015bci dostaw<\/strong>:\u00a0 100%<br \/>\n<strong>Przesy\u0142ki og\u00f3\u0142em<\/strong>:  10000 szt.<br \/>\n<strong>Wysy\u0142ka<\/strong>: Fracht morski Fracht l\u0105dowy<\/p>","protected":false},"featured_media":21990,"comment_status":"open","ping_status":"closed","template":"","meta":{"_acf_changed":false},"product_brand":[],"product_cat":[259],"product_tag":[270],"class_list":{"0":"post-21984","1":"product","2":"type-product","3":"status-publish","4":"has-post-thumbnail","6":"product_cat-uncategories","7":"product_tag-smart-thermal-mug-digital-display","9":"first","10":"instock","11":"shipping-taxable","12":"product-type-simple","13":"swiper-slide"},"acf":[],"_links":{"self":[{"href":"https:\/\/www.sellersunionagent.com\/pl\/wp-json\/wp\/v2\/product\/21984","targetHints":{"allow":["GET"]}}],"collection":[{"href":"https:\/\/www.sellersunionagent.com\/pl\/wp-json\/wp\/v2\/product"}],"about":[{"href":"https:\/\/www.sellersunionagent.com\/pl\/wp-json\/wp\/v2\/types\/product"}],"replies":[{"embeddable":true,"href":"https:\/\/www.sellersunionagent.com\/pl\/wp-json\/wp\/v2\/comments?post=21984"}],"wp:featuredmedia":[{"embeddable":true,"href":"https:\/\/www.sellersunionagent.com\/pl\/wp-json\/wp\/v2\/media\/21990"}],"wp:attachment":[{"href":"https:\/\/www.sellersunionagent.com\/pl\/wp-json\/wp\/v2\/media?parent=21984"}],"wp:term":[{"taxonomy":"product_brand","embeddable":true,"href":"https:\/\/www.sellersunionagent.com\/pl\/wp-json\/wp\/v2\/product_brand?post=21984"},{"taxonomy":"product_cat","embeddable":true,"href":"https:\/\/www.sellersunionagent.com\/pl\/wp-json\/wp\/v2\/product_cat?post=21984"},{"taxonomy":"product_tag","embeddable":true,"href":"https:\/\/www.sellersunionagent.com\/pl\/wp-json\/wp\/v2\/product_tag?post=21984"}],"curies":[{"name":"wp","href":"https:\/\/api.w.org\/{rel}","templated":true}]}}