{"id":21943,"date":"2025-01-15T11:49:19","date_gmt":"2025-01-15T03:49:19","guid":{"rendered":"https:\/\/sellersunionagent.com\/?post_type=product&#038;p=21943"},"modified":"2025-01-16T10:50:09","modified_gmt":"2025-01-16T02:50:09","slug":"kubek-samochodowy-ze-slomka-14-uncji","status":"publish","type":"product","link":"https:\/\/www.sellersunionagent.com\/pl\/14oz-straw-car-cup\/","title":{"rendered":"Kubek samochodowy ze s\u0142omk\u0105 14 uncji"},"content":{"rendered":"<h1>Kubek samochodowy ze s\u0142omk\u0105 14 uncji<\/h1>\n<h3>Typ: kubek<br \/>\nPojemno\u015b\u0107 produktu: 14 uncji<br \/>\nKolory: niebieski\/r\u00f3\u017cowy\/fioletowy\/bia\u0142y\/r\u00f3\u017cowoczerwony\/czarny\/zielony\/bia\u0142y<br \/>\nMateria\u0142: Wewn\u0119trzna warstwa ze stali nierdzewnej 304<br \/>\nWarstwa zewn\u0119trzna ze stali nierdzewnej 201<\/h3>\n<div class=\"elementor-element elementor-element-42815df elementor-widget elementor-widget-heading\" data-id=\"42815df\" data-element_type=\"widget\" data-widget_type=\"heading.default\">\n<div class=\"elementor-widget-container\">\n<ul>\n<li>\n<h4>Izolacja i blokada przed zimnem<\/h4>\n<\/li>\n<li>\n<h4>Lekki kubek<\/h4>\n<\/li>\n<li>\n<h4>Wygodny uchwyt<\/h4>\n<\/li>\n<li>\n<h4>\u00a0Przyjazny dla \u015brodowiska<\/h4>\n<\/li>\n<li>\n<h4>\u0141atwy do czyszczenia<\/h4>\n<\/li>\n<\/ul>\n<\/div>\n<\/div>\n<p><img fetchpriority=\"high\" decoding=\"async\" class=\"aligncenter wp-image-21948\" title=\"\u672a\u547d\u540d1736912325 2025011503403982\" src=\"https:\/\/www.sellersunionagent.com\/wp-content\/uploads\/2025\/01\/\u672a\u547d\u540d1736912325-2025011503403982.webp\" alt=\"Kubek samochodowy ze s\u0142omk\u0105 14 uncji\" width=\"600\" height=\"483\" \/><\/p>\n<p><img decoding=\"async\" class=\"aligncenter wp-image-21955\" title=\"\u4f01\u4e1a\u5fae\u4fe1\u622a\u56fe 20250115114003 2025011503411325\" src=\"https:\/\/www.sellersunionagent.com\/wp-content\/uploads\/2025\/01\/\u4f01\u4e1a\u5fae\u4fe1\u622a\u56fe_20250115114003-2025011503411325.webp\" alt=\"Kubek samochodowy ze s\u0142omk\u0105 14 uncji\" width=\"600\" height=\"609\" \/><\/p>\n<p><img decoding=\"async\" class=\"aligncenter wp-image-21949\" title=\"\u4f01\u4e1a\u5fae\u4fe1\u622a\u56fe 20250115113858 2025011503405134\" src=\"https:\/\/www.sellersunionagent.com\/wp-content\/uploads\/2025\/01\/\u4f01\u4e1a\u5fae\u4fe1\u622a\u56fe_20250115113858-2025011503405134.webp\" alt=\"Kubek samochodowy ze s\u0142omk\u0105 14 uncji\" width=\"600\" height=\"576\" \/><\/p>\n<p><img loading=\"lazy\" decoding=\"async\" class=\"aligncenter wp-image-21951\" title=\"\u4f01\u4e1a\u5fae\u4fe1\u622a\u56fe 20250115113917 2025011503405818\" src=\"https:\/\/www.sellersunionagent.com\/wp-content\/uploads\/2025\/01\/\u4f01\u4e1a\u5fae\u4fe1\u622a\u56fe_20250115113917-2025011503405818.webp\" alt=\"Kubek samochodowy ze s\u0142omk\u0105 14 uncji\" width=\"600\" height=\"592\" \/><\/p>","protected":false},"excerpt":{"rendered":"<p><strong>MOQ<\/strong>:  1000 szt.<br \/>\n<strong>Bezp\u0142atna pr\u00f3bka<\/strong>:  Obs\u0142ugiwane<br \/>\n<strong>Personalizacja<\/strong>logo \/ kolor \/ materia\u0142y \/ opakowanie itp.<br \/>\n<strong>Zni\u017cka<\/strong>:  Pierwsze zam\u00f3wienia ju\u017c od 10% taniej.<br \/>\n<strong>Wska\u017anik terminowo\u015bci dostaw<\/strong>:\u00a0 100%<br \/>\n<strong>Przesy\u0142ki og\u00f3\u0142em<\/strong>:  10000 szt.<br \/>\n<strong>Wysy\u0142ka<\/strong>: Fracht morski Fracht l\u0105dowy<\/p>","protected":false},"featured_media":21944,"comment_status":"open","ping_status":"closed","template":"","meta":{"_acf_changed":false},"product_brand":[],"product_cat":[231],"product_tag":[87,71,43,49,42,50,99],"class_list":{"0":"post-21943","1":"product","2":"type-product","3":"status-publish","4":"has-post-thumbnail","6":"product_cat-kitchenware","7":"product_tag-bulk-wholesale","8":"product_tag-durable","9":"product_tag-fashion","10":"product_tag-good-quality","11":"product_tag-high-quality","12":"product_tag-wholesale","13":"product_tag-wholesale-maker-from-china","15":"first","16":"instock","17":"shipping-taxable","18":"product-type-simple","19":"swiper-slide"},"acf":[],"_links":{"self":[{"href":"https:\/\/www.sellersunionagent.com\/pl\/wp-json\/wp\/v2\/product\/21943","targetHints":{"allow":["GET"]}}],"collection":[{"href":"https:\/\/www.sellersunionagent.com\/pl\/wp-json\/wp\/v2\/product"}],"about":[{"href":"https:\/\/www.sellersunionagent.com\/pl\/wp-json\/wp\/v2\/types\/product"}],"replies":[{"embeddable":true,"href":"https:\/\/www.sellersunionagent.com\/pl\/wp-json\/wp\/v2\/comments?post=21943"}],"wp:featuredmedia":[{"embeddable":true,"href":"https:\/\/www.sellersunionagent.com\/pl\/wp-json\/wp\/v2\/media\/21944"}],"wp:attachment":[{"href":"https:\/\/www.sellersunionagent.com\/pl\/wp-json\/wp\/v2\/media?parent=21943"}],"wp:term":[{"taxonomy":"product_brand","embeddable":true,"href":"https:\/\/www.sellersunionagent.com\/pl\/wp-json\/wp\/v2\/product_brand?post=21943"},{"taxonomy":"product_cat","embeddable":true,"href":"https:\/\/www.sellersunionagent.com\/pl\/wp-json\/wp\/v2\/product_cat?post=21943"},{"taxonomy":"product_tag","embeddable":true,"href":"https:\/\/www.sellersunionagent.com\/pl\/wp-json\/wp\/v2\/product_tag?post=21943"}],"curies":[{"name":"wp","href":"https:\/\/api.w.org\/{rel}","templated":true}]}}