{"id":21927,"date":"2025-01-15T11:24:07","date_gmt":"2025-01-15T03:24:07","guid":{"rendered":"https:\/\/sellersunionagent.com\/?post_type=product&#038;p=21927"},"modified":"2025-01-16T10:46:39","modified_gmt":"2025-01-16T02:46:39","slug":"portable-car-cup","status":"publish","type":"product","link":"https:\/\/www.sellersunionagent.com\/pl\/portable-car-cup\/","title":{"rendered":"Przeno\u015bny kubek samochodowy"},"content":{"rendered":"<h1>Przeno\u015bny kubek samochodowy<\/h1>\n<div class=\"elementor-element elementor-element-42815df elementor-widget elementor-widget-heading\" data-id=\"42815df\" data-element_type=\"widget\" data-widget_type=\"heading.default\">\n<h3 class=\"elementor-widget-container\">Typ: kubek<br \/>\nItem Volume: 30oz<br \/>\nColors: blue\/pink\/purple\/white\/rose red<br \/>\nMateria\u0142: Wewn\u0119trzna warstwa ze stali nierdzewnej 304<br \/>\nWarstwa zewn\u0119trzna ze stali nierdzewnej 201<\/h3>\n<\/div>\n<ul>\n<li>\n<h4>Izolacja i blokada przed zimnem<\/h4>\n<\/li>\n<li>\n<h4>Lekki kubek<\/h4>\n<\/li>\n<li>\n<h4>Wygodny uchwyt<\/h4>\n<\/li>\n<li>\n<h4>\u00a0Przyjazny dla \u015brodowiska<\/h4>\n<\/li>\n<li>\n<h4>\u0141atwy do czyszczenia<\/h4>\n<\/li>\n<\/ul>\n<p><img fetchpriority=\"high\" decoding=\"async\" class=\"aligncenter wp-image-21933\" title=\"\u4f01\u4e1a\u5fae\u4fe1\u622a\u56fe 20250115111553 2025011503170799\" src=\"https:\/\/www.sellersunionagent.com\/wp-content\/uploads\/2025\/01\/\u4f01\u4e1a\u5fae\u4fe1\u622a\u56fe_20250115111553-2025011503170799.webp\" alt=\"Przeno\u015bny kubek samochodowy\" width=\"600\" height=\"541\" \/><\/p>\n<p><img decoding=\"async\" class=\"aligncenter wp-image-21934\" title=\"\u4f01\u4e1a\u5fae\u4fe1\u622a\u56fe 20250115111606 2025011503171317\" src=\"https:\/\/www.sellersunionagent.com\/wp-content\/uploads\/2025\/01\/\u4f01\u4e1a\u5fae\u4fe1\u622a\u56fe_20250115111606-2025011503171317.webp\" alt=\"Przeno\u015bny kubek samochodowy\" width=\"600\" height=\"647\" \/><\/p>\n<p><img decoding=\"async\" class=\"aligncenter wp-image-21937\" title=\"\u4f01\u4e1a\u5fae\u4fe1\u622a\u56fe 20250115111639 2025011503172622\" src=\"https:\/\/www.sellersunionagent.com\/wp-content\/uploads\/2025\/01\/\u4f01\u4e1a\u5fae\u4fe1\u622a\u56fe_20250115111639-2025011503172622.webp\" alt=\"Przeno\u015bny kubek samochodowy\" width=\"600\" height=\"634\" \/><\/p>\n<p><img loading=\"lazy\" decoding=\"async\" class=\"aligncenter wp-image-21938\" title=\"\u4f01\u4e1a\u5fae\u4fe1\u622a\u56fe 20250115111752 2025011503183541\" src=\"https:\/\/www.sellersunionagent.com\/wp-content\/uploads\/2025\/01\/\u4f01\u4e1a\u5fae\u4fe1\u622a\u56fe_20250115111752-2025011503183541.webp\" alt=\"Przeno\u015bny kubek samochodowy\" width=\"600\" height=\"593\" \/><\/p>\n<p><img loading=\"lazy\" decoding=\"async\" class=\"aligncenter wp-image-21939\" title=\"\u4f01\u4e1a\u5fae\u4fe1\u622a\u56fe 20250115111804 2025011503183868\" src=\"https:\/\/www.sellersunionagent.com\/wp-content\/uploads\/2025\/01\/\u4f01\u4e1a\u5fae\u4fe1\u622a\u56fe_20250115111804-2025011503183868.webp\" alt=\"Przeno\u015bny kubek samochodowy\" width=\"600\" height=\"457\" \/><\/p>","protected":false},"excerpt":{"rendered":"<p><strong>MOQ<\/strong>:  1000 szt.<br \/>\n<strong>Bezp\u0142atna pr\u00f3bka<\/strong>:  Obs\u0142ugiwane<br \/>\n<strong>Personalizacja<\/strong>logo \/ kolor \/ materia\u0142y \/ opakowanie itp.<br \/>\n<strong>Zni\u017cka<\/strong>:  Pierwsze zam\u00f3wienia ju\u017c od 10% taniej.<br \/>\n<strong>Wska\u017anik terminowo\u015bci dostaw<\/strong>:\u00a0 100%<br \/>\n<strong>Przesy\u0142ki og\u00f3\u0142em<\/strong>:  10000 szt.<br \/>\n<strong>Wysy\u0142ka<\/strong>: Fracht morski Fracht l\u0105dowy<\/p>","protected":false},"featured_media":21929,"comment_status":"open","ping_status":"closed","template":"","meta":{"_acf_changed":false},"product_brand":[],"product_cat":[259,231],"product_tag":[87,42,70,73,93,50,99],"class_list":{"0":"post-21927","1":"product","2":"type-product","3":"status-publish","4":"has-post-thumbnail","6":"product_cat-uncategories","7":"product_cat-kitchenware","8":"product_tag-bulk-wholesale","9":"product_tag-high-quality","10":"product_tag-home-storage","11":"product_tag-home-storagewholesaledurable","12":"product_tag-storage","13":"product_tag-wholesale","14":"product_tag-wholesale-maker-from-china","16":"first","17":"instock","18":"shipping-taxable","19":"product-type-simple","20":"swiper-slide"},"acf":[],"_links":{"self":[{"href":"https:\/\/www.sellersunionagent.com\/pl\/wp-json\/wp\/v2\/product\/21927","targetHints":{"allow":["GET"]}}],"collection":[{"href":"https:\/\/www.sellersunionagent.com\/pl\/wp-json\/wp\/v2\/product"}],"about":[{"href":"https:\/\/www.sellersunionagent.com\/pl\/wp-json\/wp\/v2\/types\/product"}],"replies":[{"embeddable":true,"href":"https:\/\/www.sellersunionagent.com\/pl\/wp-json\/wp\/v2\/comments?post=21927"}],"wp:featuredmedia":[{"embeddable":true,"href":"https:\/\/www.sellersunionagent.com\/pl\/wp-json\/wp\/v2\/media\/21929"}],"wp:attachment":[{"href":"https:\/\/www.sellersunionagent.com\/pl\/wp-json\/wp\/v2\/media?parent=21927"}],"wp:term":[{"taxonomy":"product_brand","embeddable":true,"href":"https:\/\/www.sellersunionagent.com\/pl\/wp-json\/wp\/v2\/product_brand?post=21927"},{"taxonomy":"product_cat","embeddable":true,"href":"https:\/\/www.sellersunionagent.com\/pl\/wp-json\/wp\/v2\/product_cat?post=21927"},{"taxonomy":"product_tag","embeddable":true,"href":"https:\/\/www.sellersunionagent.com\/pl\/wp-json\/wp\/v2\/product_tag?post=21927"}],"curies":[{"name":"wp","href":"https:\/\/api.w.org\/{rel}","templated":true}]}}