{"id":21904,"date":"2025-01-15T09:49:07","date_gmt":"2025-01-15T01:49:07","guid":{"rendered":"https:\/\/sellersunionagent.com\/?post_type=product&#038;p=21904"},"modified":"2025-01-16T10:39:43","modified_gmt":"2025-01-16T02:39:43","slug":"dwuscienny-prozniowy-kubek-termiczny-ze-stali-nierdzewnej","status":"publish","type":"product","link":"https:\/\/www.sellersunionagent.com\/pl\/double-walled-vacuum-stainless-steel-thermos-mug\/","title":{"rendered":"Podr\u00f3\u017cny kubek do kawy"},"content":{"rendered":"<div class=\"elementor-element elementor-element-42815df elementor-widget elementor-widget-heading\" data-id=\"42815df\" data-element_type=\"widget\" data-widget_type=\"heading.default\">\n<div class=\"elementor-widget-container\">\n<h1>Podr\u00f3\u017cny kubek do kawy<\/h1>\n<h3>Typ: Kubek termiczny<br \/>\nNumer artyku\u0142u: ZN-VA001<br \/>\nPojemno\u015b\u0107 produktu: 500 ml<br \/>\nWYMIARY: 47*47*48cm<br \/>\nWaga: 16 kg<br \/>\nMateria\u0142: Stal nierdzewna<\/h3>\n<ul>\n<li>\n<h4>Stal nierdzewna 304<\/h4>\n<\/li>\n<li>\n<h4>Lekki korpus kubka<\/h4>\n<\/li>\n<li>\n<h4>Materia\u0142 przyjazny dla \u015brodowiska<\/h4>\n<\/li>\n<li>\n<h4>Wygodny uchwyt<\/h4>\n<\/li>\n<li>\n<h4>Izolacja d\u0142ugoterminowa<\/h4>\n<\/li>\n<\/ul>\n<\/div>\n<\/div>\n<p>&nbsp;<\/p>\n<p>&nbsp;<\/p>\n<p>&nbsp;<\/p>\n<p><img fetchpriority=\"high\" decoding=\"async\" class=\"aligncenter wp-image-21918\" title=\"\u672a\u547d\u540d1736907286 2025011502153746\" src=\"https:\/\/www.sellersunionagent.com\/wp-content\/uploads\/2025\/01\/\u672a\u547d\u540d1736907286-2025011502153746.webp\" alt=\"Podr\u00f3\u017cny kubek do kawy\" width=\"600\" height=\"598\" \/><\/p>\n<p><img decoding=\"async\" class=\"aligncenter wp-image-21917\" title=\"\u672a\u547d\u540d1736907277 2025011502153358\" src=\"https:\/\/www.sellersunionagent.com\/wp-content\/uploads\/2025\/01\/\u672a\u547d\u540d1736907277-2025011502153358.webp\" alt=\"Podr\u00f3\u017cny kubek do kawy\" width=\"600\" height=\"593\" \/><\/p>\n<p><img decoding=\"async\" class=\"aligncenter wp-image-21916\" title=\"\u672a\u547d\u540d1736907251 2025011502152955\" src=\"https:\/\/www.sellersunionagent.com\/wp-content\/uploads\/2025\/01\/\u672a\u547d\u540d1736907251-2025011502152955.webp\" alt=\"Podr\u00f3\u017cny kubek do kawy\" width=\"600\" height=\"597\" \/><\/p>\n<p><img loading=\"lazy\" decoding=\"async\" class=\"aligncenter wp-image-21915\" title=\"\u672a\u547d\u540d1736907236 2025011502152799\" src=\"https:\/\/www.sellersunionagent.com\/wp-content\/uploads\/2025\/01\/\u672a\u547d\u540d1736907236-2025011502152799.webp\" alt=\"Podr\u00f3\u017cny kubek do kawy\" width=\"600\" height=\"595\" \/><\/p>","protected":false},"excerpt":{"rendered":"<p><strong>MOQ<\/strong>:  1000 szt.<br \/>\n<strong>Bezp\u0142atna pr\u00f3bka<\/strong>:  Obs\u0142ugiwane<br \/>\n<strong>Personalizacja<\/strong>logo \/ kolor \/ materia\u0142y \/ opakowanie itp.<br \/>\n<strong>Zni\u017cka<\/strong>:  Pierwsze zam\u00f3wienia ju\u017c od 10% taniej.<br \/>\n<strong>Wska\u017anik terminowo\u015bci dostaw<\/strong>:\u00a0 100%<br \/>\n<strong>Przesy\u0142ki og\u00f3\u0142em<\/strong>:  10000 szt.<br \/>\n<strong>Wysy\u0142ka<\/strong>: Fracht morski Fracht l\u0105dowy<\/p>","protected":false},"featured_media":21966,"comment_status":"open","ping_status":"closed","template":"","meta":{"_acf_changed":false},"product_brand":[],"product_cat":[231,259],"product_tag":[87,49,42,48,54,50,99],"class_list":{"0":"post-21904","1":"product","2":"type-product","3":"status-publish","4":"has-post-thumbnail","6":"product_cat-kitchenware","7":"product_cat-uncategories","8":"product_tag-bulk-wholesale","9":"product_tag-good-quality","10":"product_tag-high-quality","11":"product_tag-large-capacity","12":"product_tag-lightweight","13":"product_tag-wholesale","14":"product_tag-wholesale-maker-from-china","16":"first","17":"instock","18":"shipping-taxable","19":"product-type-simple","20":"swiper-slide"},"acf":[],"_links":{"self":[{"href":"https:\/\/www.sellersunionagent.com\/pl\/wp-json\/wp\/v2\/product\/21904","targetHints":{"allow":["GET"]}}],"collection":[{"href":"https:\/\/www.sellersunionagent.com\/pl\/wp-json\/wp\/v2\/product"}],"about":[{"href":"https:\/\/www.sellersunionagent.com\/pl\/wp-json\/wp\/v2\/types\/product"}],"replies":[{"embeddable":true,"href":"https:\/\/www.sellersunionagent.com\/pl\/wp-json\/wp\/v2\/comments?post=21904"}],"wp:featuredmedia":[{"embeddable":true,"href":"https:\/\/www.sellersunionagent.com\/pl\/wp-json\/wp\/v2\/media\/21966"}],"wp:attachment":[{"href":"https:\/\/www.sellersunionagent.com\/pl\/wp-json\/wp\/v2\/media?parent=21904"}],"wp:term":[{"taxonomy":"product_brand","embeddable":true,"href":"https:\/\/www.sellersunionagent.com\/pl\/wp-json\/wp\/v2\/product_brand?post=21904"},{"taxonomy":"product_cat","embeddable":true,"href":"https:\/\/www.sellersunionagent.com\/pl\/wp-json\/wp\/v2\/product_cat?post=21904"},{"taxonomy":"product_tag","embeddable":true,"href":"https:\/\/www.sellersunionagent.com\/pl\/wp-json\/wp\/v2\/product_tag?post=21904"}],"curies":[{"name":"wp","href":"https:\/\/api.w.org\/{rel}","templated":true}]}}