{"id":21822,"date":"2025-01-08T10:39:53","date_gmt":"2025-01-08T02:39:53","guid":{"rendered":"https:\/\/sellersunionagent.com\/?post_type=product&#038;p=21822"},"modified":"2025-11-28T10:45:54","modified_gmt":"2025-11-28T02:45:54","slug":"christmas-decorations-christmas-tree-ornament","status":"publish","type":"product","link":"https:\/\/www.sellersunionagent.com\/pl\/christmas-decorations-christmas-tree-ornament\/","title":{"rendered":"Christmas Decorations Christmas Tree Ornament"},"content":{"rendered":"<h1>2026 Christmas Decorations Christmas Tree Ornament<\/h1>\n<h3>Item Size: 25*25CM<br \/>\nWeight: 7g<br \/>\nMateria\u0142: tworzywo sztuczne<\/h3>\n<p>&nbsp;<\/p>\n<ul>\n<li>\n<h4>Stw\u00f3rz \u015bwi\u0105teczn\u0105 atmosfer\u0119<\/h4>\n<\/li>\n<li>\n<h4>R\u00f3\u017cne style<\/h4>\n<\/li>\n<li>\n<h4>kolorowy<\/h4>\n<\/li>\n<\/ul>\n<p>&nbsp;<\/p>\n<p><img fetchpriority=\"high\" decoding=\"async\" class=\"size-full wp-image-21823\" title=\"\u4f01\u4e1a\u5fae\u4fe1\u622a\u56fe 17363037542760 2025010802390718\" src=\"https:\/\/www.sellersunionagent.com\/wp-content\/uploads\/2025\/01\/\u4f01\u4e1a\u5fae\u4fe1\u622a\u56fe_17363037542760-2025010802390718.webp\" alt=\"\u4f01\u4e1a\u5fae\u4fe1\u622a\u56fe 17363037542760 2025010802390718\" width=\"656\" height=\"661\" \/><\/p>\n<p><img decoding=\"async\" class=\"size-medium wp-image-21824\" title=\"\u4f01\u4e1a\u5fae\u4fe1\u622a\u56fe 17363037622750 2025010802391044\" src=\"https:\/\/www.sellersunionagent.com\/wp-content\/uploads\/2025\/01\/\u4f01\u4e1a\u5fae\u4fe1\u622a\u56fe_17363037622750-2025010802391044.webp\" alt=\"\u4f01\u4e1a\u5fae\u4fe1\u622a\u56fe 17363037622750 2025010802391044\" width=\"662\" height=\"661\" \/><\/p>\n<p><img decoding=\"async\" class=\"size-medium wp-image-21825\" title=\"\u4f01\u4e1a\u5fae\u4fe1\u622a\u56fe 17363037702158 2025010802391284\" src=\"https:\/\/www.sellersunionagent.com\/wp-content\/uploads\/2025\/01\/\u4f01\u4e1a\u5fae\u4fe1\u622a\u56fe_17363037702158-2025010802391284.webp\" alt=\"\u4f01\u4e1a\u5fae\u4fe1\u622a\u56fe 17363037702158 2025010802391284\" width=\"659\" height=\"661\" \/><\/p>\n<p><img loading=\"lazy\" decoding=\"async\" class=\"size-medium wp-image-21826\" title=\"\u4f01\u4e1a\u5fae\u4fe1\u622a\u56fe 1736303778887 2025010802391593\" src=\"https:\/\/www.sellersunionagent.com\/wp-content\/uploads\/2025\/01\/\u4f01\u4e1a\u5fae\u4fe1\u622a\u56fe_1736303778887-2025010802391593.webp\" alt=\"\u4f01\u4e1a\u5fae\u4fe1\u622a\u56fe 1736303778887 2025010802391593\" width=\"660\" height=\"659\" \/><\/p>\n<p><img loading=\"lazy\" decoding=\"async\" class=\"size-medium wp-image-21827\" title=\"\u4f01\u4e1a\u5fae\u4fe1\u622a\u56fe 17363037866030 2025010802391779\" src=\"https:\/\/www.sellersunionagent.com\/wp-content\/uploads\/2025\/01\/\u4f01\u4e1a\u5fae\u4fe1\u622a\u56fe_17363037866030-2025010802391779.webp\" alt=\"\u4f01\u4e1a\u5fae\u4fe1\u622a\u56fe 17363037866030 2025010802391779\" width=\"663\" height=\"660\" \/><\/p>\n<p><img loading=\"lazy\" decoding=\"async\" class=\"size-medium wp-image-21828\" title=\"\u4f01\u4e1a\u5fae\u4fe1\u622a\u56fe 17363037992405 2025010802391914\" src=\"https:\/\/www.sellersunionagent.com\/wp-content\/uploads\/2025\/01\/\u4f01\u4e1a\u5fae\u4fe1\u622a\u56fe_17363037992405-2025010802391914.webp\" alt=\"\u4f01\u4e1a\u5fae\u4fe1\u622a\u56fe 17363037992405 2025010802391914\" width=\"662\" height=\"663\" \/><\/p>","protected":false},"excerpt":{"rendered":"<p><strong>MOQ<\/strong>:  1000 szt.<br \/>\n<strong>Bezp\u0142atna pr\u00f3bka<\/strong>:  Obs\u0142ugiwane<br \/>\n<strong>Personalizacja<\/strong>logo \/ kolor \/ materia\u0142y \/ opakowanie itp.<br \/>\n<strong>Zni\u017cka<\/strong>:  Pierwsze zam\u00f3wienia ju\u017c od 10% taniej.<br \/>\n<strong>Wska\u017anik terminowo\u015bci dostaw<\/strong>:\u00a0 100%<br \/>\n<strong>Przesy\u0142ki og\u00f3\u0142em<\/strong>:  10000 szt.<br \/>\n<strong>Wysy\u0142ka<\/strong>: Fracht morski Fracht l\u0105dowy<\/p>","protected":false},"featured_media":21823,"comment_status":"open","ping_status":"closed","template":"","meta":{"_acf_changed":false},"product_brand":[],"product_cat":[235,318],"product_tag":[],"class_list":{"0":"post-21822","1":"product","2":"type-product","3":"status-publish","4":"has-post-thumbnail","6":"product_cat-christmas-decoration","7":"product_cat-christmas-tree-ornaments","9":"first","10":"instock","11":"shipping-taxable","12":"product-type-simple","13":"swiper-slide"},"acf":[],"_links":{"self":[{"href":"https:\/\/www.sellersunionagent.com\/pl\/wp-json\/wp\/v2\/product\/21822","targetHints":{"allow":["GET"]}}],"collection":[{"href":"https:\/\/www.sellersunionagent.com\/pl\/wp-json\/wp\/v2\/product"}],"about":[{"href":"https:\/\/www.sellersunionagent.com\/pl\/wp-json\/wp\/v2\/types\/product"}],"replies":[{"embeddable":true,"href":"https:\/\/www.sellersunionagent.com\/pl\/wp-json\/wp\/v2\/comments?post=21822"}],"wp:featuredmedia":[{"embeddable":true,"href":"https:\/\/www.sellersunionagent.com\/pl\/wp-json\/wp\/v2\/media\/21823"}],"wp:attachment":[{"href":"https:\/\/www.sellersunionagent.com\/pl\/wp-json\/wp\/v2\/media?parent=21822"}],"wp:term":[{"taxonomy":"product_brand","embeddable":true,"href":"https:\/\/www.sellersunionagent.com\/pl\/wp-json\/wp\/v2\/product_brand?post=21822"},{"taxonomy":"product_cat","embeddable":true,"href":"https:\/\/www.sellersunionagent.com\/pl\/wp-json\/wp\/v2\/product_cat?post=21822"},{"taxonomy":"product_tag","embeddable":true,"href":"https:\/\/www.sellersunionagent.com\/pl\/wp-json\/wp\/v2\/product_tag?post=21822"}],"curies":[{"name":"wp","href":"https:\/\/api.w.org\/{rel}","templated":true}]}}