{"id":21737,"date":"2025-01-02T14:49:06","date_gmt":"2025-01-02T06:49:06","guid":{"rendered":"https:\/\/sellersunionagent.com\/?post_type=product&#038;p=21737"},"modified":"2025-11-28T10:46:39","modified_gmt":"2025-11-28T02:46:39","slug":"christmas-3d-figurine-xl-thickened-socks","status":"publish","type":"product","link":"https:\/\/www.sellersunionagent.com\/pl\/christmas-3d-figurine-xl-thickened-socks\/","title":{"rendered":"Christmas 3D Figurine XL Thickened Socks"},"content":{"rendered":"<h1>2025 \u015awi\u0105teczna figurka 3D XL Pogrubione skarpetki<\/h1>\n<div class=\"elementor-element elementor-element-42815df elementor-widget elementor-widget-heading\" data-id=\"42815df\" data-element_type=\"widget\" data-widget_type=\"heading.default\">\n<div class=\"elementor-widget-container\"><\/div>\n<\/div>\n<div class=\"elementor-element elementor-element-c17fac7 elementor-widget elementor-widget-woocommerce-product-short-description\" data-id=\"c17fac7\" data-element_type=\"widget\" data-widget_type=\"woocommerce-product-short-description.default\">\n<div class=\"elementor-widget-container\">\n<div class=\"woocommerce-product-details__short-description\">\n<h3><\/h3>\n<h3><strong>Rozmiar elementu<\/strong>: 30*47CM<\/h3>\n<h3>Waga: 100g<\/h3>\n<h3><strong>Materia\u0142: w\u0142\u00f3kno poliestrowe<\/strong><\/h3>\n<\/div>\n<\/div>\n<\/div>\n<p>&nbsp;<\/p>\n<ul>\n<li>\n<h4>\u015awi\u0105teczna atmosfera<\/h4>\n<\/li>\n<li>\n<h4>Dekoracja \u015bwi\u0105teczna<\/h4>\n<\/li>\n<li>\n<h4>Pi\u0119kny kszta\u0142t<\/h4>\n<\/li>\n<\/ul>\n<p>&nbsp;<\/p>\n<p><img fetchpriority=\"high\" decoding=\"async\" class=\"size-full wp-image-21738\" title=\"\u4f01\u4e1a\u5fae\u4fe1\u622a\u56fe 1735800202217 2025010206473373\" src=\"https:\/\/www.sellersunionagent.com\/wp-content\/uploads\/2025\/01\/\u4f01\u4e1a\u5fae\u4fe1\u622a\u56fe_1735800202217-2025010206473373.webp\" alt=\"\u4f01\u4e1a\u5fae\u4fe1\u622a\u56fe 1735800202217 2025010206473373\" width=\"666\" height=\"665\" \/><\/p>\n<p><img decoding=\"async\" class=\"size-medium wp-image-21739\" title=\"\u4f01\u4e1a\u5fae\u4fe1\u622a\u56fe 17358002126965 2025010206474070\" src=\"https:\/\/www.sellersunionagent.com\/wp-content\/uploads\/2025\/01\/\u4f01\u4e1a\u5fae\u4fe1\u622a\u56fe_17358002126965-2025010206474070.webp\" alt=\"\u4f01\u4e1a\u5fae\u4fe1\u622a\u56fe 17358002126965 2025010206474070\" width=\"664\" height=\"663\" \/><\/p>\n<p><img decoding=\"async\" class=\"size-medium wp-image-21740\" title=\"\u4f01\u4e1a\u5fae\u4fe1\u622a\u56fe 17358002218715 2025010206474752\" src=\"https:\/\/www.sellersunionagent.com\/wp-content\/uploads\/2025\/01\/\u4f01\u4e1a\u5fae\u4fe1\u622a\u56fe_17358002218715-2025010206474752.webp\" alt=\"\u4f01\u4e1a\u5fae\u4fe1\u622a\u56fe 17358002218715 2025010206474752\" width=\"663\" height=\"663\" \/><\/p>\n<p><img loading=\"lazy\" decoding=\"async\" class=\"size-medium wp-image-21741\" title=\"\u4f01\u4e1a\u5fae\u4fe1\u622a\u56fe 17358002336729 2025010206475189\" src=\"https:\/\/www.sellersunionagent.com\/wp-content\/uploads\/2025\/01\/\u4f01\u4e1a\u5fae\u4fe1\u622a\u56fe_17358002336729-2025010206475189.webp\" alt=\"\u4f01\u4e1a\u5fae\u4fe1\u622a\u56fe 17358002336729 2025010206475189\" width=\"661\" height=\"665\" \/><\/p>\n<p><img loading=\"lazy\" decoding=\"async\" class=\"size-medium wp-image-21742\" title=\"\u4f01\u4e1a\u5fae\u4fe1\u622a\u56fe 17358002409394 2025010206475549\" src=\"https:\/\/www.sellersunionagent.com\/wp-content\/uploads\/2025\/01\/\u4f01\u4e1a\u5fae\u4fe1\u622a\u56fe_17358002409394-2025010206475549.webp\" alt=\"\u4f01\u4e1a\u5fae\u4fe1\u622a\u56fe 17358002409394 2025010206475549\" width=\"666\" height=\"661\" \/><\/p>\n<p><img loading=\"lazy\" decoding=\"async\" class=\"size-medium wp-image-21743\" title=\"\u4f01\u4e1a\u5fae\u4fe1\u622a\u56fe 17358002564785 2025010206475854\" src=\"https:\/\/www.sellersunionagent.com\/wp-content\/uploads\/2025\/01\/\u4f01\u4e1a\u5fae\u4fe1\u622a\u56fe_17358002564785-2025010206475854.webp\" alt=\"\u4f01\u4e1a\u5fae\u4fe1\u622a\u56fe 17358002564785 2025010206475854\" width=\"663\" height=\"664\" \/><\/p>\n<p><img loading=\"lazy\" decoding=\"async\" class=\"size-medium wp-image-21744\" title=\"\u4f01\u4e1a\u5fae\u4fe1\u622a\u56fe 17358002645394 2025010206480196\" src=\"https:\/\/www.sellersunionagent.com\/wp-content\/uploads\/2025\/01\/\u4f01\u4e1a\u5fae\u4fe1\u622a\u56fe_17358002645394-2025010206480196.webp\" alt=\"\u4f01\u4e1a\u5fae\u4fe1\u622a\u56fe 17358002645394 2025010206480196\" width=\"664\" height=\"660\" \/><\/p>","protected":false},"excerpt":{"rendered":"<p><strong>MOQ<\/strong>:  1000 szt.<br \/>\n<strong>Bezp\u0142atna pr\u00f3bka<\/strong>:  Obs\u0142ugiwane<br \/>\n<strong>Personalizacja<\/strong>logo \/ kolor \/ materia\u0142y \/ opakowanie itp.<br \/>\n<strong>Zni\u017cka<\/strong>:  Pierwsze zam\u00f3wienia ju\u017c od 10% taniej.<br \/>\n<strong>Wska\u017anik terminowo\u015bci dostaw<\/strong>:\u00a0 100%<br \/>\n<strong>Przesy\u0142ki og\u00f3\u0142em<\/strong>:  10000 szt.<br \/>\n<strong>Wysy\u0142ka<\/strong>: Fracht morski Fracht l\u0105dowy<\/p>","protected":false},"featured_media":21738,"comment_status":"open","ping_status":"closed","template":"","meta":{"_acf_changed":false},"product_brand":[],"product_cat":[235,323],"product_tag":[],"class_list":{"0":"post-21737","1":"product","2":"type-product","3":"status-publish","4":"has-post-thumbnail","6":"product_cat-christmas-decoration","7":"product_cat-christmas-textiles","9":"first","10":"instock","11":"shipping-taxable","12":"product-type-simple","13":"swiper-slide"},"acf":[],"_links":{"self":[{"href":"https:\/\/www.sellersunionagent.com\/pl\/wp-json\/wp\/v2\/product\/21737","targetHints":{"allow":["GET"]}}],"collection":[{"href":"https:\/\/www.sellersunionagent.com\/pl\/wp-json\/wp\/v2\/product"}],"about":[{"href":"https:\/\/www.sellersunionagent.com\/pl\/wp-json\/wp\/v2\/types\/product"}],"replies":[{"embeddable":true,"href":"https:\/\/www.sellersunionagent.com\/pl\/wp-json\/wp\/v2\/comments?post=21737"}],"wp:featuredmedia":[{"embeddable":true,"href":"https:\/\/www.sellersunionagent.com\/pl\/wp-json\/wp\/v2\/media\/21738"}],"wp:attachment":[{"href":"https:\/\/www.sellersunionagent.com\/pl\/wp-json\/wp\/v2\/media?parent=21737"}],"wp:term":[{"taxonomy":"product_brand","embeddable":true,"href":"https:\/\/www.sellersunionagent.com\/pl\/wp-json\/wp\/v2\/product_brand?post=21737"},{"taxonomy":"product_cat","embeddable":true,"href":"https:\/\/www.sellersunionagent.com\/pl\/wp-json\/wp\/v2\/product_cat?post=21737"},{"taxonomy":"product_tag","embeddable":true,"href":"https:\/\/www.sellersunionagent.com\/pl\/wp-json\/wp\/v2\/product_tag?post=21737"}],"curies":[{"name":"wp","href":"https:\/\/api.w.org\/{rel}","templated":true}]}}