{"id":21692,"date":"2024-12-26T09:24:41","date_gmt":"2024-12-26T01:24:41","guid":{"rendered":"https:\/\/sellersunionagent.com\/?post_type=product&#038;p=21692"},"modified":"2025-11-28T10:47:19","modified_gmt":"2025-11-28T02:47:19","slug":"christmas-day-gift-bags-paper-bag-packaging","status":"publish","type":"product","link":"https:\/\/www.sellersunionagent.com\/pl\/christmas-day-gift-bags-paper-bag-packaging\/","title":{"rendered":"Christmas Day Gift Bags Paper Bag Packaging"},"content":{"rendered":"<h1>2025 Christmas Day Gift Bags Paper Bag Packaging<\/h1>\n<div class=\"elementor-element elementor-element-42815df elementor-widget elementor-widget-heading\" data-id=\"42815df\" data-element_type=\"widget\" data-widget_type=\"heading.default\">\n<div class=\"elementor-widget-container\"><\/div>\n<\/div>\n<div class=\"elementor-element elementor-element-c17fac7 elementor-widget elementor-widget-woocommerce-product-short-description\" data-id=\"c17fac7\" data-element_type=\"widget\" data-widget_type=\"woocommerce-product-short-description.default\">\n<div class=\"elementor-widget-container\">\n<div class=\"woocommerce-product-details__short-description\">\n<h3><\/h3>\n<h3><strong>Rozmiar elementu<\/strong>: 15*9.7*27CM<\/h3>\n<h3><strong>Kolory<\/strong>jak na zdj\u0119ciu<\/h3>\n<h3><strong>Material: 150g white kraft paper<\/strong><\/h3>\n<\/div>\n<\/div>\n<\/div>\n<p>&nbsp;<\/p>\n<ul>\n<li>\n<h4>design according to drawings<\/h4>\n<\/li>\n<li>\n<h4>Sturdy and durable<\/h4>\n<\/li>\n<li>\n<h4>Free sealing sticker<\/h4>\n<\/li>\n<\/ul>\n<p><img fetchpriority=\"high\" decoding=\"async\" class=\"size-full wp-image-21693\" title=\"\u4f01\u4e1a\u5fae\u4fe1\u622a\u56fe 17351757921651 2024122601232361\" src=\"https:\/\/www.sellersunionagent.com\/wp-content\/uploads\/2024\/12\/\u4f01\u4e1a\u5fae\u4fe1\u622a\u56fe_17351757921651-2024122601232361.webp\" alt=\"\u4f01\u4e1a\u5fae\u4fe1\u622a\u56fe 17351757921651 2024122601232361\" width=\"662\" height=\"663\" \/><\/p>\n<p><img decoding=\"async\" class=\"size-medium wp-image-21694\" title=\"\u4f01\u4e1a\u5fae\u4fe1\u622a\u56fe 17351758106005 2024122601232687\" src=\"https:\/\/www.sellersunionagent.com\/wp-content\/uploads\/2024\/12\/\u4f01\u4e1a\u5fae\u4fe1\u622a\u56fe_17351758106005-2024122601232687.webp\" alt=\"\u4f01\u4e1a\u5fae\u4fe1\u622a\u56fe 17351758106005 2024122601232687\" width=\"665\" height=\"666\" \/><\/p>\n<p><img decoding=\"async\" class=\"size-medium wp-image-21695\" title=\"\u4f01\u4e1a\u5fae\u4fe1\u622a\u56fe 17351758204241 2024122601232956\" src=\"https:\/\/www.sellersunionagent.com\/wp-content\/uploads\/2024\/12\/\u4f01\u4e1a\u5fae\u4fe1\u622a\u56fe_17351758204241-2024122601232956.webp\" alt=\"\u4f01\u4e1a\u5fae\u4fe1\u622a\u56fe 17351758204241 2024122601232956\" width=\"663\" height=\"662\" \/><\/p>\n<p><img loading=\"lazy\" decoding=\"async\" class=\"size-medium wp-image-21696\" title=\"\u4f01\u4e1a\u5fae\u4fe1\u622a\u56fe 17351758332102 2024122601233240\" src=\"https:\/\/www.sellersunionagent.com\/wp-content\/uploads\/2024\/12\/\u4f01\u4e1a\u5fae\u4fe1\u622a\u56fe_17351758332102-2024122601233240.webp\" alt=\"\u4f01\u4e1a\u5fae\u4fe1\u622a\u56fe 17351758332102 2024122601233240\" width=\"664\" height=\"663\" \/><\/p>\n<p><img loading=\"lazy\" decoding=\"async\" class=\"size-medium wp-image-21697\" title=\"\u4f01\u4e1a\u5fae\u4fe1\u622a\u56fe 17351759041821 2024122601233451\" src=\"https:\/\/www.sellersunionagent.com\/wp-content\/uploads\/2024\/12\/\u4f01\u4e1a\u5fae\u4fe1\u622a\u56fe_17351759041821-2024122601233451.webp\" alt=\"\u4f01\u4e1a\u5fae\u4fe1\u622a\u56fe 17351759041821 2024122601233451\" width=\"664\" height=\"503\" \/><\/p>\n<p><img loading=\"lazy\" decoding=\"async\" class=\"size-medium wp-image-21698\" title=\"\u4f01\u4e1a\u5fae\u4fe1\u622a\u56fe 17351759227360 2024122601233717\" src=\"https:\/\/www.sellersunionagent.com\/wp-content\/uploads\/2024\/12\/\u4f01\u4e1a\u5fae\u4fe1\u622a\u56fe_17351759227360-2024122601233717.webp\" alt=\"\u4f01\u4e1a\u5fae\u4fe1\u622a\u56fe 17351759227360 2024122601233717\" width=\"662\" height=\"510\" \/><\/p>\n<p><img loading=\"lazy\" decoding=\"async\" class=\"size-medium wp-image-21699\" title=\"\u4f01\u4e1a\u5fae\u4fe1\u622a\u56fe 1735175942289 2024122601234045\" src=\"https:\/\/www.sellersunionagent.com\/wp-content\/uploads\/2024\/12\/\u4f01\u4e1a\u5fae\u4fe1\u622a\u56fe_1735175942289-2024122601234045.webp\" alt=\"\u4f01\u4e1a\u5fae\u4fe1\u622a\u56fe 1735175942289 2024122601234045\" width=\"663\" height=\"498\" \/><\/p>\n<p><img loading=\"lazy\" decoding=\"async\" class=\"size-medium wp-image-21700\" title=\"\u4f01\u4e1a\u5fae\u4fe1\u622a\u56fe 17351759919571 2024122601234358\" src=\"https:\/\/www.sellersunionagent.com\/wp-content\/uploads\/2024\/12\/\u4f01\u4e1a\u5fae\u4fe1\u622a\u56fe_17351759919571-2024122601234358.webp\" alt=\"\u4f01\u4e1a\u5fae\u4fe1\u622a\u56fe 17351759919571 2024122601234358\" width=\"664\" height=\"473\" \/><\/p>","protected":false},"excerpt":{"rendered":"<p><strong>MOQ<\/strong>:  1000 szt.<br \/>\n<strong>Bezp\u0142atna pr\u00f3bka<\/strong>:  Obs\u0142ugiwane<br \/>\n<strong>Personalizacja<\/strong>logo \/ kolor \/ materia\u0142y \/ opakowanie itp.<br \/>\n<strong>Zni\u017cka<\/strong>:  Pierwsze zam\u00f3wienia ju\u017c od 10% taniej.<br \/>\n<strong>Wska\u017anik terminowo\u015bci dostaw<\/strong>:\u00a0 100%<br \/>\n<strong>Przesy\u0142ki og\u00f3\u0142em<\/strong>:  10000 szt.<br \/>\n<strong>Wysy\u0142ka<\/strong>: Fracht morski Fracht l\u0105dowy<\/p>","protected":false},"featured_media":21693,"comment_status":"open","ping_status":"closed","template":"","meta":{"_acf_changed":false},"product_brand":[],"product_cat":[235,322],"product_tag":[],"class_list":{"0":"post-21692","1":"product","2":"type-product","3":"status-publish","4":"has-post-thumbnail","6":"product_cat-christmas-decoration","7":"product_cat-christmas-gift","9":"first","10":"instock","11":"shipping-taxable","12":"product-type-simple","13":"swiper-slide"},"acf":[],"_links":{"self":[{"href":"https:\/\/www.sellersunionagent.com\/pl\/wp-json\/wp\/v2\/product\/21692","targetHints":{"allow":["GET"]}}],"collection":[{"href":"https:\/\/www.sellersunionagent.com\/pl\/wp-json\/wp\/v2\/product"}],"about":[{"href":"https:\/\/www.sellersunionagent.com\/pl\/wp-json\/wp\/v2\/types\/product"}],"replies":[{"embeddable":true,"href":"https:\/\/www.sellersunionagent.com\/pl\/wp-json\/wp\/v2\/comments?post=21692"}],"wp:featuredmedia":[{"embeddable":true,"href":"https:\/\/www.sellersunionagent.com\/pl\/wp-json\/wp\/v2\/media\/21693"}],"wp:attachment":[{"href":"https:\/\/www.sellersunionagent.com\/pl\/wp-json\/wp\/v2\/media?parent=21692"}],"wp:term":[{"taxonomy":"product_brand","embeddable":true,"href":"https:\/\/www.sellersunionagent.com\/pl\/wp-json\/wp\/v2\/product_brand?post=21692"},{"taxonomy":"product_cat","embeddable":true,"href":"https:\/\/www.sellersunionagent.com\/pl\/wp-json\/wp\/v2\/product_cat?post=21692"},{"taxonomy":"product_tag","embeddable":true,"href":"https:\/\/www.sellersunionagent.com\/pl\/wp-json\/wp\/v2\/product_tag?post=21692"}],"curies":[{"name":"wp","href":"https:\/\/api.w.org\/{rel}","templated":true}]}}