{"id":21632,"date":"2024-12-10T14:35:44","date_gmt":"2024-12-10T06:35:44","guid":{"rendered":"https:\/\/sellersunionagent.com\/?post_type=product&#038;p=21632"},"modified":"2025-11-28T10:52:59","modified_gmt":"2025-11-28T02:52:59","slug":"christmas-santa-claus-shaped-coin-bank","status":"publish","type":"product","link":"https:\/\/www.sellersunionagent.com\/pl\/christmas-santa-claus-shaped-coin-bank\/","title":{"rendered":"Christmas Santa Claus Shaped Coin Bank"},"content":{"rendered":"<h1>2025 \u015awi\u0105teczny bank monet w kszta\u0142cie \u015awi\u0119tego Miko\u0142aja<\/h1>\n<div class=\"elementor-element elementor-element-42815df elementor-widget elementor-widget-heading\" data-id=\"42815df\" data-element_type=\"widget\" data-widget_type=\"heading.default\">\n<div class=\"elementor-widget-container\"><\/div>\n<\/div>\n<div class=\"elementor-element elementor-element-c17fac7 elementor-widget elementor-widget-woocommerce-product-short-description\" data-id=\"c17fac7\" data-element_type=\"widget\" data-widget_type=\"woocommerce-product-short-description.default\">\n<div class=\"elementor-widget-container\">\n<div class=\"woocommerce-product-details__short-description\">\n<h3><strong>Rozmiar elementu<\/strong>20*16*27CM<\/h3>\n<h3>Kolor: jak na zdj\u0119ciu<\/h3>\n<h3><strong>Materia\u0142: \u017cywica<\/strong><\/h3>\n<\/div>\n<\/div>\n<\/div>\n<p>&nbsp;<\/p>\n<ul>\n<li>\n<h3>nowo\u015b\u0107<\/h3>\n<\/li>\n<li>\n<h3>Bank monet<\/h3>\n<\/li>\n<li>\n<h3>Ozdoby dla lalek<\/h3>\n<\/li>\n<\/ul>\n<p><img fetchpriority=\"high\" decoding=\"async\" class=\"size-full wp-image-21634\" title=\"\u4f01\u4e1a\u5fae\u4fe1\u622a\u56fe 17338121131972 2024121006322927\" src=\"https:\/\/www.sellersunionagent.com\/wp-content\/uploads\/2024\/12\/\u4f01\u4e1a\u5fae\u4fe1\u622a\u56fe_17338121131972-2024121006322927.webp\" alt=\"\u4f01\u4e1a\u5fae\u4fe1\u622a\u56fe 17338121131972 2024121006322927\" width=\"661\" height=\"606\" \/><\/p>\n<p><img decoding=\"async\" class=\"size-medium wp-image-21635\" title=\"\u4f01\u4e1a\u5fae\u4fe1\u622a\u56fe 17338121263105 2024121006323465\" src=\"https:\/\/www.sellersunionagent.com\/wp-content\/uploads\/2024\/12\/\u4f01\u4e1a\u5fae\u4fe1\u622a\u56fe_17338121263105-2024121006323465.webp\" alt=\"\u4f01\u4e1a\u5fae\u4fe1\u622a\u56fe 17338121263105 2024121006323465\" width=\"665\" height=\"610\" \/><\/p>\n<p><img decoding=\"async\" class=\"size-medium wp-image-21636\" title=\"\u4f01\u4e1a\u5fae\u4fe1\u622a\u56fe 17338121363915 2024121006324063\" src=\"https:\/\/www.sellersunionagent.com\/wp-content\/uploads\/2024\/12\/\u4f01\u4e1a\u5fae\u4fe1\u622a\u56fe_17338121363915-2024121006324063.webp\" alt=\"\u4f01\u4e1a\u5fae\u4fe1\u622a\u56fe 17338121363915 2024121006324063\" width=\"663\" height=\"610\" \/><\/p>\n<p><img loading=\"lazy\" decoding=\"async\" class=\"size-medium wp-image-21637\" title=\"\u4f01\u4e1a\u5fae\u4fe1\u622a\u56fe 17338121457192 2024121006324575\" src=\"https:\/\/www.sellersunionagent.com\/wp-content\/uploads\/2024\/12\/\u4f01\u4e1a\u5fae\u4fe1\u622a\u56fe_17338121457192-2024121006324575.webp\" alt=\"\u4f01\u4e1a\u5fae\u4fe1\u622a\u56fe 17338121457192 2024121006324575\" width=\"666\" height=\"609\" \/><\/p>\n<p><img loading=\"lazy\" decoding=\"async\" class=\"size-medium wp-image-21638\" title=\"\u4f01\u4e1a\u5fae\u4fe1\u622a\u56fe 17338121577154 2024121006325194\" src=\"https:\/\/www.sellersunionagent.com\/wp-content\/uploads\/2024\/12\/\u4f01\u4e1a\u5fae\u4fe1\u622a\u56fe_17338121577154-2024121006325194.webp\" alt=\"\u4f01\u4e1a\u5fae\u4fe1\u622a\u56fe 17338121577154 2024121006325194\" width=\"666\" height=\"608\" \/><\/p>\n<p><img loading=\"lazy\" decoding=\"async\" class=\"size-medium wp-image-21639\" title=\"\u4f01\u4e1a\u5fae\u4fe1\u622a\u56fe 17338121673985 2024121006325679\" src=\"https:\/\/www.sellersunionagent.com\/wp-content\/uploads\/2024\/12\/\u4f01\u4e1a\u5fae\u4fe1\u622a\u56fe_17338121673985-2024121006325679.webp\" alt=\"\u4f01\u4e1a\u5fae\u4fe1\u622a\u56fe 17338121673985 2024121006325679\" width=\"663\" height=\"608\" \/><\/p>\n<p><img loading=\"lazy\" decoding=\"async\" class=\"size-medium wp-image-21640\" title=\"\u4f01\u4e1a\u5fae\u4fe1\u622a\u56fe 17338121754204 2024121006330185\" src=\"https:\/\/www.sellersunionagent.com\/wp-content\/uploads\/2024\/12\/\u4f01\u4e1a\u5fae\u4fe1\u622a\u56fe_17338121754204-2024121006330185.webp\" alt=\"\u4f01\u4e1a\u5fae\u4fe1\u622a\u56fe 17338121754204 2024121006330185\" width=\"665\" height=\"610\" \/><\/p>\n<p><img loading=\"lazy\" decoding=\"async\" class=\"size-medium wp-image-21641\" title=\"\u4f01\u4e1a\u5fae\u4fe1\u622a\u56fe 17338121858598 2024121006330790\" src=\"https:\/\/www.sellersunionagent.com\/wp-content\/uploads\/2024\/12\/\u4f01\u4e1a\u5fae\u4fe1\u622a\u56fe_17338121858598-2024121006330790.webp\" alt=\"\u4f01\u4e1a\u5fae\u4fe1\u622a\u56fe 17338121858598 2024121006330790\" width=\"663\" height=\"609\" \/><\/p>","protected":false},"excerpt":{"rendered":"<p><strong>MOQ<\/strong>:  1000 szt.<br \/>\n<strong>Bezp\u0142atna pr\u00f3bka<\/strong>:  Obs\u0142ugiwane<br \/>\n<strong>Personalizacja<\/strong>logo \/ kolor \/ materia\u0142y \/ opakowanie itp.<br \/>\n<strong>Zni\u017cka<\/strong>:  Pierwsze zam\u00f3wienia ju\u017c od 10% taniej.<br \/>\n<strong>Wska\u017anik terminowo\u015bci dostaw<\/strong>:\u00a0 100%<br \/>\n<strong>Przesy\u0142ki og\u00f3\u0142em<\/strong>:  10000 szt.<br \/>\n<strong>Wysy\u0142ka<\/strong>: Fracht morski Fracht l\u0105dowy<\/p>","protected":false},"featured_media":21634,"comment_status":"open","ping_status":"closed","template":"","meta":{"_acf_changed":false},"product_brand":[],"product_cat":[235,321],"product_tag":[],"class_list":{"0":"post-21632","1":"product","2":"type-product","3":"status-publish","4":"has-post-thumbnail","6":"product_cat-christmas-decoration","7":"product_cat-christmas-figurines","9":"first","10":"instock","11":"shipping-taxable","12":"product-type-simple","13":"swiper-slide"},"acf":[],"_links":{"self":[{"href":"https:\/\/www.sellersunionagent.com\/pl\/wp-json\/wp\/v2\/product\/21632","targetHints":{"allow":["GET"]}}],"collection":[{"href":"https:\/\/www.sellersunionagent.com\/pl\/wp-json\/wp\/v2\/product"}],"about":[{"href":"https:\/\/www.sellersunionagent.com\/pl\/wp-json\/wp\/v2\/types\/product"}],"replies":[{"embeddable":true,"href":"https:\/\/www.sellersunionagent.com\/pl\/wp-json\/wp\/v2\/comments?post=21632"}],"wp:featuredmedia":[{"embeddable":true,"href":"https:\/\/www.sellersunionagent.com\/pl\/wp-json\/wp\/v2\/media\/21634"}],"wp:attachment":[{"href":"https:\/\/www.sellersunionagent.com\/pl\/wp-json\/wp\/v2\/media?parent=21632"}],"wp:term":[{"taxonomy":"product_brand","embeddable":true,"href":"https:\/\/www.sellersunionagent.com\/pl\/wp-json\/wp\/v2\/product_brand?post=21632"},{"taxonomy":"product_cat","embeddable":true,"href":"https:\/\/www.sellersunionagent.com\/pl\/wp-json\/wp\/v2\/product_cat?post=21632"},{"taxonomy":"product_tag","embeddable":true,"href":"https:\/\/www.sellersunionagent.com\/pl\/wp-json\/wp\/v2\/product_tag?post=21632"}],"curies":[{"name":"wp","href":"https:\/\/api.w.org\/{rel}","templated":true}]}}