{"id":21447,"date":"2024-11-27T18:29:19","date_gmt":"2024-11-27T10:29:19","guid":{"rendered":"https:\/\/sellersunionagent.com\/?post_type=product&#038;p=21447"},"modified":"2025-11-28T10:49:50","modified_gmt":"2025-11-28T02:49:50","slug":"christmas-christmas-tree-window-decoration-window-sticker-decoration","status":"publish","type":"product","link":"https:\/\/www.sellersunionagent.com\/pl\/christmas-christmas-tree-window-decoration-window-sticker-decoration\/","title":{"rendered":"Christmas Christmas Tree Window Decoration Window Sticker Decoration"},"content":{"rendered":"<h1>2025 Choinka bo\u017conarodzeniowa Dekoracja okna Naklejka na okno Dekoracja<\/h1>\n<div class=\"elementor-element elementor-element-42815df elementor-widget elementor-widget-heading\" data-id=\"42815df\" data-element_type=\"widget\" data-widget_type=\"heading.default\">\n<div class=\"elementor-widget-container\"><\/div>\n<\/div>\n<div class=\"elementor-element elementor-element-c17fac7 elementor-widget elementor-widget-woocommerce-product-short-description\" data-id=\"c17fac7\" data-element_type=\"widget\" data-widget_type=\"woocommerce-product-short-description.default\">\n<div class=\"elementor-widget-container\">\n<div class=\"woocommerce-product-details__short-description\">\n<h3>Rozmiar: 30*70 cm<\/h3>\n<h3><strong>Kolory<\/strong>jak na zdj\u0119ciu<\/h3>\n<h3><strong>Materia\u0142: <\/strong>PVC<\/h3>\n<\/div>\n<\/div>\n<\/div>\n<p>&nbsp;<\/p>\n<ul>\n<li>\n<h4>no-punch<\/h4>\n<\/li>\n<li>\n<h4>\u0142atwe u\u017cytkowanie<\/h4>\n<\/li>\n<li>\n<h4>Aplikacja dla wielu scenariuszy<\/h4>\n<\/li>\n<\/ul>\n<p><img fetchpriority=\"high\" decoding=\"async\" class=\"size-full wp-image-21448\" title=\"\u4f01\u4e1a\u5fae\u4fe1\u622a\u56fe 17327030371792 2024112710281510\" src=\"https:\/\/www.sellersunionagent.com\/wp-content\/uploads\/2024\/11\/\u4f01\u4e1a\u5fae\u4fe1\u622a\u56fe_17327030371792-2024112710281510.webp\" alt=\"\u4f01\u4e1a\u5fae\u4fe1\u622a\u56fe 17327030371792 2024112710281510\" width=\"665\" height=\"658\" \/><\/p>\n<p><img decoding=\"async\" class=\"size-medium wp-image-21449\" title=\"\u4f01\u4e1a\u5fae\u4fe1\u622a\u56fe 17327030465696 2024112710281837\" src=\"https:\/\/www.sellersunionagent.com\/wp-content\/uploads\/2024\/11\/\u4f01\u4e1a\u5fae\u4fe1\u622a\u56fe_17327030465696-2024112710281837.webp\" alt=\"\u4f01\u4e1a\u5fae\u4fe1\u622a\u56fe 17327030465696 2024112710281837\" width=\"660\" height=\"656\" \/><\/p>\n<p><img decoding=\"async\" class=\"size-medium wp-image-21450\" title=\"\u4f01\u4e1a\u5fae\u4fe1\u622a\u56fe 17327030544024 2024112710282118\" src=\"https:\/\/www.sellersunionagent.com\/wp-content\/uploads\/2024\/11\/\u4f01\u4e1a\u5fae\u4fe1\u622a\u56fe_17327030544024-2024112710282118.webp\" alt=\"\u4f01\u4e1a\u5fae\u4fe1\u622a\u56fe 17327030544024 2024112710282118\" width=\"662\" height=\"663\" \/><\/p>\n<p><img loading=\"lazy\" decoding=\"async\" class=\"size-medium wp-image-21451\" title=\"\u4f01\u4e1a\u5fae\u4fe1\u622a\u56fe 17327030638804 2024112710282447\" src=\"https:\/\/www.sellersunionagent.com\/wp-content\/uploads\/2024\/11\/\u4f01\u4e1a\u5fae\u4fe1\u622a\u56fe_17327030638804-2024112710282447.webp\" alt=\"\u4f01\u4e1a\u5fae\u4fe1\u622a\u56fe 17327030638804 2024112710282447\" width=\"662\" height=\"659\" \/><\/p>\n<p><img loading=\"lazy\" decoding=\"async\" class=\"size-medium wp-image-21452\" title=\"\u4f01\u4e1a\u5fae\u4fe1\u622a\u56fe 17327030719749 2024112710282739\" src=\"https:\/\/www.sellersunionagent.com\/wp-content\/uploads\/2024\/11\/\u4f01\u4e1a\u5fae\u4fe1\u622a\u56fe_17327030719749-2024112710282739.webp\" alt=\"\u4f01\u4e1a\u5fae\u4fe1\u622a\u56fe 17327030719749 2024112710282739\" width=\"667\" height=\"663\" \/><\/p>\n<p><img loading=\"lazy\" decoding=\"async\" class=\"size-medium wp-image-21453\" title=\"\u4f01\u4e1a\u5fae\u4fe1\u622a\u56fe 17327030807555 2024112710283074\" src=\"https:\/\/www.sellersunionagent.com\/wp-content\/uploads\/2024\/11\/\u4f01\u4e1a\u5fae\u4fe1\u622a\u56fe_17327030807555-2024112710283074.webp\" alt=\"\u4f01\u4e1a\u5fae\u4fe1\u622a\u56fe 17327030807555 2024112710283074\" width=\"663\" height=\"662\" \/><\/p>","protected":false},"excerpt":{"rendered":"<p><strong>MOQ<\/strong>:  1000 szt.<br \/>\n<strong>Bezp\u0142atna pr\u00f3bka<\/strong>:  Obs\u0142ugiwane<br \/>\n<strong>Personalizacja<\/strong>logo \/ kolor \/ materia\u0142y \/ opakowanie itp.<br \/>\n<strong>Zni\u017cka<\/strong>:  Pierwsze zam\u00f3wienia ju\u017c od 10% taniej.<br \/>\n<strong>Wska\u017anik terminowo\u015bci dostaw<\/strong>:\u00a0 100%<br \/>\n<strong>Przesy\u0142ki og\u00f3\u0142em<\/strong>:  10000 szt.<br \/>\n<strong>Wysy\u0142ka<\/strong>: Fracht morski Fracht l\u0105dowy<\/p>","protected":false},"featured_media":21448,"comment_status":"open","ping_status":"closed","template":"","meta":{"_acf_changed":false},"product_brand":[],"product_cat":[235],"product_tag":[],"class_list":{"0":"post-21447","1":"product","2":"type-product","3":"status-publish","4":"has-post-thumbnail","6":"product_cat-christmas-decoration","8":"first","9":"instock","10":"shipping-taxable","11":"product-type-simple","12":"swiper-slide"},"acf":[],"_links":{"self":[{"href":"https:\/\/www.sellersunionagent.com\/pl\/wp-json\/wp\/v2\/product\/21447","targetHints":{"allow":["GET"]}}],"collection":[{"href":"https:\/\/www.sellersunionagent.com\/pl\/wp-json\/wp\/v2\/product"}],"about":[{"href":"https:\/\/www.sellersunionagent.com\/pl\/wp-json\/wp\/v2\/types\/product"}],"replies":[{"embeddable":true,"href":"https:\/\/www.sellersunionagent.com\/pl\/wp-json\/wp\/v2\/comments?post=21447"}],"wp:featuredmedia":[{"embeddable":true,"href":"https:\/\/www.sellersunionagent.com\/pl\/wp-json\/wp\/v2\/media\/21448"}],"wp:attachment":[{"href":"https:\/\/www.sellersunionagent.com\/pl\/wp-json\/wp\/v2\/media?parent=21447"}],"wp:term":[{"taxonomy":"product_brand","embeddable":true,"href":"https:\/\/www.sellersunionagent.com\/pl\/wp-json\/wp\/v2\/product_brand?post=21447"},{"taxonomy":"product_cat","embeddable":true,"href":"https:\/\/www.sellersunionagent.com\/pl\/wp-json\/wp\/v2\/product_cat?post=21447"},{"taxonomy":"product_tag","embeddable":true,"href":"https:\/\/www.sellersunionagent.com\/pl\/wp-json\/wp\/v2\/product_tag?post=21447"}],"curies":[{"name":"wp","href":"https:\/\/api.w.org\/{rel}","templated":true}]}}