{"id":21435,"date":"2024-11-27T18:23:00","date_gmt":"2024-11-27T10:23:00","guid":{"rendered":"https:\/\/sellersunionagent.com\/?post_type=product&#038;p=21435"},"modified":"2025-11-28T10:49:41","modified_gmt":"2025-11-28T02:49:41","slug":"christmas-led-elements-mixed-iron-decorative-lights","status":"publish","type":"product","link":"https:\/\/www.sellersunionagent.com\/pl\/christmas-led-elements-mixed-iron-decorative-lights\/","title":{"rendered":"Christmas LED Elements Mixed Iron Decorative Lights"},"content":{"rendered":"<h1>2025 \u015bwi\u0105tecznych lampek dekoracyjnych LED Elements Mixed Iron<\/h1>\n<div class=\"elementor-element elementor-element-42815df elementor-widget elementor-widget-heading\" data-id=\"42815df\" data-element_type=\"widget\" data-widget_type=\"heading.default\">\n<div class=\"elementor-widget-container\"><\/div>\n<\/div>\n<div class=\"elementor-element elementor-element-c17fac7 elementor-widget elementor-widget-woocommerce-product-short-description\" data-id=\"c17fac7\" data-element_type=\"widget\" data-widget_type=\"woocommerce-product-short-description.default\">\n<div class=\"elementor-widget-container\">\n<div class=\"woocommerce-product-details__short-description\">\n<h3>Battery: 3*#7 batteries<\/h3>\n<h3><strong>Kolory<\/strong>: warm light<\/h3>\n<h3><strong>Material: iron<\/strong><\/h3>\n<\/div>\n<\/div>\n<\/div>\n<p>&nbsp;<\/p>\n<ul>\n<li>\n<h4>no-punch<\/h4>\n<\/li>\n<li>\n<h4>Simulated print design<\/h4>\n<\/li>\n<li>\n<h4>sandwich design<\/h4>\n<\/li>\n<\/ul>\n<p>&nbsp;<\/p>\n<p><img fetchpriority=\"high\" decoding=\"async\" class=\"size-full wp-image-21446\" title=\"\u4f01\u4e1a\u5fae\u4fe1\u622a\u56fe 17327026563109 2024112710205936\" src=\"https:\/\/www.sellersunionagent.com\/wp-content\/uploads\/2024\/11\/\u4f01\u4e1a\u5fae\u4fe1\u622a\u56fe_17327026563109-2024112710205936.webp\" alt=\"\u4f01\u4e1a\u5fae\u4fe1\u622a\u56fe 17327026563109 2024112710205936\" width=\"489\" height=\"493\" \/><\/p>\n<p><img decoding=\"async\" class=\"size-medium wp-image-21445\" title=\"\u4f01\u4e1a\u5fae\u4fe1\u622a\u56fe 173270264860 2024112710205631\" src=\"https:\/\/www.sellersunionagent.com\/wp-content\/uploads\/2024\/11\/\u4f01\u4e1a\u5fae\u4fe1\u622a\u56fe_173270264860-2024112710205631.webp\" alt=\"\u4f01\u4e1a\u5fae\u4fe1\u622a\u56fe 173270264860 2024112710205631\" width=\"490\" height=\"491\" \/><\/p>\n<p><img decoding=\"async\" class=\"size-medium wp-image-21444\" title=\"\u4f01\u4e1a\u5fae\u4fe1\u622a\u56fe 17327026392680 2024112710205358\" src=\"https:\/\/www.sellersunionagent.com\/wp-content\/uploads\/2024\/11\/\u4f01\u4e1a\u5fae\u4fe1\u622a\u56fe_17327026392680-2024112710205358.webp\" alt=\"\u4f01\u4e1a\u5fae\u4fe1\u622a\u56fe 17327026392680 2024112710205358\" width=\"492\" height=\"493\" \/><\/p>\n<p><img loading=\"lazy\" decoding=\"async\" class=\"size-medium wp-image-21443\" title=\"\u4f01\u4e1a\u5fae\u4fe1\u622a\u56fe 17327026327583 2024112710204996\" src=\"https:\/\/www.sellersunionagent.com\/wp-content\/uploads\/2024\/11\/\u4f01\u4e1a\u5fae\u4fe1\u622a\u56fe_17327026327583-2024112710204996.webp\" alt=\"\u4f01\u4e1a\u5fae\u4fe1\u622a\u56fe 17327026327583 2024112710204996\" width=\"491\" height=\"491\" \/><\/p>\n<p><img loading=\"lazy\" decoding=\"async\" class=\"size-medium wp-image-21442\" title=\"\u4f01\u4e1a\u5fae\u4fe1\u622a\u56fe 17327026225410 2024112710204687\" src=\"https:\/\/www.sellersunionagent.com\/wp-content\/uploads\/2024\/11\/\u4f01\u4e1a\u5fae\u4fe1\u622a\u56fe_17327026225410-2024112710204687.webp\" alt=\"\u4f01\u4e1a\u5fae\u4fe1\u622a\u56fe 17327026225410 2024112710204687\" width=\"488\" height=\"492\" \/><\/p>\n<p><img loading=\"lazy\" decoding=\"async\" class=\"size-medium wp-image-21441\" title=\"\u4f01\u4e1a\u5fae\u4fe1\u622a\u56fe 17327026136231 2024112710204383\" src=\"https:\/\/www.sellersunionagent.com\/wp-content\/uploads\/2024\/11\/\u4f01\u4e1a\u5fae\u4fe1\u622a\u56fe_17327026136231-2024112710204383.webp\" alt=\"\u4f01\u4e1a\u5fae\u4fe1\u622a\u56fe 17327026136231 2024112710204383\" width=\"489\" height=\"493\" \/><\/p>\n<p><img loading=\"lazy\" decoding=\"async\" class=\"size-medium wp-image-21440\" title=\"\u4f01\u4e1a\u5fae\u4fe1\u622a\u56fe 17327026029066 2024112710204044\" src=\"https:\/\/www.sellersunionagent.com\/wp-content\/uploads\/2024\/11\/\u4f01\u4e1a\u5fae\u4fe1\u622a\u56fe_17327026029066-2024112710204044.webp\" alt=\"\u4f01\u4e1a\u5fae\u4fe1\u622a\u56fe 17327026029066 2024112710204044\" width=\"489\" height=\"495\" \/><\/p>\n<p><img loading=\"lazy\" decoding=\"async\" class=\"size-medium wp-image-21439\" title=\"\u4f01\u4e1a\u5fae\u4fe1\u622a\u56fe 1732702586884 2024112710203686\" src=\"https:\/\/www.sellersunionagent.com\/wp-content\/uploads\/2024\/11\/\u4f01\u4e1a\u5fae\u4fe1\u622a\u56fe_1732702586884-2024112710203686.webp\" alt=\"\u4f01\u4e1a\u5fae\u4fe1\u622a\u56fe 1732702586884 2024112710203686\" width=\"495\" height=\"491\" \/><\/p>\n<p><img loading=\"lazy\" decoding=\"async\" class=\"size-medium wp-image-21438\" title=\"\u4f01\u4e1a\u5fae\u4fe1\u622a\u56fe 1732702578754 2024112710203435\" src=\"https:\/\/www.sellersunionagent.com\/wp-content\/uploads\/2024\/11\/\u4f01\u4e1a\u5fae\u4fe1\u622a\u56fe_1732702578754-2024112710203435.webp\" alt=\"\u4f01\u4e1a\u5fae\u4fe1\u622a\u56fe 1732702578754 2024112710203435\" width=\"493\" height=\"494\" \/><\/p>\n<p><img loading=\"lazy\" decoding=\"async\" class=\"size-full wp-image-21437\" title=\"\u4f01\u4e1a\u5fae\u4fe1\u622a\u56fe 17327025622609 2024112710203153\" src=\"https:\/\/www.sellersunionagent.com\/wp-content\/uploads\/2024\/11\/\u4f01\u4e1a\u5fae\u4fe1\u622a\u56fe_17327025622609-2024112710203153.webp\" alt=\"\u4f01\u4e1a\u5fae\u4fe1\u622a\u56fe 17327025622609 2024112710203153\" width=\"492\" height=\"493\" \/><\/p>","protected":false},"excerpt":{"rendered":"<p><strong>MOQ<\/strong>:  1000 szt.<br \/>\n<strong>Bezp\u0142atna pr\u00f3bka<\/strong>:  Obs\u0142ugiwane<br \/>\n<strong>Personalizacja<\/strong>logo \/ kolor \/ materia\u0142y \/ opakowanie itp.<br \/>\n<strong>Zni\u017cka<\/strong>:  Pierwsze zam\u00f3wienia ju\u017c od 10% taniej.<br \/>\n<strong>Wska\u017anik terminowo\u015bci dostaw<\/strong>:\u00a0 100%<br \/>\n<strong>Przesy\u0142ki og\u00f3\u0142em<\/strong>:  10000 szt.<br \/>\n<strong>Wysy\u0142ka<\/strong>: Fracht morski Fracht l\u0105dowy<\/p>","protected":false},"featured_media":21437,"comment_status":"open","ping_status":"closed","template":"","meta":{"_acf_changed":false},"product_brand":[],"product_cat":[235,319],"product_tag":[],"class_list":{"0":"post-21435","1":"product","2":"type-product","3":"status-publish","4":"has-post-thumbnail","6":"product_cat-christmas-decoration","7":"product_cat-christmas-lighting","9":"first","10":"instock","11":"shipping-taxable","12":"product-type-simple","13":"swiper-slide"},"acf":[],"_links":{"self":[{"href":"https:\/\/www.sellersunionagent.com\/pl\/wp-json\/wp\/v2\/product\/21435","targetHints":{"allow":["GET"]}}],"collection":[{"href":"https:\/\/www.sellersunionagent.com\/pl\/wp-json\/wp\/v2\/product"}],"about":[{"href":"https:\/\/www.sellersunionagent.com\/pl\/wp-json\/wp\/v2\/types\/product"}],"replies":[{"embeddable":true,"href":"https:\/\/www.sellersunionagent.com\/pl\/wp-json\/wp\/v2\/comments?post=21435"}],"wp:featuredmedia":[{"embeddable":true,"href":"https:\/\/www.sellersunionagent.com\/pl\/wp-json\/wp\/v2\/media\/21437"}],"wp:attachment":[{"href":"https:\/\/www.sellersunionagent.com\/pl\/wp-json\/wp\/v2\/media?parent=21435"}],"wp:term":[{"taxonomy":"product_brand","embeddable":true,"href":"https:\/\/www.sellersunionagent.com\/pl\/wp-json\/wp\/v2\/product_brand?post=21435"},{"taxonomy":"product_cat","embeddable":true,"href":"https:\/\/www.sellersunionagent.com\/pl\/wp-json\/wp\/v2\/product_cat?post=21435"},{"taxonomy":"product_tag","embeddable":true,"href":"https:\/\/www.sellersunionagent.com\/pl\/wp-json\/wp\/v2\/product_tag?post=21435"}],"curies":[{"name":"wp","href":"https:\/\/api.w.org\/{rel}","templated":true}]}}